{"id":92,"date":"2017-12-05T06:40:41","date_gmt":"2017-12-05T06:40:41","guid":{"rendered":"https:\/\/hidesdeltietar.com\/?page_id=92"},"modified":"2026-03-30T20:16:05","modified_gmt":"2026-03-30T20:16:05","slug":"info-general-2","status":"publish","type":"page","link":"https:\/\/hidesdeltietar.com\/en\/info-general-2\/","title":{"rendered":"General Info"},"content":{"rendered":"<h3>\u00a0<\/h3>\n<h1 style=\"text-align: center;\">Hides fotogt\u00e1ficos<\/h1>\n<h1 data-section-id=\"17kicsp\" data-start=\"187\" data-end=\"227\">INFORMACI\u00d3N GENERAL \u2013 HIDES DEL TI\u00c9TAR<\/h1>\n<h2 data-section-id=\"t23prm\" data-start=\"229\" data-end=\"264\">Qu\u00e9 puedes esperar de una sesi\u00f3n<\/h2>\n<p data-start=\"266\" data-end=\"374\">En Hides del Ti\u00e9tar no vienes solo a ver fauna.<br data-start=\"313\" data-end=\"316\" \/>Vienes a hacer fotograf\u00edas que realmente merezcan la pena.<\/p>\n<p data-start=\"376\" data-end=\"525\">Cada hide se trabaja con un objetivo claro: maximizar las oportunidades reales de fotograf\u00eda, siempre dentro de los l\u00edmites de la naturaleza salvaje.<\/p>\n<p data-start=\"527\" data-end=\"540\">Esto implica:<\/p>\n<ul data-start=\"541\" data-end=\"692\">\n<li data-section-id=\"1gxf89q\" data-start=\"541\" data-end=\"593\">Posaderos seleccionados con criterio fotogr\u00e1fico<\/li>\n<li data-section-id=\"16q4a9c\" data-start=\"594\" data-end=\"632\">Fondos limpios y sin distracciones<\/li>\n<li data-section-id=\"1j3dkum\" data-start=\"633\" data-end=\"692\">Trabajo previo con cada especie durante semanas o meses<\/li>\n<\/ul>\n<p data-start=\"694\" data-end=\"778\">No se trata de ver animales, sino de crear las condiciones para fotografiarlos bien.<\/p>\n<hr data-start=\"780\" data-end=\"783\" \/>\n<h2 data-section-id=\"pa85pb\" data-start=\"785\" data-end=\"808\">Filosof\u00eda de trabajo<\/h2>\n<p data-start=\"810\" data-end=\"853\">Hay una idea muy clara detr\u00e1s de todo esto:<\/p>\n<p data-start=\"855\" data-end=\"904\">Si una especie no est\u00e1 funcionando, no se ofrece.<\/p>\n<p data-start=\"906\" data-end=\"970\">Preferimos parar un hide antes que generar una mala experiencia.<\/p>\n<p data-start=\"972\" data-end=\"1099\">Porque lo importante no es hacer la sesi\u00f3n, sino que te vayas con resultados y con la sensaci\u00f3n de haber aprovechado el tiempo.<\/p>\n<hr data-start=\"1101\" data-end=\"1104\" \/>\n<h2 data-section-id=\"ofjk74\" data-start=\"1106\" data-end=\"1127\">Especies y entorno<\/h2>\n<p data-start=\"1129\" data-end=\"1233\">Trabajamos en un entorno de dehesa y ribera en el valle del Ti\u00e9tar, con una alta diversidad de especies.<\/p>\n<p data-start=\"1235\" data-end=\"1265\">Algunas de las m\u00e1s habituales:<\/p>\n<ul data-start=\"1266\" data-end=\"1348\">\n<li data-section-id=\"1adjs0z\" data-start=\"1266\" data-end=\"1293\">\u00c1guila imperial ib\u00e9rica<\/li>\n<li data-section-id=\"njl4e4\" data-start=\"1294\" data-end=\"1313\">Kingfisher<\/li>\n<li data-section-id=\"3oe151\" data-start=\"1314\" data-end=\"1334\">Little owl european<\/li>\n<li data-section-id=\"9c5f7y\" data-start=\"1335\" data-end=\"1348\">Bee-eater<\/li>\n<\/ul>\n<p data-start=\"1350\" data-end=\"1430\">Tambi\u00e9n pueden aparecer otras especies en funci\u00f3n de la \u00e9poca y las condiciones.<\/p>\n<p data-start=\"1432\" data-end=\"1508\">De forma continua se incorporan nuevas opciones en base a resultados reales.<\/p>\n<hr data-start=\"1510\" data-end=\"1513\" \/>\n<h2 data-section-id=\"10kpswp\" data-start=\"1515\" data-end=\"1553\">Sobre el comportamiento de la fauna<\/h2>\n<p data-start=\"1555\" data-end=\"1585\">Es importante tener en cuenta:<\/p>\n<ul data-start=\"1587\" data-end=\"1708\">\n<li data-section-id=\"2wsutb\" data-start=\"1587\" data-end=\"1612\">Son animales salvajes<\/li>\n<li data-section-id=\"1vvtbqq\" data-start=\"1613\" data-end=\"1660\">No se puede garantizar al 100% su aparici\u00f3n<\/li>\n<li data-section-id=\"1gvs99d\" data-start=\"1661\" data-end=\"1708\">Tampoco el momento ni el n\u00famero de entradas<\/li>\n<\/ul>\n<p data-start=\"1710\" data-end=\"1801\">Lo que s\u00ed se puede garantizar es trabajo, criterio y honestidad en la gesti\u00f3n de cada hide.<\/p>\n<hr data-start=\"1803\" data-end=\"1806\" \/>\n<h2 data-section-id=\"1nfuk7h\" data-start=\"1808\" data-end=\"1833\">Pol\u00edtica de repetici\u00f3n<\/h2>\n<p data-start=\"1835\" data-end=\"1877\">Si una especie no entra durante la sesi\u00f3n:<\/p>\n<ul data-start=\"1879\" data-end=\"1971\">\n<li data-section-id=\"1ad3i29\" data-start=\"1879\" data-end=\"1927\">Se puede repetir una vez sin coste adicional<\/li>\n<li data-section-id=\"zj46gk\" data-start=\"1928\" data-end=\"1971\">Si vuelve a fallar, no se paga de nuevo<\/li>\n<\/ul>\n<p data-start=\"1973\" data-end=\"2070\">En el caso del lince, existen condiciones espec\u00edficas que se explican en su hide correspondiente.<\/p>\n<p data-start=\"2072\" data-end=\"2163\">El compromiso es claro: si la sesi\u00f3n no ha estado a la altura, se busca una soluci\u00f3n justa.<\/p>\n<hr data-start=\"2165\" data-end=\"2168\" \/>\n<h2 data-section-id=\"1ah1xd4\" data-start=\"2170\" data-end=\"2197\">Normas durante la sesi\u00f3n<\/h2>\n<p data-start=\"2199\" data-end=\"2313\">Las normas existen para no alterar el comportamiento de la fauna y garantizar el correcto funcionamiento del hide.<\/p>\n<p data-start=\"2315\" data-end=\"2331\">Por este motivo:<\/p>\n<ul data-start=\"2332\" data-end=\"2494\">\n<li data-section-id=\"16jc39z\" data-start=\"2332\" data-end=\"2380\">No se puede salir del hide durante la sesi\u00f3n<\/li>\n<li data-section-id=\"vrfj0n\" data-start=\"2381\" data-end=\"2415\">Es necesario mantener silencio<\/li>\n<li data-section-id=\"1mmjep1\" data-start=\"2416\" data-end=\"2462\">No est\u00e1 permitido el uso de luces ni flash<\/li>\n<li data-section-id=\"iiicpo\" data-start=\"2463\" data-end=\"2494\">Se recomienda ropa discreta<\/li>\n<\/ul>\n<p data-start=\"2496\" data-end=\"2567\">El cumplimiento de estas normas es clave para el \u00e9xito de la actividad.<\/p>\n<hr data-start=\"2569\" data-end=\"2572\" \/>\n<h2 data-section-id=\"1l2du1i\" data-start=\"2574\" data-end=\"2597\">\u00bfPara qui\u00e9n es esto?<\/h2>\n<p data-start=\"2599\" data-end=\"2640\">Este tipo de fotograf\u00eda est\u00e1 orientado a:<\/p>\n<ul data-start=\"2642\" data-end=\"2807\">\n<li data-section-id=\"12hsmxo\" data-start=\"2642\" data-end=\"2696\">Fot\u00f3grafos que buscan calidad, no solo observaci\u00f3n<\/li>\n<li data-section-id=\"1dtq5u3\" data-start=\"2697\" data-end=\"2746\">Personas con paciencia y respeto por el medio<\/li>\n<li data-section-id=\"a6orf1\" data-start=\"2747\" data-end=\"2807\">Interesados en fotograf\u00eda de fauna en condiciones reales<\/li>\n<\/ul>\n<p data-start=\"2809\" data-end=\"2881\">La experiencia se disfruta mucho m\u00e1s cuando se parte de esta mentalidad.<\/p>\n<hr data-start=\"3629\" data-end=\"3632\" \/>\n<h3 data-start=\"3634\" data-end=\"3646\">Contact<\/h3>\n<p data-start=\"3648\" data-end=\"3793\">Para cualquier duda, sugerencia o comentario, estaremos encantados de atenderte:<\/p>\n<p align=\"JUSTIFY\"><b>Fernando\u00a0<\/b><\/p>\n<p align=\"JUSTIFY\">Mov: 608777042.<\/p>\n<p align=\"JUSTIFY\">Mail: info@hidesdeltietar.com<\/p>\n\n\n<div class=\"wp-block-buttons is-layout-flex wp-block-buttons-is-layout-flex\">\n<div class=\"wp-block-button\"><a class=\"wp-block-button__link wp-element-button\">For more information join our group TELEGRAM<\/a><\/div>\n<\/div>\n\n\n\n<p class=\"wp-block-paragraph\"><\/p>\n\n\n\n<div class=\"wp-block-buttons is-layout-flex wp-block-buttons-is-layout-flex\">\n<div class=\"wp-block-button\"><a class=\"wp-block-button__link wp-element-button\" href=\"https:\/\/www.instagram.com\/hidesdeltietar\/?hl=es\" target=\"_blank\" rel=\"noreferrer noopener\">Siguenos en INSTAGRAM <\/a><\/div>\n<\/div>","protected":false},"excerpt":{"rendered":"<p>\u00a0 Hides fotogt\u00e1ficos INFORMACI\u00d3N GENERAL \u2013 HIDES DEL TI\u00c9TAR Qu\u00e9 puedes esperar de una sesi\u00f3n En Hides del Ti\u00e9tar no vienes solo a ver fauna.Vienes a hacer fotograf\u00edas que realmente merezcan la pena. Cada hide se trabaja con un objetivo claro: maximizar las oportunidades reales de fotograf\u00eda, siempre dentro de los l\u00edmites de la naturaleza [&hellip;]<\/p>\n","protected":false},"author":1,"featured_media":0,"parent":0,"menu_order":0,"comment_status":"closed","ping_status":"closed","template":"","meta":{"_crdt_document":"","footnotes":""},"class_list":["post-92","page","type-page","status-publish","hentry"],"yoast_head":"<!-- This site is optimized with the Yoast SEO plugin v27.5 - https:\/\/yoast.com\/product\/yoast-seo-wordpress\/ -->\n<title>Info general -hides fotograf\u00eda<\/title>\n<meta name=\"description\" content=\"Hides fotograf\u00eda aves\" \/>\n<meta name=\"robots\" content=\"index, follow, max-snippet:-1, max-image-preview:large, max-video-preview:-1\" \/>\n<link rel=\"canonical\" href=\"https:\/\/hidesdeltietar.com\/en\/info-general-2\/\" \/>\n<meta property=\"og:locale\" content=\"en_GB\" \/>\n<meta property=\"og:type\" content=\"article\" \/>\n<meta property=\"og:title\" content=\"Info general -hides fotograf\u00eda\" \/>\n<meta property=\"og:description\" content=\"Hides fotograf\u00eda aves\" \/>\n<meta property=\"og:url\" content=\"https:\/\/hidesdeltietar.com\/en\/info-general-2\/\" \/>\n<meta property=\"og:site_name\" content=\"Hides del Ti\u00e9tar\" \/>\n<meta property=\"article:modified_time\" content=\"2026-03-30T20:16:05+00:00\" \/>\n<meta property=\"og:image\" content=\"https:\/\/hidesdeltietar.com\/wp-content\/uploads\/2017\/12\/FER5824-copia.jpg\" \/>\n\t<meta property=\"og:image:width\" content=\"800\" \/>\n\t<meta property=\"og:image:height\" content=\"534\" \/>\n\t<meta property=\"og:image:type\" content=\"image\/jpeg\" \/>\n<meta name=\"twitter:card\" content=\"summary_large_image\" \/>\n<meta name=\"twitter:label1\" content=\"Estimated reading time\" \/>\n\t<meta name=\"twitter:data1\" content=\"3 minutes\" \/>\n<script type=\"application\/ld+json\" class=\"yoast-schema-graph\">{\"@context\":\"https:\\\/\\\/schema.org\",\"@graph\":[{\"@type\":\"WebPage\",\"@id\":\"https:\\\/\\\/hidesdeltietar.com\\\/info-general-2\\\/\",\"url\":\"https:\\\/\\\/hidesdeltietar.com\\\/info-general-2\\\/\",\"name\":\"Info general -hides fotograf\u00eda\",\"isPartOf\":{\"@id\":\"https:\\\/\\\/hidesdeltietar.com\\\/#website\"},\"datePublished\":\"2017-12-05T06:40:41+00:00\",\"dateModified\":\"2026-03-30T20:16:05+00:00\",\"description\":\"Hides fotograf\u00eda aves\",\"breadcrumb\":{\"@id\":\"https:\\\/\\\/hidesdeltietar.com\\\/info-general-2\\\/#breadcrumb\"},\"inLanguage\":\"en-GB\",\"potentialAction\":[{\"@type\":\"ReadAction\",\"target\":[\"https:\\\/\\\/hidesdeltietar.com\\\/info-general-2\\\/\"]}]},{\"@type\":\"BreadcrumbList\",\"@id\":\"https:\\\/\\\/hidesdeltietar.com\\\/info-general-2\\\/#breadcrumb\",\"itemListElement\":[{\"@type\":\"ListItem\",\"position\":1,\"name\":\"Portada\",\"item\":\"https:\\\/\\\/hidesdeltietar.com\\\/\"},{\"@type\":\"ListItem\",\"position\":2,\"name\":\"Info general\"}]},{\"@type\":\"WebSite\",\"@id\":\"https:\\\/\\\/hidesdeltietar.com\\\/#website\",\"url\":\"https:\\\/\\\/hidesdeltietar.com\\\/\",\"name\":\"Hides del Ti\u00e9tar\",\"description\":\"Hides fotograficos, fotografia de Fauna en Espa\u00f1a\",\"publisher\":{\"@id\":\"https:\\\/\\\/hidesdeltietar.com\\\/#\\\/schema\\\/person\\\/255bb2e69140f1ea0b5afd8ce546b35f\"},\"potentialAction\":[{\"@type\":\"SearchAction\",\"target\":{\"@type\":\"EntryPoint\",\"urlTemplate\":\"https:\\\/\\\/hidesdeltietar.com\\\/?s={search_term_string}\"},\"query-input\":{\"@type\":\"PropertyValueSpecification\",\"valueRequired\":true,\"valueName\":\"search_term_string\"}}],\"inLanguage\":\"en-GB\"},{\"@type\":[\"Person\",\"Organization\"],\"@id\":\"https:\\\/\\\/hidesdeltietar.com\\\/#\\\/schema\\\/person\\\/255bb2e69140f1ea0b5afd8ce546b35f\",\"name\":\"fsanchex\",\"image\":{\"@type\":\"ImageObject\",\"inLanguage\":\"en-GB\",\"@id\":\"https:\\\/\\\/hidesdeltietar.com\\\/wp-content\\\/uploads\\\/2017\\\/12\\\/Logo.png\",\"url\":\"https:\\\/\\\/hidesdeltietar.com\\\/wp-content\\\/uploads\\\/2017\\\/12\\\/Logo.png\",\"contentUrl\":\"https:\\\/\\\/hidesdeltietar.com\\\/wp-content\\\/uploads\\\/2017\\\/12\\\/Logo.png\",\"width\":3000,\"height\":2000,\"caption\":\"fsanchex\"},\"logo\":{\"@id\":\"https:\\\/\\\/hidesdeltietar.com\\\/wp-content\\\/uploads\\\/2017\\\/12\\\/Logo.png\"}}]}<\/script>\n<!-- \/ Yoast SEO plugin. -->","yoast_head_json":{"title":"Info general -hides fotograf\u00eda","description":"Hides fotograf\u00eda aves","robots":{"index":"index","follow":"follow","max-snippet":"max-snippet:-1","max-image-preview":"max-image-preview:large","max-video-preview":"max-video-preview:-1"},"canonical":"https:\/\/hidesdeltietar.com\/en\/info-general-2\/","og_locale":"en_GB","og_type":"article","og_title":"Info general -hides fotograf\u00eda","og_description":"Hides fotograf\u00eda aves","og_url":"https:\/\/hidesdeltietar.com\/en\/info-general-2\/","og_site_name":"Hides del Ti\u00e9tar","article_modified_time":"2026-03-30T20:16:05+00:00","og_image":[{"width":800,"height":534,"url":"https:\/\/hidesdeltietar.com\/wp-content\/uploads\/2017\/12\/FER5824-copia.jpg","type":"image\/jpeg"}],"twitter_card":"summary_large_image","twitter_misc":{"Estimated reading time":"3 minutes"},"schema":{"@context":"https:\/\/schema.org","@graph":[{"@type":"WebPage","@id":"https:\/\/hidesdeltietar.com\/info-general-2\/","url":"https:\/\/hidesdeltietar.com\/info-general-2\/","name":"Info general -hides fotograf\u00eda","isPartOf":{"@id":"https:\/\/hidesdeltietar.com\/#website"},"datePublished":"2017-12-05T06:40:41+00:00","dateModified":"2026-03-30T20:16:05+00:00","description":"Hides fotograf\u00eda aves","breadcrumb":{"@id":"https:\/\/hidesdeltietar.com\/info-general-2\/#breadcrumb"},"inLanguage":"en-GB","potentialAction":[{"@type":"ReadAction","target":["https:\/\/hidesdeltietar.com\/info-general-2\/"]}]},{"@type":"BreadcrumbList","@id":"https:\/\/hidesdeltietar.com\/info-general-2\/#breadcrumb","itemListElement":[{"@type":"ListItem","position":1,"name":"Portada","item":"https:\/\/hidesdeltietar.com\/"},{"@type":"ListItem","position":2,"name":"Info general"}]},{"@type":"WebSite","@id":"https:\/\/hidesdeltietar.com\/#website","url":"https:\/\/hidesdeltietar.com\/","name":"Hides del Ti\u00e9tar","description":"Hides fotograficos, fotografia de Fauna en Espa\u00f1a","publisher":{"@id":"https:\/\/hidesdeltietar.com\/#\/schema\/person\/255bb2e69140f1ea0b5afd8ce546b35f"},"potentialAction":[{"@type":"SearchAction","target":{"@type":"EntryPoint","urlTemplate":"https:\/\/hidesdeltietar.com\/?s={search_term_string}"},"query-input":{"@type":"PropertyValueSpecification","valueRequired":true,"valueName":"search_term_string"}}],"inLanguage":"en-GB"},{"@type":["Person","Organization"],"@id":"https:\/\/hidesdeltietar.com\/#\/schema\/person\/255bb2e69140f1ea0b5afd8ce546b35f","name":"fsanchex","image":{"@type":"ImageObject","inLanguage":"en-GB","@id":"https:\/\/hidesdeltietar.com\/wp-content\/uploads\/2017\/12\/Logo.png","url":"https:\/\/hidesdeltietar.com\/wp-content\/uploads\/2017\/12\/Logo.png","contentUrl":"https:\/\/hidesdeltietar.com\/wp-content\/uploads\/2017\/12\/Logo.png","width":3000,"height":2000,"caption":"fsanchex"},"logo":{"@id":"https:\/\/hidesdeltietar.com\/wp-content\/uploads\/2017\/12\/Logo.png"}}]}},"_links":{"self":[{"href":"https:\/\/hidesdeltietar.com\/en\/wp-json\/wp\/v2\/pages\/92","targetHints":{"allow":["GET"]}}],"collection":[{"href":"https:\/\/hidesdeltietar.com\/en\/wp-json\/wp\/v2\/pages"}],"about":[{"href":"https:\/\/hidesdeltietar.com\/en\/wp-json\/wp\/v2\/types\/page"}],"author":[{"embeddable":true,"href":"https:\/\/hidesdeltietar.com\/en\/wp-json\/wp\/v2\/users\/1"}],"replies":[{"embeddable":true,"href":"https:\/\/hidesdeltietar.com\/en\/wp-json\/wp\/v2\/comments?post=92"}],"version-history":[{"count":26,"href":"https:\/\/hidesdeltietar.com\/en\/wp-json\/wp\/v2\/pages\/92\/revisions"}],"predecessor-version":[{"id":3301,"href":"https:\/\/hidesdeltietar.com\/en\/wp-json\/wp\/v2\/pages\/92\/revisions\/3301"}],"wp:attachment":[{"href":"https:\/\/hidesdeltietar.com\/en\/wp-json\/wp\/v2\/media?parent=92"}],"curies":[{"name":"wp","href":"https:\/\/api.w.org\/{rel}","templated":true}]}}