{"id":79,"date":"2017-12-05T06:10:41","date_gmt":"2017-12-05T06:10:41","guid":{"rendered":"https:\/\/hidesdeltietar.com\/?page_id=79"},"modified":"2025-12-26T09:39:40","modified_gmt":"2025-12-26T09:39:40","slug":"hide-de-meloncillos-herpestes-ichneumon","status":"publish","type":"page","link":"https:\/\/hidesdeltietar.com\/en\/hide-de-meloncillos-herpestes-ichneumon\/","title":{"rendered":"hide Egyptian Mongoose (Herpestes ichneumon)"},"content":{"rendered":"<section class=\"wpb_row bg-fixed\"><div class=\"container\"><div class=\"rows\"><div class=\"wpb_column vc_column_container one columns2\" ><div class=\"ak_column-inner\"><div class=\"wpb_wrapper\">\n\t<div class=\"wpb_text_column wpb_content_element\" >\n\t\t<div class=\"wpb_wrapper\">\n\t\t\t<h3 class=\"western\">Hide for photography Egyptian Mongoose (Herpestes ichneumon)<\/h3>\n<p>&nbsp;<\/p>\n<p><b>DISPONIBLE<\/b><\/p>\n<p>Temporada finales de verano, oto\u00f1o<\/p>\n<p>Located just an hour and a half from Madrid, in a town near Talavera de la reina.<\/p>\n<p>The same hide also offers the possibility of photographing other species that enter as: Busardo ratonero, Milano real (flights) black and griffon Vultures. There are also many possibilities of photographing imperial Eagle in flight, and sometimes perched. (A couple of adults)<\/p>\n<p>&nbsp;<\/p>\n<ul>\n<li>Session for one or two people<\/li>\n<li>Transportation in 4\u00d74<\/li>\n<li>Cristal esp\u00eda<\/li>\n<li>Horario: desde 13h hasta la puesta de sol. (seg\u00fan comportamiento de la especie)<\/li>\n<\/ul>\n<p>&nbsp;<\/p>\n<p>Enter multiple groups per session of 2, 3 and up to 5 copies together.<\/p>\n<p>Para que la sesi\u00f3n tenga \u00e9xito es imprescindible permanecer en absoluto silencio, se trata de animales que poseen un o\u00eddo y un olfato extremadamente agudo y detectar\u00e1n nuestra presencia con mucha facilidad.<\/p>\n<p><strong>Precio: 90\u20ac una persona. Dos personas 75\u20ac casa uno<\/strong><\/p>\n<p>&nbsp;<\/p>\n<p>Not guaranteed to be 100% the input of any of the above mentioned species, are wild animals and cannot be predicted with certainty its behavior<\/p>\n<p>Phone: (608 777 042<\/p>\n<p><a href=\"https:\/\/hidesdeltietar.com\/en\/contacto\/\">Contact form<\/a><\/p>\n\n\t\t<\/div>\n\t<\/div>\n<div class=\"vc_btn3-container vc_btn3-inline vc_do_btn\" ><a class=\"vc_general vc_btn3 vc_btn3-size-md vc_btn3-shape-rounded vc_btn3-style-modern vc_btn3-icon-left vc_btn3-color-primary\" href=\"https:\/\/t.me\/joinchat\/zO_RCG35JaY1YmM8\" title=\"\"><i class=\"vc_btn3-icon fab fa-telegram\"><\/i> For more information follow our group of TELEGRAM<\/a><\/div><div class=\"vc_btn3-container vc_btn3-inline vc_do_btn\" ><a class=\"vc_general vc_btn3 vc_btn3-size-md vc_btn3-shape-rounded vc_btn3-style-modern vc_btn3-icon-left vc_btn3-color-juicy-pink\" href=\"https:\/\/www.instagram.com\/hidesdeltietar\/?hl=es\" title=\"Siguenos en INTAGRAM\" target=\"_blank\"><i class=\"vc_btn3-icon fa fa-brands fa-instagram\"><\/i> Instagram<\/a><\/div><\/div><\/div><\/div><\/div><\/div><\/section><section class=\"wpb_row bg-fixed\"><div class=\"container\"><div class=\"rows\"><div class=\"wpb_column vc_column_container one columns2\" ><div class=\"ak_column-inner\"><div class=\"wpb_wrapper\">\n<div class=\"vc_grid-container-wrapper vc_clearfix vc_grid-animation-fadeIn\">\n\t<div class=\"vc_grid-container vc_clearfix wpb_content_element vc_media_grid\" data-initial-loading-animation=\"fadeIn\" data-vc-grid-settings=\"{&quot;page_id&quot;:79,&quot;style&quot;:&quot;all&quot;,&quot;action&quot;:&quot;vc_get_vc_grid_data&quot;,&quot;shortcode_id&quot;:&quot;1766741957481-b6e3b9fa-80f2-0&quot;,&quot;tag&quot;:&quot;vc_media_grid&quot;}\" data-vc-request=\"https:\/\/hidesdeltietar.com\/wp-admin\/admin-ajax.php\" data-vc-post-id=\"79\" data-vc-public-nonce=\"dc025423f9\">\n\t\t\n\t<\/div>\n<\/div>\n\t<div class=\"wpb_video_widget wpb_content_element vc_clearfix   vc_video-aspect-ratio-169 vc_video-el-width-100 vc_video-align-left\" >\n\t\t<div class=\"wpb_wrapper\">\n\t\t\t<h2 class=\"wpb_heading wpb_video_heading\">Ichneumon<\/h2>\n\t\t\t<div class=\"wpb_video_wrapper\"><iframe loading=\"lazy\" title=\"Ichneumon\" width=\"500\" height=\"281\" src=\"https:\/\/www.youtube.com\/embed\/jMWq_SiEu5M?feature=oembed\" frameborder=\"0\" allow=\"accelerometer; autoplay; clipboard-write; encrypted-media; gyroscope; picture-in-picture; web-share\" allowfullscreen><\/iframe><\/div>\n\t\t<\/div>\n\t<\/div>\n<\/div><\/div><\/div><\/div><\/div><\/section><section class=\"wpb_row bg-fixed\"><div class=\"container\"><div class=\"rows\"><div class=\"wpb_column vc_column_container one columns2\" ><div class=\"ak_column-inner\"><div class=\"wpb_wrapper\"><\/div><\/div><\/div><\/div><\/div><\/section>","protected":false},"excerpt":{"rendered":"Hide para la fotograf\u00eda de Meloncillos (Herpestes ichneumon) &nbsp; DISPONIBLE Temporada finales de verano, oto\u00f1o Situado a tan solo una hora y media de Madrid, en una localidad cercana a Talavera de la reina. El mismo hide tambi\u00e9n ofrece la posibilidad de fotografiar otras especies que entran como: Busardo ratonero, Milano real (vuelos) Buitres negros [...]","protected":false},"author":1,"featured_media":80,"parent":0,"menu_order":0,"comment_status":"closed","ping_status":"closed","template":"page-templates\/template-fullwidth.php","meta":{"_crdt_document":"","footnotes":""},"class_list":["post-79","page","type-page","status-publish","has-post-thumbnail","hentry"],"yoast_head":"<!-- This site is optimized with the Yoast SEO plugin v27.3 - https:\/\/yoast.com\/product\/yoast-seo-wordpress\/ -->\n<title>hide meloncillos (Herpestes ichneumon) -hides fotograf\u00eda<\/title>\n<meta name=\"description\" content=\"Hides Meloncillos, Herpestes ichneumon, forografia de fauna en Espa\u00f1a\" \/>\n<meta name=\"robots\" content=\"index, follow, max-snippet:-1, max-image-preview:large, max-video-preview:-1\" \/>\n<link rel=\"canonical\" href=\"https:\/\/hidesdeltietar.com\/en\/hide-de-meloncillos-herpestes-ichneumon\/\" \/>\n<meta property=\"og:locale\" content=\"en_GB\" \/>\n<meta property=\"og:type\" content=\"article\" \/>\n<meta property=\"og:title\" content=\"hide meloncillos (Herpestes ichneumon) -hides fotograf\u00eda\" \/>\n<meta property=\"og:description\" content=\"Hides Meloncillos, Herpestes ichneumon, forografia de fauna en Espa\u00f1a\" \/>\n<meta property=\"og:url\" content=\"https:\/\/hidesdeltietar.com\/en\/hide-de-meloncillos-herpestes-ichneumon\/\" \/>\n<meta property=\"og:site_name\" content=\"Hides del Ti\u00e9tar\" \/>\n<meta property=\"article:modified_time\" content=\"2025-12-26T09:39:40+00:00\" \/>\n<meta property=\"og:image\" content=\"https:\/\/hidesdeltietar.com\/wp-content\/uploads\/2017\/12\/FER8292-copia.jpg\" \/>\n\t<meta property=\"og:image:width\" content=\"1200\" \/>\n\t<meta property=\"og:image:height\" content=\"1500\" \/>\n\t<meta property=\"og:image:type\" content=\"image\/jpeg\" \/>\n<meta name=\"twitter:card\" content=\"summary_large_image\" \/>\n<meta name=\"twitter:label1\" content=\"Estimated reading time\" \/>\n\t<meta name=\"twitter:data1\" content=\"2 minutes\" \/>\n<script type=\"application\/ld+json\" class=\"yoast-schema-graph\">{\"@context\":\"https:\\\/\\\/schema.org\",\"@graph\":[{\"@type\":\"WebPage\",\"@id\":\"https:\\\/\\\/hidesdeltietar.com\\\/hide-de-meloncillos-herpestes-ichneumon\\\/\",\"url\":\"https:\\\/\\\/hidesdeltietar.com\\\/hide-de-meloncillos-herpestes-ichneumon\\\/\",\"name\":\"hide meloncillos (Herpestes ichneumon) -hides fotograf\u00eda\",\"isPartOf\":{\"@id\":\"https:\\\/\\\/hidesdeltietar.com\\\/#website\"},\"primaryImageOfPage\":{\"@id\":\"https:\\\/\\\/hidesdeltietar.com\\\/hide-de-meloncillos-herpestes-ichneumon\\\/#primaryimage\"},\"image\":{\"@id\":\"https:\\\/\\\/hidesdeltietar.com\\\/hide-de-meloncillos-herpestes-ichneumon\\\/#primaryimage\"},\"thumbnailUrl\":\"https:\\\/\\\/hidesdeltietar.com\\\/wp-content\\\/uploads\\\/2017\\\/12\\\/FER8292-copia.jpg\",\"datePublished\":\"2017-12-05T06:10:41+00:00\",\"dateModified\":\"2025-12-26T09:39:40+00:00\",\"description\":\"Hides Meloncillos, Herpestes ichneumon, forografia de fauna en Espa\u00f1a\",\"breadcrumb\":{\"@id\":\"https:\\\/\\\/hidesdeltietar.com\\\/hide-de-meloncillos-herpestes-ichneumon\\\/#breadcrumb\"},\"inLanguage\":\"en-GB\",\"potentialAction\":[{\"@type\":\"ReadAction\",\"target\":[\"https:\\\/\\\/hidesdeltietar.com\\\/hide-de-meloncillos-herpestes-ichneumon\\\/\"]}]},{\"@type\":\"ImageObject\",\"inLanguage\":\"en-GB\",\"@id\":\"https:\\\/\\\/hidesdeltietar.com\\\/hide-de-meloncillos-herpestes-ichneumon\\\/#primaryimage\",\"url\":\"https:\\\/\\\/hidesdeltietar.com\\\/wp-content\\\/uploads\\\/2017\\\/12\\\/FER8292-copia.jpg\",\"contentUrl\":\"https:\\\/\\\/hidesdeltietar.com\\\/wp-content\\\/uploads\\\/2017\\\/12\\\/FER8292-copia.jpg\",\"width\":1200,\"height\":1500,\"caption\":\"mangosta egipcia, meloncillo hides del Ti\u00e9tar Fernando S\u00e1nchez de Castro\"},{\"@type\":\"BreadcrumbList\",\"@id\":\"https:\\\/\\\/hidesdeltietar.com\\\/hide-de-meloncillos-herpestes-ichneumon\\\/#breadcrumb\",\"itemListElement\":[{\"@type\":\"ListItem\",\"position\":1,\"name\":\"Portada\",\"item\":\"https:\\\/\\\/hidesdeltietar.com\\\/\"},{\"@type\":\"ListItem\",\"position\":2,\"name\":\"hide meloncillos (Herpestes ichneumon)\"}]},{\"@type\":\"WebSite\",\"@id\":\"https:\\\/\\\/hidesdeltietar.com\\\/#website\",\"url\":\"https:\\\/\\\/hidesdeltietar.com\\\/\",\"name\":\"Hides del Ti\u00e9tar\",\"description\":\"Hides fotograficos, fotografia de Fauna en Espa\u00f1a\",\"publisher\":{\"@id\":\"https:\\\/\\\/hidesdeltietar.com\\\/#\\\/schema\\\/person\\\/255bb2e69140f1ea0b5afd8ce546b35f\"},\"potentialAction\":[{\"@type\":\"SearchAction\",\"target\":{\"@type\":\"EntryPoint\",\"urlTemplate\":\"https:\\\/\\\/hidesdeltietar.com\\\/?s={search_term_string}\"},\"query-input\":{\"@type\":\"PropertyValueSpecification\",\"valueRequired\":true,\"valueName\":\"search_term_string\"}}],\"inLanguage\":\"en-GB\"},{\"@type\":[\"Person\",\"Organization\"],\"@id\":\"https:\\\/\\\/hidesdeltietar.com\\\/#\\\/schema\\\/person\\\/255bb2e69140f1ea0b5afd8ce546b35f\",\"name\":\"fsanchex\",\"image\":{\"@type\":\"ImageObject\",\"inLanguage\":\"en-GB\",\"@id\":\"https:\\\/\\\/hidesdeltietar.com\\\/wp-content\\\/uploads\\\/2017\\\/12\\\/Logo.png\",\"url\":\"https:\\\/\\\/hidesdeltietar.com\\\/wp-content\\\/uploads\\\/2017\\\/12\\\/Logo.png\",\"contentUrl\":\"https:\\\/\\\/hidesdeltietar.com\\\/wp-content\\\/uploads\\\/2017\\\/12\\\/Logo.png\",\"width\":3000,\"height\":2000,\"caption\":\"fsanchex\"},\"logo\":{\"@id\":\"https:\\\/\\\/hidesdeltietar.com\\\/wp-content\\\/uploads\\\/2017\\\/12\\\/Logo.png\"}}]}<\/script>\n<!-- \/ Yoast SEO plugin. -->","yoast_head_json":{"title":"hide meloncillos (Herpestes ichneumon) -hides fotograf\u00eda","description":"Hides Meloncillos, Herpestes ichneumon, forografia de fauna en Espa\u00f1a","robots":{"index":"index","follow":"follow","max-snippet":"max-snippet:-1","max-image-preview":"max-image-preview:large","max-video-preview":"max-video-preview:-1"},"canonical":"https:\/\/hidesdeltietar.com\/en\/hide-de-meloncillos-herpestes-ichneumon\/","og_locale":"en_GB","og_type":"article","og_title":"hide meloncillos (Herpestes ichneumon) -hides fotograf\u00eda","og_description":"Hides Meloncillos, Herpestes ichneumon, forografia de fauna en Espa\u00f1a","og_url":"https:\/\/hidesdeltietar.com\/en\/hide-de-meloncillos-herpestes-ichneumon\/","og_site_name":"Hides del Ti\u00e9tar","article_modified_time":"2025-12-26T09:39:40+00:00","og_image":[{"width":1200,"height":1500,"url":"https:\/\/hidesdeltietar.com\/wp-content\/uploads\/2017\/12\/FER8292-copia.jpg","type":"image\/jpeg"}],"twitter_card":"summary_large_image","twitter_misc":{"Estimated reading time":"2 minutes"},"schema":{"@context":"https:\/\/schema.org","@graph":[{"@type":"WebPage","@id":"https:\/\/hidesdeltietar.com\/hide-de-meloncillos-herpestes-ichneumon\/","url":"https:\/\/hidesdeltietar.com\/hide-de-meloncillos-herpestes-ichneumon\/","name":"hide meloncillos (Herpestes ichneumon) -hides fotograf\u00eda","isPartOf":{"@id":"https:\/\/hidesdeltietar.com\/#website"},"primaryImageOfPage":{"@id":"https:\/\/hidesdeltietar.com\/hide-de-meloncillos-herpestes-ichneumon\/#primaryimage"},"image":{"@id":"https:\/\/hidesdeltietar.com\/hide-de-meloncillos-herpestes-ichneumon\/#primaryimage"},"thumbnailUrl":"https:\/\/hidesdeltietar.com\/wp-content\/uploads\/2017\/12\/FER8292-copia.jpg","datePublished":"2017-12-05T06:10:41+00:00","dateModified":"2025-12-26T09:39:40+00:00","description":"Hides Meloncillos, Herpestes ichneumon, forografia de fauna en Espa\u00f1a","breadcrumb":{"@id":"https:\/\/hidesdeltietar.com\/hide-de-meloncillos-herpestes-ichneumon\/#breadcrumb"},"inLanguage":"en-GB","potentialAction":[{"@type":"ReadAction","target":["https:\/\/hidesdeltietar.com\/hide-de-meloncillos-herpestes-ichneumon\/"]}]},{"@type":"ImageObject","inLanguage":"en-GB","@id":"https:\/\/hidesdeltietar.com\/hide-de-meloncillos-herpestes-ichneumon\/#primaryimage","url":"https:\/\/hidesdeltietar.com\/wp-content\/uploads\/2017\/12\/FER8292-copia.jpg","contentUrl":"https:\/\/hidesdeltietar.com\/wp-content\/uploads\/2017\/12\/FER8292-copia.jpg","width":1200,"height":1500,"caption":"mangosta egipcia, meloncillo hides del Ti\u00e9tar Fernando S\u00e1nchez de Castro"},{"@type":"BreadcrumbList","@id":"https:\/\/hidesdeltietar.com\/hide-de-meloncillos-herpestes-ichneumon\/#breadcrumb","itemListElement":[{"@type":"ListItem","position":1,"name":"Portada","item":"https:\/\/hidesdeltietar.com\/"},{"@type":"ListItem","position":2,"name":"hide meloncillos (Herpestes ichneumon)"}]},{"@type":"WebSite","@id":"https:\/\/hidesdeltietar.com\/#website","url":"https:\/\/hidesdeltietar.com\/","name":"Hides del Ti\u00e9tar","description":"Hides fotograficos, fotografia de Fauna en Espa\u00f1a","publisher":{"@id":"https:\/\/hidesdeltietar.com\/#\/schema\/person\/255bb2e69140f1ea0b5afd8ce546b35f"},"potentialAction":[{"@type":"SearchAction","target":{"@type":"EntryPoint","urlTemplate":"https:\/\/hidesdeltietar.com\/?s={search_term_string}"},"query-input":{"@type":"PropertyValueSpecification","valueRequired":true,"valueName":"search_term_string"}}],"inLanguage":"en-GB"},{"@type":["Person","Organization"],"@id":"https:\/\/hidesdeltietar.com\/#\/schema\/person\/255bb2e69140f1ea0b5afd8ce546b35f","name":"fsanchex","image":{"@type":"ImageObject","inLanguage":"en-GB","@id":"https:\/\/hidesdeltietar.com\/wp-content\/uploads\/2017\/12\/Logo.png","url":"https:\/\/hidesdeltietar.com\/wp-content\/uploads\/2017\/12\/Logo.png","contentUrl":"https:\/\/hidesdeltietar.com\/wp-content\/uploads\/2017\/12\/Logo.png","width":3000,"height":2000,"caption":"fsanchex"},"logo":{"@id":"https:\/\/hidesdeltietar.com\/wp-content\/uploads\/2017\/12\/Logo.png"}}]}},"_links":{"self":[{"href":"https:\/\/hidesdeltietar.com\/en\/wp-json\/wp\/v2\/pages\/79","targetHints":{"allow":["GET"]}}],"collection":[{"href":"https:\/\/hidesdeltietar.com\/en\/wp-json\/wp\/v2\/pages"}],"about":[{"href":"https:\/\/hidesdeltietar.com\/en\/wp-json\/wp\/v2\/types\/page"}],"author":[{"embeddable":true,"href":"https:\/\/hidesdeltietar.com\/en\/wp-json\/wp\/v2\/users\/1"}],"replies":[{"embeddable":true,"href":"https:\/\/hidesdeltietar.com\/en\/wp-json\/wp\/v2\/comments?post=79"}],"version-history":[{"count":29,"href":"https:\/\/hidesdeltietar.com\/en\/wp-json\/wp\/v2\/pages\/79\/revisions"}],"predecessor-version":[{"id":3032,"href":"https:\/\/hidesdeltietar.com\/en\/wp-json\/wp\/v2\/pages\/79\/revisions\/3032"}],"wp:featuredmedia":[{"embeddable":true,"href":"https:\/\/hidesdeltietar.com\/en\/wp-json\/wp\/v2\/media\/80"}],"wp:attachment":[{"href":"https:\/\/hidesdeltietar.com\/en\/wp-json\/wp\/v2\/media?parent=79"}],"curies":[{"name":"wp","href":"https:\/\/api.w.org\/{rel}","templated":true}]}}