{"id":3146,"date":"2026-02-13T14:41:42","date_gmt":"2026-02-13T14:41:42","guid":{"rendered":"https:\/\/hidesdeltietar.com\/aviso-legal\/"},"modified":"2026-02-14T03:43:35","modified_gmt":"2026-02-14T03:43:35","slug":"aviso-legal","status":"publish","type":"page","link":"https:\/\/hidesdeltietar.com\/en\/aviso-legal\/","title":{"rendered":"Aviso Legal"},"content":{"rendered":"<h2>Identificaci\u00f3n y Titularidad<\/h2>\n\n<p>\n\t\tEn cumplimiento del art\u00edculo 10 de la Ley 34\/2002, de 11 de julio, de Servicios de la Sociedad de la Informaci\u00f3n y Comercio Electr\u00f3nico, el Titular expone sus datos identificativos:\n<\/p>\n\n<p>\n\t<ul>\t\t\n\t\t<li>\n\t\t\t<b>Titular:<\/b>&nbsp;\t\t\n\t\t\tFERNANDO SANCHEZ de CASTRO.\n\t\t\t\n\t\t<\/li>\n\t\t\n\t\t<li>\n\t\t\t<b>NIF:<\/b>&nbsp;04202212c\n\t\t\t\n\t\t<\/li>\n\n\n\t\t<li>\n\t\t\t<b>Domicilio:<\/b>&nbsp;\n\t\t\t SAN BUENAVENTURA N\u00ba21,  Toledo - Espa\u00f1a.\n\t\t<\/li>\n\t\t\n\t\t<li>\n\t\t\t<b>Correo electr\u00f3nico:<\/b>&nbsp;\n\t\t\tfsanchex@gmail.com\n\t\t<\/li>\n\t\t\n\n\t\t<li>\n\t\t\t<b>Sitio Web:<\/b>&nbsp;\n\t\t\t<a href=\"https:\/\/hidesdeltietar.com\/en\/\">https:\/\/hidesdeltietar.com<\/a>\n\t\t<\/li>\n\t<\/ul>\n<\/p>\n\n<h2>Finalidad<\/h2>\n<p>\n\tLa finalidad del Sitio Web es: informaci\u00f3n sobre actividades relacionadas con la fotograf\u00eda de faina.\t\n<\/p>\n\n\n<h2>Condiciones de Uso<\/h2>\n<p>\n\tLa utilizaci\u00f3n del Sitio Web le otorga la condici\u00f3n de Usuario, e implica la aceptaci\u00f3n completa de todas las cl\u00e1usulas y condiciones de uso incluidas en las p\u00e1ginas:\n\t<ul>\t\t\n\t\t<li><a href=\"https:\/\/hidesdeltietar.com\/en\/aviso-legal\/\">Aviso Legal<\/a><\/li>\n\t\t<li><a href=\"https:\/\/hidesdeltietar.com\/en\/politica-de-privacidad\/\">Pol\u00edtica de Privacidad<\/a><\/li>\n\t\t<li><a href=\"https:\/\/hidesdeltietar.com\/en\/politica-de-cookies-ue\/\">Pol\u00edtica de Cookies<\/a><\/li>\n\t<\/ul>\t\n<\/p>\n\n<p>\n\tSi no estuviera conforme con todas y cada una de estas cl\u00e1usulas y condiciones abst\u00e9ngase de utilizar el Sitio Web.\n<\/p>\n\n<p>\t\n\tEl acceso al Sitio Web no supone, en modo alguno, el inicio de una relaci\u00f3n comercial con el Titular.\n<\/p>\n\n<p>\t\n\tA trav\u00e9s del Sitio Web, el Titular le facilita el acceso y la utilizaci\u00f3n de diversos contenidos que el Titular y\/o sus colaboradores han publicado por medio de Internet.\n<\/p>\n\n<p>\n\tA tal efecto, est\u00e1 obligado y comprometido a NO utilizar cualquiera de los contenidos del Sitio Web con fines o efectos il\u00edcitos, prohibidos en este Aviso Legal o por la legislaci\u00f3n vigente, lesivos de los derechos e intereses de terceros, o que de cualquier forma puedan da\u00f1ar, inutilizar, sobrecargar, deteriorar o impedir la normal utilizaci\u00f3n de los contenidos, los equipos inform\u00e1ticos o los documentos, archivos y toda clase de contenidos almacenados en cualquier equipo inform\u00e1tico propios o contratados por el Titular, de otros usuarios o de cualquier usuario de Internet.\n<\/p>\n\n\n\n\n\n\n<h2>Medidas de seguridad<\/h2>\n<p>\n\tLos datos personales que facilite al Titular pueden ser almacenados en bases de datos automatizadas o no, cuya titularidad corresponde en exclusiva al Titular, que asume todas las medidas de \u00edndole t\u00e9cnica, organizativa y de seguridad que garantizan la confidencialidad, integridad y calidad de la informaci\u00f3n contenida en las mismas de acuerdo con lo establecido en la normativa vigente en protecci\u00f3n de datos.\n<\/p>\n<p>\n\tNo obstante, debe ser consciente de que las medidas de seguridad de los sistemas inform\u00e1ticos en Internet no son enteramente fiables y que, por tanto el Titular no puede garantizar la inexistencia de virus u otros elementos que puedan producir alteraciones en los sistemas inform\u00e1ticos (software y hardware) del Usuario o en sus documentos electr\u00f3nicos y ficheros contenidos en los mismos aunque el Titular pone todos los medios necesarios y toma las medidas de seguridad oportunas para evitar la presencia de estos elementos da\u00f1inos.\n<\/p>\n\n\n<h2>Tratamiento de Datos Personales<\/h2>\n<p>\t\n\tPuede consultar toda la informaci\u00f3n relativa al tratamiento de datos personales que recoge el Titular en la p\u00e1gina de  <a href=\"https:\/\/hidesdeltietar.com\/en\/politica-de-privacidad\/\">Pol\u00edtica de Privacidad<\/a>.\n<\/p>\n\n<h2>Contenidos<\/h2>\n<p>\n\tEl Titular ha obtenido la informaci\u00f3n, el contenido multimedia y los materiales incluidos en el Sitio Web de fuentes que considera fiables, pero, si bien ha tomado todas las medidas razonables para asegurar que la informaci\u00f3n contenida es correcta, el Titular no garantiza que sea exacta, completa o actualizada. El Titular declina expresamente cualquier responsabilidad por error u omisi\u00f3n en la informaci\u00f3n contenida en las p\u00e1ginas del Sitio Web.\n<\/p>\n\n<p>\n\tQueda prohibido transmitir o enviar a trav\u00e9s del Sitio Web cualquier contenido ilegal o il\u00edcito, virus inform\u00e1ticos, o mensajes que, en general, afecten o violen derechos del Titular o de terceros.\n<\/p>\n\n<p>\n\tLos contenidos del Sitio Web tienen \u00fanicamente una finalidad informativa y bajo ninguna circunstancia deben usarse ni considerarse como oferta de venta, solicitud de una oferta de compra ni recomendaci\u00f3n para realizar cualquier otra operaci\u00f3n, salvo que as\u00ed se indique expresamente.\n<\/p>\n\n<p>\n\tEl Titular se reserva el derecho a modificar, suspender, cancelar o restringir el contenido del Sitio Web, los v\u00ednculos o la informaci\u00f3n obtenida a trav\u00e9s del Sitio Web, sin necesidad de previo aviso.\n<\/p>\n\n<p>\n\tEl Titular\u00a0no es responsable de los da\u00f1os y perjuicios que pudieran derivarse de la utilizaci\u00f3n de la informaci\u00f3n del Sitio Web o de la contenida en las redes sociales del Titular.\n<\/p>\n\n\n<h2>Pol\u00edtica de cookies<\/h2>\n<p>\n\tPuede consultar toda la informaci\u00f3n relativa a la pol\u00edtica de recogida y tratamiento de las cookies en la p\u00e1gina de  <a href=\"https:\/\/hidesdeltietar.com\/en\/politica-de-cookies-ue\/\">Pol\u00edtica de Cookies<\/a>.\n<\/p>\n\n\n<h2>Enlaces a otros sitios Web<\/h2>\n<p>\n\tEl Titular puede proporcionarle acceso a sitios Web de terceros mediante enlaces con la finalidad exclusiva de informar sobre la existencia de otras fuentes de informaci\u00f3n en Internet en las que podr\u00e1 ampliar los datos ofrecidos en el Sitio Web.\n<\/p>\n\n<p>\t\n\tEstos enlaces a otros sitios Web no suponen en ning\u00fan caso una sugerencia o recomendaci\u00f3n para que usted visite las p\u00e1ginas web de destino, que est\u00e1n fuera del control del Titular, por lo que el Titular no es responsable del contenido de los sitios web vinculados ni del resultado que obtenga al seguir los enlaces.\n\tAsimismo, el Titular no responde de los links o enlaces ubicados en los sitios web vinculados a los que le proporciona acceso.\n<\/p>\n\n<p>\n\tEl establecimiento del enlace no implica en ning\u00fan caso la existencia de relaciones entre el Titular y el propietario del sitio en el que se establezca el enlace, ni la aceptaci\u00f3n o aprobaci\u00f3n por parte del Titular de sus contenidos o servicios.\n<\/p>\n\n<p>\t\n\tSi accede a un sitio web externo desde un enlace que encuentre en el Sitio Web usted deber\u00e1 leer la propia pol\u00edtica de privacidad del otro sitio web que puede ser diferente de la de este sitio Web.\n<\/p>\n\n\n\n<h2>Propiedad intelectual e industrial<\/h2>\n<p>\n\tTodos los derechos est\u00e1n reservados.\n<\/p>\n<p>\n\tTodo acceso a este Sitio Web est\u00e1 sujeto a las siguientes condiciones: la reproducci\u00f3n, almacenaje permanente y la difusi\u00f3n de los contenidos o cualquier otro uso que tenga finalidad p\u00fablica o comercial queda expresamente prohibida sin el consentimiento previo expreso y por escrito del Titular.\n<\/p>\n\n\n<h2>Limitaci\u00f3n de responsabilidad<\/h2>\n<p>\n\tLa informaci\u00f3n y servicios incluidos o disponibles a trav\u00e9s del Sitio Web pueden incluir incorrecciones o errores tipogr\u00e1ficos. De forma peri\u00f3dica el Titular incorpora mejoras y\/o cambios a la informaci\u00f3n contenida y\/o los Servicios que puede introducir en cualquier momento.\n<\/p>\n<p>\n\tEl Titular no declara ni garantiza que los servicios o contenidos sean interrumpidos o que est\u00e9n libres de errores, que los defectos sean corregidos, o que el servicio o el servidor que lo pone a disposici\u00f3n est\u00e9n libres de virus u otros componentes nocivos sin perjuicio de que el Titular realiza todos los esfuerzos en evitar este tipo de incidentes.\n<\/p>\n<p>\n\tEl Titular declina cualquier responsabilidad en caso de que existan interrupciones o un mal funcionamiento de los Servicios o contenidos ofrecidos en Internet, cualquiera que sea su causa. Asimismo, el Titular no se hace responsable por ca\u00eddas de la red, p\u00e9rdidas de negocio a consecuencia de dichas ca\u00eddas, suspensiones temporales de fluido el\u00e9ctrico o cualquier otro tipo de da\u00f1o indirecto que te pueda ser causado por causas ajenas a el Titular.\n<\/p>\n<p>\n\tAntes de tomar decisiones y\/o acciones con base a la informaci\u00f3n incluida en el Sitio Web, el Titular le recomienda comprobar y contrastar la informaci\u00f3n recibida con otras fuentes.\n<\/p>\n\n\n\n<h2>Jurisdicci\u00f3n<\/h2>\n<p>\t\n\tEste Aviso Legal se rige \u00edntegramente por la legislaci\u00f3n espa\u00f1ola.\n<\/p>\n\n<p>\n\tSiempre que no haya una norma que obligue a otra cosa, para cuantas cuestiones se susciten sobre la interpretaci\u00f3n, aplicaci\u00f3n y cumplimiento de este Aviso Legal, as\u00ed como de las reclamaciones que puedan derivarse de su uso, las partes acuerdan someterse a los Jueces y Tribunales de la provincia de Toledo, con renuncia expresa de cualquier otra jurisdicci\u00f3n que pudiera corresponderles.\n<\/p>\n\n<h2>Contact<\/h2>\n<p>\t\n\tEn caso de que usted tenga cualquier duda acerca de este Aviso Legal o quiera realizar cualquier comentario sobre el Sitio Web, puede enviar un mensaje de correo electr\u00f3nico a la direcci\u00f3n: fsanchex@gmail.com\n<\/p>\n\n<h1 class=\"wp-block-heading\">\ud83d\udcc4 AVISO LEGAL<\/h1>\n\n\n\n<p class=\"wp-block-paragraph\">En cumplimiento de la Ley 34\/2002 de Servicios de la Sociedad de la Informaci\u00f3n y Comercio Electr\u00f3nico (LSSI) y dem\u00e1s normativa aplicable, se facilita la siguiente informaci\u00f3n sobre este sitio web.<\/p>\n\n\n\n<hr class=\"wp-block-separator has-alpha-channel-opacity\"\/>\n\n\n\n<h2 class=\"wp-block-heading\">1. Identificaci\u00f3n del titular del sitio web<\/h2>\n\n\n\n<p class=\"wp-block-paragraph\"><strong>Titular:<\/strong> Fernando S\u00e1nchez de Castro<br><strong>Nombre comercial:<\/strong> Hides del Ti\u00e9tar<br><strong>NIF:<\/strong> 0420212C<br><strong>Direcci\u00f3n:<\/strong> Calle San Buenaventura n\u00ba 21, 45634 Buenaventura, Toledo, Espa\u00f1a<br><strong>Correo electr\u00f3nico de contacto:<\/strong> <a>info@hidesdeltietar.com<\/a><\/p>\n\n\n\n<hr class=\"wp-block-separator has-alpha-channel-opacity\"\/>\n\n\n\n<h2 class=\"wp-block-heading\">2. Condiciones de uso<\/h2>\n\n\n\n<p class=\"wp-block-paragraph\">El acceso y uso de este sitio web implica la aceptaci\u00f3n plena de las presentes condiciones de uso.<\/p>\n\n\n\n<ul class=\"wp-block-list\">\n<li>Los visitantes \u00fanicamente pueden <strong>consultar informaci\u00f3n<\/strong> publicada en el sitio web.<\/li>\n\n\n\n<li>El usuario se compromete a hacer un uso adecuado del sitio web y de los contenidos ofrecidos, as\u00ed como a no utilizarlos para fines il\u00edcitos.<\/li>\n<\/ul>\n\n\n\n<hr class=\"wp-block-separator has-alpha-channel-opacity\"\/>\n\n\n\n<h2 class=\"wp-block-heading\">3. Propiedad intelectual e industrial<\/h2>\n\n\n\n<p class=\"wp-block-paragraph\">Todos los contenidos de este sitio web, incluyendo textos, fotograf\u00edas, im\u00e1genes, logotipos, iconos, archivos descargables y software, son propiedad exclusiva de <strong>heideltiatar<\/strong> y est\u00e1n protegidos por la legislaci\u00f3n espa\u00f1ola y tratados internacionales sobre propiedad intelectual e industrial.<\/p>\n\n\n\n<p class=\"wp-block-paragraph\">Queda prohibida la reproducci\u00f3n, distribuci\u00f3n, comunicaci\u00f3n p\u00fablica o transformaci\u00f3n de los contenidos sin la autorizaci\u00f3n expresa del titular.<br>\u00a9 2026 heideltiatar. Todos los derechos reservados.<\/p>\n\n\n\n<hr class=\"wp-block-separator has-alpha-channel-opacity\"\/>\n\n\n\n<h2 class=\"wp-block-heading\">4. Exenci\u00f3n de responsabilidad<\/h2>\n\n\n\n<ul class=\"wp-block-list\">\n<li>Los talleres, reservas y dem\u00e1s contenidos ofrecidos en este sitio web se realizan bajo <strong>responsabilidad del usuario<\/strong> y est\u00e1n sujetos a condiciones espec\u00edficas que se indican en cada caso.<\/li>\n\n\n\n<li>El titular del sitio web no se hace responsable de posibles errores, omisiones o inexactitudes en la informaci\u00f3n publicada.<\/li>\n\n\n\n<li>El sitio web puede contener enlaces a p\u00e1ginas externas; <strong>heideltiatar<\/strong> no se hace responsable de los contenidos, pol\u00edticas de privacidad ni de los servicios de esos sitios externos.<\/li>\n<\/ul>","protected":false},"excerpt":{"rendered":"<p>Identificaci\u00f3n y Titularidad En cumplimiento del art\u00edculo 10 de la Ley 34\/2002, de 11 de julio, de Servicios de la Sociedad de la Informaci\u00f3n y Comercio Electr\u00f3nico, el Titular expone sus datos identificativos: Titular:&nbsp; FERNANDO SANCHEZ de CASTRO. NIF:&nbsp;04202212c Domicilio:&nbsp; SAN BUENAVENTURA N\u00ba21, Toledo &#8211; Espa\u00f1a. Correo electr\u00f3nico:&nbsp; fsanchex@gmail.com Sitio Web:&nbsp; https:\/\/hidesdeltietar.com Finalidad La finalidad [&hellip;]<\/p>\n","protected":false},"author":1,"featured_media":0,"parent":0,"menu_order":0,"comment_status":"closed","ping_status":"closed","template":"","meta":{"_crdt_document":"","footnotes":""},"class_list":["post-3146","page","type-page","status-publish","hentry"],"yoast_head":"<!-- This site is optimized with the Yoast SEO plugin v27.3 - https:\/\/yoast.com\/product\/yoast-seo-wordpress\/ -->\n<title>Aviso Legal -hides fotograf\u00eda<\/title>\n<meta name=\"description\" content=\"Hides fotograf\u00eda aves\" \/>\n<meta name=\"robots\" content=\"index, follow, max-snippet:-1, max-image-preview:large, max-video-preview:-1\" \/>\n<link rel=\"canonical\" href=\"https:\/\/hidesdeltietar.com\/en\/aviso-legal\/\" \/>\n<meta property=\"og:locale\" content=\"en_GB\" \/>\n<meta property=\"og:type\" content=\"article\" \/>\n<meta property=\"og:title\" content=\"Aviso Legal -hides fotograf\u00eda\" \/>\n<meta property=\"og:description\" content=\"Hides fotograf\u00eda aves\" \/>\n<meta property=\"og:url\" content=\"https:\/\/hidesdeltietar.com\/en\/aviso-legal\/\" \/>\n<meta property=\"og:site_name\" content=\"Hides del Ti\u00e9tar\" \/>\n<meta property=\"article:modified_time\" content=\"2026-02-14T03:43:35+00:00\" \/>\n<meta property=\"og:image\" content=\"https:\/\/hidesdeltietar.com\/wp-content\/uploads\/2017\/12\/FER5824-copia.jpg\" \/>\n\t<meta property=\"og:image:width\" content=\"800\" \/>\n\t<meta property=\"og:image:height\" content=\"534\" \/>\n\t<meta property=\"og:image:type\" content=\"image\/jpeg\" \/>\n<meta name=\"twitter:card\" content=\"summary_large_image\" \/>\n<meta name=\"twitter:label1\" content=\"Estimated reading time\" \/>\n\t<meta name=\"twitter:data1\" content=\"2 minutes\" \/>\n<script type=\"application\/ld+json\" class=\"yoast-schema-graph\">{\"@context\":\"https:\\\/\\\/schema.org\",\"@graph\":[{\"@type\":\"WebPage\",\"@id\":\"https:\\\/\\\/hidesdeltietar.com\\\/aviso-legal\\\/\",\"url\":\"https:\\\/\\\/hidesdeltietar.com\\\/aviso-legal\\\/\",\"name\":\"Aviso Legal -hides fotograf\u00eda\",\"isPartOf\":{\"@id\":\"https:\\\/\\\/hidesdeltietar.com\\\/#website\"},\"datePublished\":\"2026-02-13T14:41:42+00:00\",\"dateModified\":\"2026-02-14T03:43:35+00:00\",\"description\":\"Hides fotograf\u00eda aves\",\"breadcrumb\":{\"@id\":\"https:\\\/\\\/hidesdeltietar.com\\\/aviso-legal\\\/#breadcrumb\"},\"inLanguage\":\"en-GB\",\"potentialAction\":[{\"@type\":\"ReadAction\",\"target\":[\"https:\\\/\\\/hidesdeltietar.com\\\/aviso-legal\\\/\"]}]},{\"@type\":\"BreadcrumbList\",\"@id\":\"https:\\\/\\\/hidesdeltietar.com\\\/aviso-legal\\\/#breadcrumb\",\"itemListElement\":[{\"@type\":\"ListItem\",\"position\":1,\"name\":\"Portada\",\"item\":\"https:\\\/\\\/hidesdeltietar.com\\\/\"},{\"@type\":\"ListItem\",\"position\":2,\"name\":\"Aviso Legal\"}]},{\"@type\":\"WebSite\",\"@id\":\"https:\\\/\\\/hidesdeltietar.com\\\/#website\",\"url\":\"https:\\\/\\\/hidesdeltietar.com\\\/\",\"name\":\"Hides del Ti\u00e9tar\",\"description\":\"Hides fotograficos, fotografia de Fauna en Espa\u00f1a\",\"publisher\":{\"@id\":\"https:\\\/\\\/hidesdeltietar.com\\\/#\\\/schema\\\/person\\\/255bb2e69140f1ea0b5afd8ce546b35f\"},\"potentialAction\":[{\"@type\":\"SearchAction\",\"target\":{\"@type\":\"EntryPoint\",\"urlTemplate\":\"https:\\\/\\\/hidesdeltietar.com\\\/?s={search_term_string}\"},\"query-input\":{\"@type\":\"PropertyValueSpecification\",\"valueRequired\":true,\"valueName\":\"search_term_string\"}}],\"inLanguage\":\"en-GB\"},{\"@type\":[\"Person\",\"Organization\"],\"@id\":\"https:\\\/\\\/hidesdeltietar.com\\\/#\\\/schema\\\/person\\\/255bb2e69140f1ea0b5afd8ce546b35f\",\"name\":\"fsanchex\",\"image\":{\"@type\":\"ImageObject\",\"inLanguage\":\"en-GB\",\"@id\":\"https:\\\/\\\/hidesdeltietar.com\\\/wp-content\\\/uploads\\\/2017\\\/12\\\/Logo.png\",\"url\":\"https:\\\/\\\/hidesdeltietar.com\\\/wp-content\\\/uploads\\\/2017\\\/12\\\/Logo.png\",\"contentUrl\":\"https:\\\/\\\/hidesdeltietar.com\\\/wp-content\\\/uploads\\\/2017\\\/12\\\/Logo.png\",\"width\":3000,\"height\":2000,\"caption\":\"fsanchex\"},\"logo\":{\"@id\":\"https:\\\/\\\/hidesdeltietar.com\\\/wp-content\\\/uploads\\\/2017\\\/12\\\/Logo.png\"}}]}<\/script>\n<!-- \/ Yoast SEO plugin. -->","yoast_head_json":{"title":"Aviso Legal -hides fotograf\u00eda","description":"Hides fotograf\u00eda aves","robots":{"index":"index","follow":"follow","max-snippet":"max-snippet:-1","max-image-preview":"max-image-preview:large","max-video-preview":"max-video-preview:-1"},"canonical":"https:\/\/hidesdeltietar.com\/en\/aviso-legal\/","og_locale":"en_GB","og_type":"article","og_title":"Aviso Legal -hides fotograf\u00eda","og_description":"Hides fotograf\u00eda aves","og_url":"https:\/\/hidesdeltietar.com\/en\/aviso-legal\/","og_site_name":"Hides del Ti\u00e9tar","article_modified_time":"2026-02-14T03:43:35+00:00","og_image":[{"width":800,"height":534,"url":"https:\/\/hidesdeltietar.com\/wp-content\/uploads\/2017\/12\/FER5824-copia.jpg","type":"image\/jpeg"}],"twitter_card":"summary_large_image","twitter_misc":{"Estimated reading time":"2 minutes"},"schema":{"@context":"https:\/\/schema.org","@graph":[{"@type":"WebPage","@id":"https:\/\/hidesdeltietar.com\/aviso-legal\/","url":"https:\/\/hidesdeltietar.com\/aviso-legal\/","name":"Aviso Legal -hides fotograf\u00eda","isPartOf":{"@id":"https:\/\/hidesdeltietar.com\/#website"},"datePublished":"2026-02-13T14:41:42+00:00","dateModified":"2026-02-14T03:43:35+00:00","description":"Hides fotograf\u00eda aves","breadcrumb":{"@id":"https:\/\/hidesdeltietar.com\/aviso-legal\/#breadcrumb"},"inLanguage":"en-GB","potentialAction":[{"@type":"ReadAction","target":["https:\/\/hidesdeltietar.com\/aviso-legal\/"]}]},{"@type":"BreadcrumbList","@id":"https:\/\/hidesdeltietar.com\/aviso-legal\/#breadcrumb","itemListElement":[{"@type":"ListItem","position":1,"name":"Portada","item":"https:\/\/hidesdeltietar.com\/"},{"@type":"ListItem","position":2,"name":"Aviso Legal"}]},{"@type":"WebSite","@id":"https:\/\/hidesdeltietar.com\/#website","url":"https:\/\/hidesdeltietar.com\/","name":"Hides del Ti\u00e9tar","description":"Hides fotograficos, fotografia de Fauna en Espa\u00f1a","publisher":{"@id":"https:\/\/hidesdeltietar.com\/#\/schema\/person\/255bb2e69140f1ea0b5afd8ce546b35f"},"potentialAction":[{"@type":"SearchAction","target":{"@type":"EntryPoint","urlTemplate":"https:\/\/hidesdeltietar.com\/?s={search_term_string}"},"query-input":{"@type":"PropertyValueSpecification","valueRequired":true,"valueName":"search_term_string"}}],"inLanguage":"en-GB"},{"@type":["Person","Organization"],"@id":"https:\/\/hidesdeltietar.com\/#\/schema\/person\/255bb2e69140f1ea0b5afd8ce546b35f","name":"fsanchex","image":{"@type":"ImageObject","inLanguage":"en-GB","@id":"https:\/\/hidesdeltietar.com\/wp-content\/uploads\/2017\/12\/Logo.png","url":"https:\/\/hidesdeltietar.com\/wp-content\/uploads\/2017\/12\/Logo.png","contentUrl":"https:\/\/hidesdeltietar.com\/wp-content\/uploads\/2017\/12\/Logo.png","width":3000,"height":2000,"caption":"fsanchex"},"logo":{"@id":"https:\/\/hidesdeltietar.com\/wp-content\/uploads\/2017\/12\/Logo.png"}}]}},"_links":{"self":[{"href":"https:\/\/hidesdeltietar.com\/en\/wp-json\/wp\/v2\/pages\/3146","targetHints":{"allow":["GET"]}}],"collection":[{"href":"https:\/\/hidesdeltietar.com\/en\/wp-json\/wp\/v2\/pages"}],"about":[{"href":"https:\/\/hidesdeltietar.com\/en\/wp-json\/wp\/v2\/types\/page"}],"author":[{"embeddable":true,"href":"https:\/\/hidesdeltietar.com\/en\/wp-json\/wp\/v2\/users\/1"}],"replies":[{"embeddable":true,"href":"https:\/\/hidesdeltietar.com\/en\/wp-json\/wp\/v2\/comments?post=3146"}],"version-history":[{"count":2,"href":"https:\/\/hidesdeltietar.com\/en\/wp-json\/wp\/v2\/pages\/3146\/revisions"}],"predecessor-version":[{"id":3154,"href":"https:\/\/hidesdeltietar.com\/en\/wp-json\/wp\/v2\/pages\/3146\/revisions\/3154"}],"wp:attachment":[{"href":"https:\/\/hidesdeltietar.com\/en\/wp-json\/wp\/v2\/media?parent=3146"}],"curies":[{"name":"wp","href":"https:\/\/api.w.org\/{rel}","templated":true}]}}