{"id":2880,"date":"2025-07-26T08:53:43","date_gmt":"2025-07-26T08:53:43","guid":{"rendered":"https:\/\/hidesdeltietar.com\/?page_id=2880"},"modified":"2026-02-06T03:42:03","modified_gmt":"2026-02-06T03:42:03","slug":"taller-quebrantahuesos","status":"publish","type":"page","link":"https:\/\/hidesdeltietar.com\/en\/taller-quebrantahuesos\/","title":{"rendered":"Taller Quebrantahuesos"},"content":{"rendered":"<hr class=\"wp-block-separator has-alpha-channel-opacity\"\/>\n\n\n\n<h3 class=\"wp-block-heading\">\ud83e\uddb4 Taller de Fotograf\u00eda de Quebrantahuesos \u2013 Pirineo (junio)<\/h3>\n\n\n\n<p class=\"wp-block-paragraph\">\u00a1Prep\u00e1rate para vivir <strong>una experiencia \u00fanica en plena primavera del Pirineo<\/strong>!<br>Fotograf\u00eda <strong>las 4 especies de buitres de la pen\u00ednsula ib\u00e9rica<\/strong>:<br>Quebrantahuesos, Buitre negro, Alimoche y Buitre leonado.<\/p>\n\n\n\n<hr class=\"wp-block-separator has-alpha-channel-opacity\"\/>\n\n\n\n<h2 class=\"wp-block-heading\">\ud83d\udcc5 Fechas y grupos<\/h2>\n\n\n\n<p class=\"wp-block-paragraph\"><strong>Grupo 1:<\/strong> Entrada 10 junio \u2192 Actividad 11 y 12 junio<br><strong>Grupo 2:<\/strong> Entrada 12 junio \u2192 Actividad 13 y 14 junio<\/p>\n\n\n\n<p class=\"wp-block-paragraph\"><strong>Plan diario:<\/strong><\/p>\n\n\n\n<ul class=\"wp-block-list\">\n<li>Llegada: cena y <strong>alojamiento en habitaci\u00f3n individual<\/strong><\/li>\n\n\n\n<li>Sesiones de hide por la ma\u00f1ana y tarde<\/li>\n\n\n\n<li>Comida tipo picnic en el hide<\/li>\n\n\n\n<li>Desayuno, cena y alojamiento incluidos<\/li>\n\n\n\n<li>Finalizaci\u00f3n al mediod\u00eda del \u00faltimo d\u00eda<\/li>\n<\/ul>\n\n\n\n<p class=\"wp-block-paragraph\">\ud83d\udc49 Puedes elegir cualquier grupo, entre semana o fin de semana.<br>\ud83d\udc49 Precio: <strong>595 \u20ac por persona \/ grupo<\/strong><\/p>\n\n\n\n<hr class=\"wp-block-separator has-alpha-channel-opacity\"\/>\n\n\n\n<h2 class=\"wp-block-heading\">\u2705 Incluye<\/h2>\n\n\n\n<ul class=\"wp-block-list\">\n<li>Todas las <strong>sesiones de hide<\/strong><\/li>\n\n\n\n<li><strong>Alojamiento en habitaci\u00f3n individual<\/strong><\/li>\n\n\n\n<li><strong>Desayunos, comidas tipo picnic y cenas<\/strong><\/li>\n\n\n\n<li>Coordinaci\u00f3n del taller<\/li>\n<\/ul>\n\n\n\n<p class=\"wp-block-paragraph\">\u274c No incluye: desplazamiento hasta el hotel (Sort, Lleida) ni traslados a los hides<\/p>\n\n\n\n<hr class=\"wp-block-separator has-alpha-channel-opacity\"\/>\n\n\n\n<h2 class=\"wp-block-heading\">\u2139\ufe0f Informaci\u00f3n clave<\/h2>\n\n\n\n<ul class=\"wp-block-list\">\n<li>M\u00e1ximo <strong>10 personas por grupo<\/strong><\/li>\n\n\n\n<li>Junio en el Pirineo = <strong>primavera con temperaturas muy agradables<\/strong><\/li>\n\n\n\n<li>Si quieres fotos espectaculares, <strong>no esperes a otras fechas<\/strong><\/li>\n<\/ul>\n\n\n\n<hr class=\"wp-block-separator has-alpha-channel-opacity\"\/>\n\n\n\n<p class=\"wp-block-paragraph\">\ud83d\udccc <strong>Plazas limitadas<\/strong><br>Si quieres asegurarte un hueco, <strong>confirma tu asistencia cuanto antes<\/strong>.<\/p>\n\n\n\n<p class=\"wp-block-paragraph\">\ud83d\udce9 Reserva o m\u00e1s informaci\u00f3n:<br>\ud83d\udce7 info@hidesdeltietar.com<br>\ud83c\udf10 hidesdeltietar.com<br>\ud83d\udc64 Fernando S\u00e1nches de Castro \u2013 Hides del Ti\u00e9tar<\/p>\n\n\n\n<hr class=\"wp-block-separator has-alpha-channel-opacity\"\/>\n\n\n\n<figure class=\"wp-block-gallery has-nested-images columns-default is-cropped wp-block-gallery-1 is-layout-flex wp-block-gallery-is-layout-flex\">\n<figure class=\"wp-block-image size-large\"><img loading=\"lazy\" decoding=\"async\" width=\"1000\" height=\"668\" data-id=\"3113\" src=\"https:\/\/hidesdeltietar.com\/wp-content\/uploads\/2026\/02\/Z634854-copia-1000x668.jpg\" alt=\"\" class=\"wp-image-3113\" srcset=\"https:\/\/hidesdeltietar.com\/wp-content\/uploads\/2026\/02\/Z634854-copia-1000x668.jpg 1000w, https:\/\/hidesdeltietar.com\/wp-content\/uploads\/2026\/02\/Z634854-copia-300x200.jpg 300w, https:\/\/hidesdeltietar.com\/wp-content\/uploads\/2026\/02\/Z634854-copia-150x100.jpg 150w, https:\/\/hidesdeltietar.com\/wp-content\/uploads\/2026\/02\/Z634854-copia-768x512.jpg 768w, https:\/\/hidesdeltietar.com\/wp-content\/uploads\/2026\/02\/Z634854-copia-18x12.jpg 18w, https:\/\/hidesdeltietar.com\/wp-content\/uploads\/2026\/02\/Z634854-copia.jpg 1500w\" sizes=\"auto, (max-width: 1000px) 100vw, 1000px\" \/><\/figure>\n\n\n\n<figure class=\"wp-block-image size-large\"><img loading=\"lazy\" decoding=\"async\" width=\"360\" height=\"505\" data-id=\"3110\" src=\"https:\/\/hidesdeltietar.com\/wp-content\/uploads\/2026\/02\/Z630395-Editar-1.jpg\" alt=\"\" class=\"wp-image-3110\" srcset=\"https:\/\/hidesdeltietar.com\/wp-content\/uploads\/2026\/02\/Z630395-Editar-1.jpg 360w, https:\/\/hidesdeltietar.com\/wp-content\/uploads\/2026\/02\/Z630395-Editar-1-143x200.jpg 143w, https:\/\/hidesdeltietar.com\/wp-content\/uploads\/2026\/02\/Z630395-Editar-1-9x12.jpg 9w\" sizes=\"auto, (max-width: 360px) 100vw, 360px\" \/><\/figure>\n\n\n\n<figure class=\"wp-block-image size-large\"><img loading=\"lazy\" decoding=\"async\" width=\"1000\" height=\"668\" data-id=\"3114\" src=\"https:\/\/hidesdeltietar.com\/wp-content\/uploads\/2026\/02\/Z639997-Editar-1000x668.jpg\" alt=\"\" class=\"wp-image-3114\" srcset=\"https:\/\/hidesdeltietar.com\/wp-content\/uploads\/2026\/02\/Z639997-Editar-1000x668.jpg 1000w, https:\/\/hidesdeltietar.com\/wp-content\/uploads\/2026\/02\/Z639997-Editar-300x200.jpg 300w, https:\/\/hidesdeltietar.com\/wp-content\/uploads\/2026\/02\/Z639997-Editar-150x100.jpg 150w, https:\/\/hidesdeltietar.com\/wp-content\/uploads\/2026\/02\/Z639997-Editar-768x512.jpg 768w, https:\/\/hidesdeltietar.com\/wp-content\/uploads\/2026\/02\/Z639997-Editar-1536x1024.jpg 1536w, https:\/\/hidesdeltietar.com\/wp-content\/uploads\/2026\/02\/Z639997-Editar-18x12.jpg 18w, https:\/\/hidesdeltietar.com\/wp-content\/uploads\/2026\/02\/Z639997-Editar.jpg 2000w\" sizes=\"auto, (max-width: 1000px) 100vw, 1000px\" \/><\/figure>\n\n\n\n<figure class=\"wp-block-image size-large\"><img loading=\"lazy\" decoding=\"async\" width=\"1000\" height=\"668\" data-id=\"3111\" src=\"https:\/\/hidesdeltietar.com\/wp-content\/uploads\/2026\/02\/Z631229-Editar-1000x668.jpg\" alt=\"\" class=\"wp-image-3111\" srcset=\"https:\/\/hidesdeltietar.com\/wp-content\/uploads\/2026\/02\/Z631229-Editar-1000x668.jpg 1000w, https:\/\/hidesdeltietar.com\/wp-content\/uploads\/2026\/02\/Z631229-Editar-300x200.jpg 300w, https:\/\/hidesdeltietar.com\/wp-content\/uploads\/2026\/02\/Z631229-Editar-150x100.jpg 150w, https:\/\/hidesdeltietar.com\/wp-content\/uploads\/2026\/02\/Z631229-Editar-768x512.jpg 768w, https:\/\/hidesdeltietar.com\/wp-content\/uploads\/2026\/02\/Z631229-Editar-18x12.jpg 18w, https:\/\/hidesdeltietar.com\/wp-content\/uploads\/2026\/02\/Z631229-Editar.jpg 1200w\" sizes=\"auto, (max-width: 1000px) 100vw, 1000px\" \/><\/figure>\n\n\n\n<figure class=\"wp-block-image size-large\"><img loading=\"lazy\" decoding=\"async\" width=\"1000\" height=\"668\" data-id=\"3112\" src=\"https:\/\/hidesdeltietar.com\/wp-content\/uploads\/2026\/02\/Z639347-Editar-1000x668.jpg\" alt=\"\" class=\"wp-image-3112\" srcset=\"https:\/\/hidesdeltietar.com\/wp-content\/uploads\/2026\/02\/Z639347-Editar-1000x668.jpg 1000w, https:\/\/hidesdeltietar.com\/wp-content\/uploads\/2026\/02\/Z639347-Editar-300x200.jpg 300w, https:\/\/hidesdeltietar.com\/wp-content\/uploads\/2026\/02\/Z639347-Editar-150x100.jpg 150w, https:\/\/hidesdeltietar.com\/wp-content\/uploads\/2026\/02\/Z639347-Editar-768x512.jpg 768w, https:\/\/hidesdeltietar.com\/wp-content\/uploads\/2026\/02\/Z639347-Editar-18x12.jpg 18w, https:\/\/hidesdeltietar.com\/wp-content\/uploads\/2026\/02\/Z639347-Editar.jpg 1500w\" sizes=\"auto, (max-width: 1000px) 100vw, 1000px\" \/><\/figure>\n<\/figure>\n\n\n\n<figure class=\"wp-block-video\"><video height=\"3840\" style=\"aspect-ratio: 2160 \/ 3840;\" width=\"2160\" controls src=\"https:\/\/hidesdeltietar.com\/wp-content\/uploads\/2026\/02\/VID_20260129_104630.mp4\"><\/video><\/figure>","protected":false},"excerpt":{"rendered":"<p>\ud83e\uddb4 Taller de Fotograf\u00eda de Quebrantahuesos \u2013 Pirineo (junio) \u00a1Prep\u00e1rate para vivir una experiencia \u00fanica en plena primavera del Pirineo!Fotograf\u00eda las 4 especies de buitres de la pen\u00ednsula ib\u00e9rica:Quebrantahuesos, Buitre negro, Alimoche y Buitre leonado. \ud83d\udcc5 Fechas y grupos Grupo 1: Entrada 10 junio \u2192 Actividad 11 y 12 junioGrupo 2: Entrada 12 junio \u2192 [&hellip;]<\/p>\n","protected":false},"author":1,"featured_media":0,"parent":0,"menu_order":0,"comment_status":"closed","ping_status":"closed","template":"","meta":{"_crdt_document":"","footnotes":""},"class_list":["post-2880","page","type-page","status-publish","hentry"],"yoast_head":"<!-- This site is optimized with the Yoast SEO plugin v27.4 - https:\/\/yoast.com\/product\/yoast-seo-wordpress\/ -->\n<title>Taller Quebrantahuesos -hides fotograf\u00eda<\/title>\n<meta name=\"description\" content=\"Hides fotograf\u00eda aves\" \/>\n<meta name=\"robots\" content=\"index, follow, max-snippet:-1, max-image-preview:large, max-video-preview:-1\" \/>\n<link rel=\"canonical\" href=\"https:\/\/hidesdeltietar.com\/en\/taller-quebrantahuesos\/\" \/>\n<meta property=\"og:locale\" content=\"en_GB\" \/>\n<meta property=\"og:type\" content=\"article\" \/>\n<meta property=\"og:title\" content=\"Taller Quebrantahuesos -hides fotograf\u00eda\" \/>\n<meta property=\"og:description\" content=\"Hides fotograf\u00eda aves\" \/>\n<meta property=\"og:url\" content=\"https:\/\/hidesdeltietar.com\/en\/taller-quebrantahuesos\/\" \/>\n<meta property=\"og:site_name\" content=\"Hides del Ti\u00e9tar\" \/>\n<meta property=\"article:modified_time\" content=\"2026-02-06T03:42:03+00:00\" \/>\n<meta property=\"og:image\" content=\"https:\/\/hidesdeltietar.com\/wp-content\/uploads\/2026\/02\/Z634854-copia.jpg\" \/>\n\t<meta property=\"og:image:width\" content=\"1500\" \/>\n\t<meta property=\"og:image:height\" content=\"1000\" \/>\n\t<meta property=\"og:image:type\" content=\"image\/jpeg\" \/>\n<meta name=\"twitter:card\" content=\"summary_large_image\" \/>\n<meta name=\"twitter:label1\" content=\"Estimated reading time\" \/>\n\t<meta name=\"twitter:data1\" content=\"2 minutes\" \/>\n<script type=\"application\/ld+json\" class=\"yoast-schema-graph\">{\"@context\":\"https:\\\/\\\/schema.org\",\"@graph\":[{\"@type\":\"WebPage\",\"@id\":\"https:\\\/\\\/hidesdeltietar.com\\\/taller-quebrantahuesos\\\/\",\"url\":\"https:\\\/\\\/hidesdeltietar.com\\\/taller-quebrantahuesos\\\/\",\"name\":\"Taller Quebrantahuesos -hides fotograf\u00eda\",\"isPartOf\":{\"@id\":\"https:\\\/\\\/hidesdeltietar.com\\\/#website\"},\"primaryImageOfPage\":{\"@id\":\"https:\\\/\\\/hidesdeltietar.com\\\/taller-quebrantahuesos\\\/#primaryimage\"},\"image\":{\"@id\":\"https:\\\/\\\/hidesdeltietar.com\\\/taller-quebrantahuesos\\\/#primaryimage\"},\"thumbnailUrl\":\"https:\\\/\\\/hidesdeltietar.com\\\/wp-content\\\/uploads\\\/2026\\\/02\\\/Z634854-copia-1000x668.jpg\",\"datePublished\":\"2025-07-26T08:53:43+00:00\",\"dateModified\":\"2026-02-06T03:42:03+00:00\",\"description\":\"Hides fotograf\u00eda aves\",\"breadcrumb\":{\"@id\":\"https:\\\/\\\/hidesdeltietar.com\\\/taller-quebrantahuesos\\\/#breadcrumb\"},\"inLanguage\":\"en-GB\",\"potentialAction\":[{\"@type\":\"ReadAction\",\"target\":[\"https:\\\/\\\/hidesdeltietar.com\\\/taller-quebrantahuesos\\\/\"]}]},{\"@type\":\"ImageObject\",\"inLanguage\":\"en-GB\",\"@id\":\"https:\\\/\\\/hidesdeltietar.com\\\/taller-quebrantahuesos\\\/#primaryimage\",\"url\":\"https:\\\/\\\/hidesdeltietar.com\\\/wp-content\\\/uploads\\\/2026\\\/02\\\/Z634854-copia-1000x668.jpg\",\"contentUrl\":\"https:\\\/\\\/hidesdeltietar.com\\\/wp-content\\\/uploads\\\/2026\\\/02\\\/Z634854-copia-1000x668.jpg\"},{\"@type\":\"BreadcrumbList\",\"@id\":\"https:\\\/\\\/hidesdeltietar.com\\\/taller-quebrantahuesos\\\/#breadcrumb\",\"itemListElement\":[{\"@type\":\"ListItem\",\"position\":1,\"name\":\"Portada\",\"item\":\"https:\\\/\\\/hidesdeltietar.com\\\/\"},{\"@type\":\"ListItem\",\"position\":2,\"name\":\"Taller Quebrantahuesos\"}]},{\"@type\":\"WebSite\",\"@id\":\"https:\\\/\\\/hidesdeltietar.com\\\/#website\",\"url\":\"https:\\\/\\\/hidesdeltietar.com\\\/\",\"name\":\"Hides del Ti\u00e9tar\",\"description\":\"Hides fotograficos, fotografia de Fauna en Espa\u00f1a\",\"publisher\":{\"@id\":\"https:\\\/\\\/hidesdeltietar.com\\\/#\\\/schema\\\/person\\\/255bb2e69140f1ea0b5afd8ce546b35f\"},\"potentialAction\":[{\"@type\":\"SearchAction\",\"target\":{\"@type\":\"EntryPoint\",\"urlTemplate\":\"https:\\\/\\\/hidesdeltietar.com\\\/?s={search_term_string}\"},\"query-input\":{\"@type\":\"PropertyValueSpecification\",\"valueRequired\":true,\"valueName\":\"search_term_string\"}}],\"inLanguage\":\"en-GB\"},{\"@type\":[\"Person\",\"Organization\"],\"@id\":\"https:\\\/\\\/hidesdeltietar.com\\\/#\\\/schema\\\/person\\\/255bb2e69140f1ea0b5afd8ce546b35f\",\"name\":\"fsanchex\",\"image\":{\"@type\":\"ImageObject\",\"inLanguage\":\"en-GB\",\"@id\":\"https:\\\/\\\/hidesdeltietar.com\\\/wp-content\\\/uploads\\\/2017\\\/12\\\/Logo.png\",\"url\":\"https:\\\/\\\/hidesdeltietar.com\\\/wp-content\\\/uploads\\\/2017\\\/12\\\/Logo.png\",\"contentUrl\":\"https:\\\/\\\/hidesdeltietar.com\\\/wp-content\\\/uploads\\\/2017\\\/12\\\/Logo.png\",\"width\":3000,\"height\":2000,\"caption\":\"fsanchex\"},\"logo\":{\"@id\":\"https:\\\/\\\/hidesdeltietar.com\\\/wp-content\\\/uploads\\\/2017\\\/12\\\/Logo.png\"}}]}<\/script>\n<!-- \/ Yoast SEO plugin. -->","yoast_head_json":{"title":"Taller Quebrantahuesos -hides fotograf\u00eda","description":"Hides fotograf\u00eda aves","robots":{"index":"index","follow":"follow","max-snippet":"max-snippet:-1","max-image-preview":"max-image-preview:large","max-video-preview":"max-video-preview:-1"},"canonical":"https:\/\/hidesdeltietar.com\/en\/taller-quebrantahuesos\/","og_locale":"en_GB","og_type":"article","og_title":"Taller Quebrantahuesos -hides fotograf\u00eda","og_description":"Hides fotograf\u00eda aves","og_url":"https:\/\/hidesdeltietar.com\/en\/taller-quebrantahuesos\/","og_site_name":"Hides del Ti\u00e9tar","article_modified_time":"2026-02-06T03:42:03+00:00","og_image":[{"width":1500,"height":1000,"url":"https:\/\/hidesdeltietar.com\/wp-content\/uploads\/2026\/02\/Z634854-copia.jpg","type":"image\/jpeg"}],"twitter_card":"summary_large_image","twitter_misc":{"Estimated reading time":"2 minutes"},"schema":{"@context":"https:\/\/schema.org","@graph":[{"@type":"WebPage","@id":"https:\/\/hidesdeltietar.com\/taller-quebrantahuesos\/","url":"https:\/\/hidesdeltietar.com\/taller-quebrantahuesos\/","name":"Taller Quebrantahuesos -hides fotograf\u00eda","isPartOf":{"@id":"https:\/\/hidesdeltietar.com\/#website"},"primaryImageOfPage":{"@id":"https:\/\/hidesdeltietar.com\/taller-quebrantahuesos\/#primaryimage"},"image":{"@id":"https:\/\/hidesdeltietar.com\/taller-quebrantahuesos\/#primaryimage"},"thumbnailUrl":"https:\/\/hidesdeltietar.com\/wp-content\/uploads\/2026\/02\/Z634854-copia-1000x668.jpg","datePublished":"2025-07-26T08:53:43+00:00","dateModified":"2026-02-06T03:42:03+00:00","description":"Hides fotograf\u00eda aves","breadcrumb":{"@id":"https:\/\/hidesdeltietar.com\/taller-quebrantahuesos\/#breadcrumb"},"inLanguage":"en-GB","potentialAction":[{"@type":"ReadAction","target":["https:\/\/hidesdeltietar.com\/taller-quebrantahuesos\/"]}]},{"@type":"ImageObject","inLanguage":"en-GB","@id":"https:\/\/hidesdeltietar.com\/taller-quebrantahuesos\/#primaryimage","url":"https:\/\/hidesdeltietar.com\/wp-content\/uploads\/2026\/02\/Z634854-copia-1000x668.jpg","contentUrl":"https:\/\/hidesdeltietar.com\/wp-content\/uploads\/2026\/02\/Z634854-copia-1000x668.jpg"},{"@type":"BreadcrumbList","@id":"https:\/\/hidesdeltietar.com\/taller-quebrantahuesos\/#breadcrumb","itemListElement":[{"@type":"ListItem","position":1,"name":"Portada","item":"https:\/\/hidesdeltietar.com\/"},{"@type":"ListItem","position":2,"name":"Taller Quebrantahuesos"}]},{"@type":"WebSite","@id":"https:\/\/hidesdeltietar.com\/#website","url":"https:\/\/hidesdeltietar.com\/","name":"Hides del Ti\u00e9tar","description":"Hides fotograficos, fotografia de Fauna en Espa\u00f1a","publisher":{"@id":"https:\/\/hidesdeltietar.com\/#\/schema\/person\/255bb2e69140f1ea0b5afd8ce546b35f"},"potentialAction":[{"@type":"SearchAction","target":{"@type":"EntryPoint","urlTemplate":"https:\/\/hidesdeltietar.com\/?s={search_term_string}"},"query-input":{"@type":"PropertyValueSpecification","valueRequired":true,"valueName":"search_term_string"}}],"inLanguage":"en-GB"},{"@type":["Person","Organization"],"@id":"https:\/\/hidesdeltietar.com\/#\/schema\/person\/255bb2e69140f1ea0b5afd8ce546b35f","name":"fsanchex","image":{"@type":"ImageObject","inLanguage":"en-GB","@id":"https:\/\/hidesdeltietar.com\/wp-content\/uploads\/2017\/12\/Logo.png","url":"https:\/\/hidesdeltietar.com\/wp-content\/uploads\/2017\/12\/Logo.png","contentUrl":"https:\/\/hidesdeltietar.com\/wp-content\/uploads\/2017\/12\/Logo.png","width":3000,"height":2000,"caption":"fsanchex"},"logo":{"@id":"https:\/\/hidesdeltietar.com\/wp-content\/uploads\/2017\/12\/Logo.png"}}]}},"_links":{"self":[{"href":"https:\/\/hidesdeltietar.com\/en\/wp-json\/wp\/v2\/pages\/2880","targetHints":{"allow":["GET"]}}],"collection":[{"href":"https:\/\/hidesdeltietar.com\/en\/wp-json\/wp\/v2\/pages"}],"about":[{"href":"https:\/\/hidesdeltietar.com\/en\/wp-json\/wp\/v2\/types\/page"}],"author":[{"embeddable":true,"href":"https:\/\/hidesdeltietar.com\/en\/wp-json\/wp\/v2\/users\/1"}],"replies":[{"embeddable":true,"href":"https:\/\/hidesdeltietar.com\/en\/wp-json\/wp\/v2\/comments?post=2880"}],"version-history":[{"count":8,"href":"https:\/\/hidesdeltietar.com\/en\/wp-json\/wp\/v2\/pages\/2880\/revisions"}],"predecessor-version":[{"id":3118,"href":"https:\/\/hidesdeltietar.com\/en\/wp-json\/wp\/v2\/pages\/2880\/revisions\/3118"}],"wp:attachment":[{"href":"https:\/\/hidesdeltietar.com\/en\/wp-json\/wp\/v2\/media?parent=2880"}],"curies":[{"name":"wp","href":"https:\/\/api.w.org\/{rel}","templated":true}]}}