{"id":2852,"date":"2025-06-19T21:58:20","date_gmt":"2025-06-19T21:58:20","guid":{"rendered":"https:\/\/hidesdeltietar.com\/?page_id=2852"},"modified":"2026-01-10T10:17:34","modified_gmt":"2026-01-10T10:17:34","slug":"hide-de-carabo-comun-strix-aluco","status":"publish","type":"page","link":"https:\/\/hidesdeltietar.com\/en\/hide-de-carabo-comun-strix-aluco\/","title":{"rendered":"Hide de C\u00e1rabo com\u00fan (Strix aluco)"},"content":{"rendered":"<figure class=\"wp-block-image size-large\"><img loading=\"lazy\" decoding=\"async\" width=\"1000\" height=\"668\" src=\"https:\/\/hidesdeltietar.com\/wp-content\/uploads\/2025\/06\/Z631316-Mejorado-NR-1000x668.jpg\" alt=\"\" class=\"wp-image-2853\" srcset=\"https:\/\/hidesdeltietar.com\/wp-content\/uploads\/2025\/06\/Z631316-Mejorado-NR-1000x668.jpg 1000w, https:\/\/hidesdeltietar.com\/wp-content\/uploads\/2025\/06\/Z631316-Mejorado-NR-300x200.jpg 300w, https:\/\/hidesdeltietar.com\/wp-content\/uploads\/2025\/06\/Z631316-Mejorado-NR-150x100.jpg 150w, https:\/\/hidesdeltietar.com\/wp-content\/uploads\/2025\/06\/Z631316-Mejorado-NR-768x512.jpg 768w, https:\/\/hidesdeltietar.com\/wp-content\/uploads\/2025\/06\/Z631316-Mejorado-NR-18x12.jpg 18w, https:\/\/hidesdeltietar.com\/wp-content\/uploads\/2025\/06\/Z631316-Mejorado-NR.jpg 1200w\" sizes=\"auto, (max-width: 1000px) 100vw, 1000px\" \/><\/figure>\n\n\n\n<h2 class=\"wp-block-heading\">Hide para Fotografiar C\u00e1rabo Com\u00fan<\/h2>\n\n\n\n<p class=\"wp-block-paragraph\">Te ofrecemos una experiencia \u00fanica para fotografiar al <strong>c\u00e1rabo com\u00fan<\/strong> (Strix aluco) en un entorno controlado y preparado espec\u00edficamente para conseguir im\u00e1genes espectaculares de esta rapaz nocturna.<\/p>\n\n\n\n<h3 class=\"wp-block-heading\">Horario y Condiciones de la Sesi\u00f3n<\/h3>\n\n\n\n<p class=\"wp-block-paragraph\">Las sesiones comienzan aproximadamente <strong>una hora antes de la puesta de sol<\/strong>. Hay <strong>posibilidades de que el c\u00e1rabo entre a\u00fan con luz natural<\/strong>, lo que permite realizar algunas fotograf\u00edas de d\u00eda. A medida que cae la noche, continuaremos la sesi\u00f3n con iluminaci\u00f3n artificial preparada especialmente para estas circunstancias.<\/p>\n\n\n\n<p class=\"wp-block-paragraph\">La sesi\u00f3n tendr\u00e1 una <strong>duraci\u00f3n aproximada<\/strong> de 3 horas <\/p>\n\n\n\n<p class=\"wp-block-paragraph\">\u26a0\ufe0f <strong>Importante<\/strong>: No se garantizar que el ave entre con luz diurna<\/p>\n\n\n\n<h3 class=\"wp-block-heading\">Equipamiento Recomendado<\/h3>\n\n\n\n<p class=\"wp-block-paragraph\">Para obtener los mejores resultados, se recomienda el uso de objetivos de:<\/p>\n\n\n\n<ul class=\"wp-block-list\">\n<li><strong>400 mm<\/strong>, <strong>500mm. 600mm<\/strong><\/li>\n\n\n\n<li><strong>Tr\u00edpode<\/strong><\/li>\n<\/ul>\n\n\n\n<p class=\"wp-block-paragraph\">No es necesario traer equipo de iluminaci\u00f3n. Tanto los <strong>flashes<\/strong> como la <strong>luz continua<\/strong> ser\u00e1n proporcionados y gestionados por m\u00ed durante toda la sesi\u00f3n.<\/p>\n\n\n\n<h3 class=\"wp-block-heading\">Sobre el Hide<\/h3>\n\n\n\n<p class=\"wp-block-paragraph\">El hide es <strong>port\u00e1til y de tela<\/strong>, ideal para este tipo de fotograf\u00eda nocturna. <\/p>\n\n\n\n<p class=\"wp-block-paragraph\"><\/p>\n\n\n\n<h3 class=\"wp-block-heading\">Acompa\u00f1amiento y Supervisi\u00f3n<\/h3>\n\n\n\n<p class=\"wp-block-paragraph\">Durante toda la sesi\u00f3n, <strong>un gu\u00eda estar\u00e1 presente<\/strong> para asegurar el correcto desarrollo de la actividad y manejar la iluminaci\u00f3n. Tambi\u00e9n ser\u00e1 quien determine el momento de finalizar la sesi\u00f3n.<\/p>\n\n\n\n<h3 class=\"wp-block-heading\">Condiciones de Reserva<\/h3>\n\n\n\n<ul class=\"wp-block-list\">\n<li><strong>Precio por sesi\u00f3n: 140 \u20ac<\/strong><\/li>\n\n\n\n<li><strong>Una \u00fanica persona por sesi\u00f3n y d\u00eda<\/strong><\/li>\n<\/ul>\n\n\n\n<p class=\"wp-block-paragraph\">La sesi\u00f3n se puede repetir de forma gratuita en un plazo de dos meses<strong> si el C\u00e1rabo no entra<\/strong>; pasado ese plazo, cualquier nueva sesi\u00f3n se cobrar\u00e1 al precio normal.<\/p>\n\n\n\n<p class=\"wp-block-paragraph\"><\/p>\n\n\n\n<p class=\"wp-block-paragraph\"><\/p>\n\n\n\n<p class=\"wp-block-paragraph\">Reserva tu plaza:  <a href=\"https:\/\/hidesdeltietar.com\/en\/contacto\/\">Contact<\/a><\/p>\n\n\n\n<p class=\"wp-block-paragraph\"><\/p>\n\n\n\n<p class=\"wp-block-paragraph\"><\/p>\n\n\n\n<figure class=\"wp-block-image size-large\"><img loading=\"lazy\" decoding=\"async\" width=\"668\" height=\"668\" src=\"https:\/\/hidesdeltietar.com\/wp-content\/uploads\/2025\/06\/Z631042-Mejorado-NR-1-668x668.jpg\" alt=\"\" class=\"wp-image-2854\" srcset=\"https:\/\/hidesdeltietar.com\/wp-content\/uploads\/2025\/06\/Z631042-Mejorado-NR-1-668x668.jpg 668w, https:\/\/hidesdeltietar.com\/wp-content\/uploads\/2025\/06\/Z631042-Mejorado-NR-1-200x200.jpg 200w, https:\/\/hidesdeltietar.com\/wp-content\/uploads\/2025\/06\/Z631042-Mejorado-NR-1-768x768.jpg 768w, https:\/\/hidesdeltietar.com\/wp-content\/uploads\/2025\/06\/Z631042-Mejorado-NR-1-12x12.jpg 12w, https:\/\/hidesdeltietar.com\/wp-content\/uploads\/2025\/06\/Z631042-Mejorado-NR-1.jpg 1200w\" sizes=\"auto, (max-width: 668px) 100vw, 668px\" \/><\/figure>\n\n\n\n<figure class=\"wp-block-image size-large\"><img loading=\"lazy\" decoding=\"async\" width=\"1000\" height=\"668\" src=\"https:\/\/hidesdeltietar.com\/wp-content\/uploads\/2025\/12\/Z639294-1000x668.jpg\" alt=\"\" class=\"wp-image-3020\" srcset=\"https:\/\/hidesdeltietar.com\/wp-content\/uploads\/2025\/12\/Z639294-1000x668.jpg 1000w, https:\/\/hidesdeltietar.com\/wp-content\/uploads\/2025\/12\/Z639294-300x200.jpg 300w, https:\/\/hidesdeltietar.com\/wp-content\/uploads\/2025\/12\/Z639294-150x100.jpg 150w, https:\/\/hidesdeltietar.com\/wp-content\/uploads\/2025\/12\/Z639294-768x512.jpg 768w, https:\/\/hidesdeltietar.com\/wp-content\/uploads\/2025\/12\/Z639294-18x12.jpg 18w, https:\/\/hidesdeltietar.com\/wp-content\/uploads\/2025\/12\/Z639294.jpg 1200w\" sizes=\"auto, (max-width: 1000px) 100vw, 1000px\" \/><\/figure>\n\n\n\n<figure class=\"wp-block-image size-large\"><img loading=\"lazy\" decoding=\"async\" width=\"1000\" height=\"664\" src=\"https:\/\/hidesdeltietar.com\/wp-content\/uploads\/2025\/12\/Imagen-de-WhatsApp-2025-12-01-a-las-21.11.22_484d4b6e-1-1000x664.jpg\" alt=\"\" class=\"wp-image-3021\" srcset=\"https:\/\/hidesdeltietar.com\/wp-content\/uploads\/2025\/12\/Imagen-de-WhatsApp-2025-12-01-a-las-21.11.22_484d4b6e-1-1000x664.jpg 1000w, https:\/\/hidesdeltietar.com\/wp-content\/uploads\/2025\/12\/Imagen-de-WhatsApp-2025-12-01-a-las-21.11.22_484d4b6e-1-300x200.jpg 300w, https:\/\/hidesdeltietar.com\/wp-content\/uploads\/2025\/12\/Imagen-de-WhatsApp-2025-12-01-a-las-21.11.22_484d4b6e-1-150x100.jpg 150w, https:\/\/hidesdeltietar.com\/wp-content\/uploads\/2025\/12\/Imagen-de-WhatsApp-2025-12-01-a-las-21.11.22_484d4b6e-1-768x510.jpg 768w, https:\/\/hidesdeltietar.com\/wp-content\/uploads\/2025\/12\/Imagen-de-WhatsApp-2025-12-01-a-las-21.11.22_484d4b6e-1-1536x1020.jpg 1536w, https:\/\/hidesdeltietar.com\/wp-content\/uploads\/2025\/12\/Imagen-de-WhatsApp-2025-12-01-a-las-21.11.22_484d4b6e-1-18x12.jpg 18w, https:\/\/hidesdeltietar.com\/wp-content\/uploads\/2025\/12\/Imagen-de-WhatsApp-2025-12-01-a-las-21.11.22_484d4b6e-1.jpg 1600w\" sizes=\"auto, (max-width: 1000px) 100vw, 1000px\" \/><\/figure>\n\n\n\n<figure class=\"wp-block-image size-large\"><img loading=\"lazy\" decoding=\"async\" width=\"1000\" height=\"668\" src=\"https:\/\/hidesdeltietar.com\/wp-content\/uploads\/2025\/06\/Z631385-1000x668.jpg\" alt=\"\" class=\"wp-image-2857\" srcset=\"https:\/\/hidesdeltietar.com\/wp-content\/uploads\/2025\/06\/Z631385-1000x668.jpg 1000w, https:\/\/hidesdeltietar.com\/wp-content\/uploads\/2025\/06\/Z631385-300x200.jpg 300w, https:\/\/hidesdeltietar.com\/wp-content\/uploads\/2025\/06\/Z631385-150x100.jpg 150w, https:\/\/hidesdeltietar.com\/wp-content\/uploads\/2025\/06\/Z631385-768x512.jpg 768w, https:\/\/hidesdeltietar.com\/wp-content\/uploads\/2025\/06\/Z631385-18x12.jpg 18w, https:\/\/hidesdeltietar.com\/wp-content\/uploads\/2025\/06\/Z631385.jpg 1200w\" sizes=\"auto, (max-width: 1000px) 100vw, 1000px\" \/><\/figure>\n\n\n\n<div class=\"wp-block-buttons is-layout-flex wp-block-buttons-is-layout-flex\">\n<div class=\"wp-block-button\"><a class=\"wp-block-button__link wp-element-button\" href=\"https:\/\/hidesdeltietar.com\/en\/contacto\/\">CONTACTA<\/a><\/div>\n<\/div>\n\n\n\n<p class=\"wp-block-paragraph\"><\/p>","protected":false},"excerpt":{"rendered":"<p>Hide para Fotografiar C\u00e1rabo Com\u00fan Te ofrecemos una experiencia \u00fanica para fotografiar al c\u00e1rabo com\u00fan (Strix aluco) en un entorno controlado y preparado espec\u00edficamente para conseguir im\u00e1genes espectaculares de esta rapaz nocturna. Horario y Condiciones de la Sesi\u00f3n Las sesiones comienzan aproximadamente una hora antes de la puesta de sol. Hay posibilidades de que el [&hellip;]<\/p>\n","protected":false},"author":1,"featured_media":0,"parent":0,"menu_order":0,"comment_status":"closed","ping_status":"closed","template":"","meta":{"_crdt_document":"","footnotes":""},"class_list":["post-2852","page","type-page","status-publish","hentry"],"yoast_head":"<!-- This site is optimized with the Yoast SEO plugin v27.5 - https:\/\/yoast.com\/product\/yoast-seo-wordpress\/ -->\n<title>Hide de C\u00e1rabo com\u00fan (Strix aluco) -hides fotograf\u00eda<\/title>\n<meta name=\"description\" content=\"Hides fotograf\u00eda aves\" \/>\n<meta name=\"robots\" content=\"index, follow, max-snippet:-1, max-image-preview:large, max-video-preview:-1\" \/>\n<link rel=\"canonical\" href=\"https:\/\/hidesdeltietar.com\/en\/hide-de-carabo-comun-strix-aluco\/\" \/>\n<meta property=\"og:locale\" content=\"en_GB\" \/>\n<meta property=\"og:type\" content=\"article\" \/>\n<meta property=\"og:title\" content=\"Hide de C\u00e1rabo com\u00fan (Strix aluco) -hides fotograf\u00eda\" \/>\n<meta property=\"og:description\" content=\"Hides fotograf\u00eda aves\" \/>\n<meta property=\"og:url\" content=\"https:\/\/hidesdeltietar.com\/en\/hide-de-carabo-comun-strix-aluco\/\" \/>\n<meta property=\"og:site_name\" content=\"Hides del Ti\u00e9tar\" \/>\n<meta property=\"article:modified_time\" content=\"2026-01-10T10:17:34+00:00\" \/>\n<meta property=\"og:image\" content=\"https:\/\/hidesdeltietar.com\/wp-content\/uploads\/2025\/06\/Z631316-Mejorado-NR.jpg\" \/>\n\t<meta property=\"og:image:width\" content=\"1200\" \/>\n\t<meta property=\"og:image:height\" content=\"800\" \/>\n\t<meta property=\"og:image:type\" content=\"image\/jpeg\" \/>\n<meta name=\"twitter:card\" content=\"summary_large_image\" \/>\n<meta name=\"twitter:label1\" content=\"Estimated reading time\" \/>\n\t<meta name=\"twitter:data1\" content=\"3 minutes\" \/>\n<script type=\"application\/ld+json\" class=\"yoast-schema-graph\">{\"@context\":\"https:\\\/\\\/schema.org\",\"@graph\":[{\"@type\":\"WebPage\",\"@id\":\"https:\\\/\\\/hidesdeltietar.com\\\/hide-de-carabo-comun-strix-aluco\\\/\",\"url\":\"https:\\\/\\\/hidesdeltietar.com\\\/hide-de-carabo-comun-strix-aluco\\\/\",\"name\":\"Hide de C\u00e1rabo com\u00fan (Strix aluco) -hides fotograf\u00eda\",\"isPartOf\":{\"@id\":\"https:\\\/\\\/hidesdeltietar.com\\\/#website\"},\"primaryImageOfPage\":{\"@id\":\"https:\\\/\\\/hidesdeltietar.com\\\/hide-de-carabo-comun-strix-aluco\\\/#primaryimage\"},\"image\":{\"@id\":\"https:\\\/\\\/hidesdeltietar.com\\\/hide-de-carabo-comun-strix-aluco\\\/#primaryimage\"},\"thumbnailUrl\":\"https:\\\/\\\/hidesdeltietar.com\\\/wp-content\\\/uploads\\\/2025\\\/06\\\/Z631316-Mejorado-NR-1000x668.jpg\",\"datePublished\":\"2025-06-19T21:58:20+00:00\",\"dateModified\":\"2026-01-10T10:17:34+00:00\",\"description\":\"Hides fotograf\u00eda aves\",\"breadcrumb\":{\"@id\":\"https:\\\/\\\/hidesdeltietar.com\\\/hide-de-carabo-comun-strix-aluco\\\/#breadcrumb\"},\"inLanguage\":\"en-GB\",\"potentialAction\":[{\"@type\":\"ReadAction\",\"target\":[\"https:\\\/\\\/hidesdeltietar.com\\\/hide-de-carabo-comun-strix-aluco\\\/\"]}]},{\"@type\":\"ImageObject\",\"inLanguage\":\"en-GB\",\"@id\":\"https:\\\/\\\/hidesdeltietar.com\\\/hide-de-carabo-comun-strix-aluco\\\/#primaryimage\",\"url\":\"https:\\\/\\\/hidesdeltietar.com\\\/wp-content\\\/uploads\\\/2025\\\/06\\\/Z631316-Mejorado-NR-1000x668.jpg\",\"contentUrl\":\"https:\\\/\\\/hidesdeltietar.com\\\/wp-content\\\/uploads\\\/2025\\\/06\\\/Z631316-Mejorado-NR-1000x668.jpg\"},{\"@type\":\"BreadcrumbList\",\"@id\":\"https:\\\/\\\/hidesdeltietar.com\\\/hide-de-carabo-comun-strix-aluco\\\/#breadcrumb\",\"itemListElement\":[{\"@type\":\"ListItem\",\"position\":1,\"name\":\"Portada\",\"item\":\"https:\\\/\\\/hidesdeltietar.com\\\/\"},{\"@type\":\"ListItem\",\"position\":2,\"name\":\"Hide de C\u00e1rabo com\u00fan (Strix aluco)\"}]},{\"@type\":\"WebSite\",\"@id\":\"https:\\\/\\\/hidesdeltietar.com\\\/#website\",\"url\":\"https:\\\/\\\/hidesdeltietar.com\\\/\",\"name\":\"Hides del Ti\u00e9tar\",\"description\":\"Hides fotograficos, fotografia de Fauna en Espa\u00f1a\",\"publisher\":{\"@id\":\"https:\\\/\\\/hidesdeltietar.com\\\/#\\\/schema\\\/person\\\/255bb2e69140f1ea0b5afd8ce546b35f\"},\"potentialAction\":[{\"@type\":\"SearchAction\",\"target\":{\"@type\":\"EntryPoint\",\"urlTemplate\":\"https:\\\/\\\/hidesdeltietar.com\\\/?s={search_term_string}\"},\"query-input\":{\"@type\":\"PropertyValueSpecification\",\"valueRequired\":true,\"valueName\":\"search_term_string\"}}],\"inLanguage\":\"en-GB\"},{\"@type\":[\"Person\",\"Organization\"],\"@id\":\"https:\\\/\\\/hidesdeltietar.com\\\/#\\\/schema\\\/person\\\/255bb2e69140f1ea0b5afd8ce546b35f\",\"name\":\"fsanchex\",\"image\":{\"@type\":\"ImageObject\",\"inLanguage\":\"en-GB\",\"@id\":\"https:\\\/\\\/hidesdeltietar.com\\\/wp-content\\\/uploads\\\/2017\\\/12\\\/Logo.png\",\"url\":\"https:\\\/\\\/hidesdeltietar.com\\\/wp-content\\\/uploads\\\/2017\\\/12\\\/Logo.png\",\"contentUrl\":\"https:\\\/\\\/hidesdeltietar.com\\\/wp-content\\\/uploads\\\/2017\\\/12\\\/Logo.png\",\"width\":3000,\"height\":2000,\"caption\":\"fsanchex\"},\"logo\":{\"@id\":\"https:\\\/\\\/hidesdeltietar.com\\\/wp-content\\\/uploads\\\/2017\\\/12\\\/Logo.png\"}}]}<\/script>\n<!-- \/ Yoast SEO plugin. -->","yoast_head_json":{"title":"Hide de C\u00e1rabo com\u00fan (Strix aluco) -hides fotograf\u00eda","description":"Hides fotograf\u00eda aves","robots":{"index":"index","follow":"follow","max-snippet":"max-snippet:-1","max-image-preview":"max-image-preview:large","max-video-preview":"max-video-preview:-1"},"canonical":"https:\/\/hidesdeltietar.com\/en\/hide-de-carabo-comun-strix-aluco\/","og_locale":"en_GB","og_type":"article","og_title":"Hide de C\u00e1rabo com\u00fan (Strix aluco) -hides fotograf\u00eda","og_description":"Hides fotograf\u00eda aves","og_url":"https:\/\/hidesdeltietar.com\/en\/hide-de-carabo-comun-strix-aluco\/","og_site_name":"Hides del Ti\u00e9tar","article_modified_time":"2026-01-10T10:17:34+00:00","og_image":[{"width":1200,"height":800,"url":"https:\/\/hidesdeltietar.com\/wp-content\/uploads\/2025\/06\/Z631316-Mejorado-NR.jpg","type":"image\/jpeg"}],"twitter_card":"summary_large_image","twitter_misc":{"Estimated reading time":"3 minutes"},"schema":{"@context":"https:\/\/schema.org","@graph":[{"@type":"WebPage","@id":"https:\/\/hidesdeltietar.com\/hide-de-carabo-comun-strix-aluco\/","url":"https:\/\/hidesdeltietar.com\/hide-de-carabo-comun-strix-aluco\/","name":"Hide de C\u00e1rabo com\u00fan (Strix aluco) -hides fotograf\u00eda","isPartOf":{"@id":"https:\/\/hidesdeltietar.com\/#website"},"primaryImageOfPage":{"@id":"https:\/\/hidesdeltietar.com\/hide-de-carabo-comun-strix-aluco\/#primaryimage"},"image":{"@id":"https:\/\/hidesdeltietar.com\/hide-de-carabo-comun-strix-aluco\/#primaryimage"},"thumbnailUrl":"https:\/\/hidesdeltietar.com\/wp-content\/uploads\/2025\/06\/Z631316-Mejorado-NR-1000x668.jpg","datePublished":"2025-06-19T21:58:20+00:00","dateModified":"2026-01-10T10:17:34+00:00","description":"Hides fotograf\u00eda aves","breadcrumb":{"@id":"https:\/\/hidesdeltietar.com\/hide-de-carabo-comun-strix-aluco\/#breadcrumb"},"inLanguage":"en-GB","potentialAction":[{"@type":"ReadAction","target":["https:\/\/hidesdeltietar.com\/hide-de-carabo-comun-strix-aluco\/"]}]},{"@type":"ImageObject","inLanguage":"en-GB","@id":"https:\/\/hidesdeltietar.com\/hide-de-carabo-comun-strix-aluco\/#primaryimage","url":"https:\/\/hidesdeltietar.com\/wp-content\/uploads\/2025\/06\/Z631316-Mejorado-NR-1000x668.jpg","contentUrl":"https:\/\/hidesdeltietar.com\/wp-content\/uploads\/2025\/06\/Z631316-Mejorado-NR-1000x668.jpg"},{"@type":"BreadcrumbList","@id":"https:\/\/hidesdeltietar.com\/hide-de-carabo-comun-strix-aluco\/#breadcrumb","itemListElement":[{"@type":"ListItem","position":1,"name":"Portada","item":"https:\/\/hidesdeltietar.com\/"},{"@type":"ListItem","position":2,"name":"Hide de C\u00e1rabo com\u00fan (Strix aluco)"}]},{"@type":"WebSite","@id":"https:\/\/hidesdeltietar.com\/#website","url":"https:\/\/hidesdeltietar.com\/","name":"Hides del Ti\u00e9tar","description":"Hides fotograficos, fotografia de Fauna en Espa\u00f1a","publisher":{"@id":"https:\/\/hidesdeltietar.com\/#\/schema\/person\/255bb2e69140f1ea0b5afd8ce546b35f"},"potentialAction":[{"@type":"SearchAction","target":{"@type":"EntryPoint","urlTemplate":"https:\/\/hidesdeltietar.com\/?s={search_term_string}"},"query-input":{"@type":"PropertyValueSpecification","valueRequired":true,"valueName":"search_term_string"}}],"inLanguage":"en-GB"},{"@type":["Person","Organization"],"@id":"https:\/\/hidesdeltietar.com\/#\/schema\/person\/255bb2e69140f1ea0b5afd8ce546b35f","name":"fsanchex","image":{"@type":"ImageObject","inLanguage":"en-GB","@id":"https:\/\/hidesdeltietar.com\/wp-content\/uploads\/2017\/12\/Logo.png","url":"https:\/\/hidesdeltietar.com\/wp-content\/uploads\/2017\/12\/Logo.png","contentUrl":"https:\/\/hidesdeltietar.com\/wp-content\/uploads\/2017\/12\/Logo.png","width":3000,"height":2000,"caption":"fsanchex"},"logo":{"@id":"https:\/\/hidesdeltietar.com\/wp-content\/uploads\/2017\/12\/Logo.png"}}]}},"_links":{"self":[{"href":"https:\/\/hidesdeltietar.com\/en\/wp-json\/wp\/v2\/pages\/2852","targetHints":{"allow":["GET"]}}],"collection":[{"href":"https:\/\/hidesdeltietar.com\/en\/wp-json\/wp\/v2\/pages"}],"about":[{"href":"https:\/\/hidesdeltietar.com\/en\/wp-json\/wp\/v2\/types\/page"}],"author":[{"embeddable":true,"href":"https:\/\/hidesdeltietar.com\/en\/wp-json\/wp\/v2\/users\/1"}],"replies":[{"embeddable":true,"href":"https:\/\/hidesdeltietar.com\/en\/wp-json\/wp\/v2\/comments?post=2852"}],"version-history":[{"count":6,"href":"https:\/\/hidesdeltietar.com\/en\/wp-json\/wp\/v2\/pages\/2852\/revisions"}],"predecessor-version":[{"id":3045,"href":"https:\/\/hidesdeltietar.com\/en\/wp-json\/wp\/v2\/pages\/2852\/revisions\/3045"}],"wp:attachment":[{"href":"https:\/\/hidesdeltietar.com\/en\/wp-json\/wp\/v2\/media?parent=2852"}],"curies":[{"name":"wp","href":"https:\/\/api.w.org\/{rel}","templated":true}]}}