{"id":2726,"date":"2025-02-03T00:10:06","date_gmt":"2025-02-03T00:10:06","guid":{"rendered":"https:\/\/hidesdeltietar.com\/?page_id=2726"},"modified":"2025-02-03T00:10:07","modified_gmt":"2025-02-03T00:10:07","slug":"taller-de-fotografia-de-rapaces","status":"publish","type":"page","link":"https:\/\/hidesdeltietar.com\/en\/taller-de-fotografia-de-rapaces\/","title":{"rendered":"Taller de fotograf\u00eda de rapaces"},"content":{"rendered":"<figure class=\"wp-block-image size-large\"><img loading=\"lazy\" decoding=\"async\" width=\"534\" height=\"668\" src=\"https:\/\/hidesdeltietar.com\/wp-content\/uploads\/2025\/02\/cartel-rapaces-1-534x668.jpg\" alt=\"\" class=\"wp-image-2727\" srcset=\"https:\/\/hidesdeltietar.com\/wp-content\/uploads\/2025\/02\/cartel-rapaces-1-534x668.jpg 534w, https:\/\/hidesdeltietar.com\/wp-content\/uploads\/2025\/02\/cartel-rapaces-1-160x200.jpg 160w, https:\/\/hidesdeltietar.com\/wp-content\/uploads\/2025\/02\/cartel-rapaces-1-768x960.jpg 768w, https:\/\/hidesdeltietar.com\/wp-content\/uploads\/2025\/02\/cartel-rapaces-1-1229x1536.jpg 1229w, https:\/\/hidesdeltietar.com\/wp-content\/uploads\/2025\/02\/cartel-rapaces-1-1638x2048.jpg 1638w, https:\/\/hidesdeltietar.com\/wp-content\/uploads\/2025\/02\/cartel-rapaces-1-10x12.jpg 10w, https:\/\/hidesdeltietar.com\/wp-content\/uploads\/2025\/02\/cartel-rapaces-1-scaled.jpg 2048w\" sizes=\"auto, (max-width: 534px) 100vw, 534px\" \/><\/figure>\n\n\n\n<hr class=\"wp-block-separator has-alpha-channel-opacity\"\/>\n\n\n\n<h3 class=\"wp-block-heading\">Taller de Fotograf\u00eda de Aves Rapaces<\/h3>\n\n\n\n<p class=\"wp-block-paragraph\">\ud83d\udcc5 <strong>Fechas:<\/strong><\/p>\n\n\n\n<ul class=\"wp-block-list\">\n<li><strong>Taller 1:<\/strong> 10 y 11 de mayo<\/li>\n\n\n\n<li><strong>Taller 2:<\/strong> 12 y 13 de mayo<\/li>\n<\/ul>\n\n\n\n<p class=\"wp-block-paragraph\">\ud83d\udccd <strong>Ubicaci\u00f3n:<\/strong> Navarredonda de Gredos<\/p>\n\n\n\n<p class=\"wp-block-paragraph\">Precio 170\u20ac<\/p>\n\n\n\n<p class=\"wp-block-paragraph\">Te invitamos a vivir una experiencia \u00fanica en nuestro <strong>Taller de Fotograf\u00eda de Aves Rapaces<\/strong>, dise\u00f1ado para fot\u00f3grafos de todos los niveles. A lo largo de dos d\u00edas, aprender\u00e1s tanto la teor\u00eda como la pr\u00e1ctica necesarias para capturar im\u00e1genes impresionantes de aves en vuelo.<\/p>\n\n\n\n<h4 class=\"wp-block-heading\">\ud83d\udd39 \u00bfQu\u00e9 incluye el taller?<\/h4>\n\n\n\n<p class=\"wp-block-paragraph\">\ud83d\udcd6 <strong>Parte te\u00f3rica<\/strong> (10:00 &#8211; 13:00, primer d\u00eda)<\/p>\n\n\n\n<ul class=\"wp-block-list\">\n<li>Introducci\u00f3n a la fotograf\u00eda de aves rapaces.<\/li>\n\n\n\n<li>Ajustes y configuraciones recomendadas para c\u00e1maras en fotos de acci\u00f3n y vuelo.<\/li>\n\n\n\n<li>Charlas impartidas por especialistas en las marcas de equipos m\u00e1s utilizados.<\/li>\n<\/ul>\n\n\n\n<p class=\"wp-block-paragraph\">\ud83d\udcf8 <strong>Parte pr\u00e1ctica<\/strong><\/p>\n\n\n\n<ul class=\"wp-block-list\">\n<li><strong>D\u00eda 1 (16:00 &#8211; 19:00) y D\u00eda 2 (10:00 &#8211; 12:00):<\/strong><\/li>\n\n\n\n<li>Sesi\u00f3n fotogr\u00e1fica con un cetrero profesional que nos traer\u00e1 varias especies de rapaces.<\/li>\n\n\n\n<li>Pr\u00e1ctica con vuelos controlados para perfeccionar el enfoque y la captura en acci\u00f3n.<\/li>\n\n\n\n<li>Especies participantes: <strong>B\u00faho real, lechuza nival, b\u00faho virginiano, \u00e1guila de Harris y cern\u00edcalo.<\/strong><\/li>\n<\/ul>\n\n\n\n<p class=\"wp-block-paragraph\">Este taller es una oportunidad ideal para mejorar tu t\u00e9cnica y capturar im\u00e1genes espectaculares de estas majestuosas aves. \u00a1Reserva tu plaza y prep\u00e1rate para una experiencia inolvidable!<\/p>\n\n\n\n<p class=\"wp-block-paragraph\">\ud83d\udce9 <strong>Para m\u00e1s informaci\u00f3n y reservas, cont\u00e1ctanos en:<\/strong> CONTACTO<\/p>\n\n\n\n<p class=\"wp-block-paragraph\"><\/p>","protected":false},"excerpt":{"rendered":"<p>Taller de Fotograf\u00eda de Aves Rapaces \ud83d\udcc5 Fechas: \ud83d\udccd Ubicaci\u00f3n: Navarredonda de Gredos Precio 170\u20ac Te invitamos a vivir una experiencia \u00fanica en nuestro Taller de Fotograf\u00eda de Aves Rapaces, dise\u00f1ado para fot\u00f3grafos de todos los niveles. A lo largo de dos d\u00edas, aprender\u00e1s tanto la teor\u00eda como la pr\u00e1ctica necesarias para capturar im\u00e1genes impresionantes [&hellip;]<\/p>\n","protected":false},"author":1,"featured_media":0,"parent":0,"menu_order":0,"comment_status":"closed","ping_status":"closed","template":"","meta":{"_crdt_document":"","footnotes":""},"class_list":["post-2726","page","type-page","status-publish","hentry"],"yoast_head":"<!-- This site is optimized with the Yoast SEO plugin v27.4 - https:\/\/yoast.com\/product\/yoast-seo-wordpress\/ -->\n<title>Taller de fotograf\u00eda de rapaces -hides fotograf\u00eda<\/title>\n<meta name=\"description\" content=\"Hides fotograf\u00eda aves\" \/>\n<meta name=\"robots\" content=\"index, follow, max-snippet:-1, max-image-preview:large, max-video-preview:-1\" \/>\n<link rel=\"canonical\" href=\"https:\/\/hidesdeltietar.com\/en\/taller-de-fotografia-de-rapaces\/\" \/>\n<meta property=\"og:locale\" content=\"en_GB\" \/>\n<meta property=\"og:type\" content=\"article\" \/>\n<meta property=\"og:title\" content=\"Taller de fotograf\u00eda de rapaces -hides fotograf\u00eda\" \/>\n<meta property=\"og:description\" content=\"Hides fotograf\u00eda aves\" \/>\n<meta property=\"og:url\" content=\"https:\/\/hidesdeltietar.com\/en\/taller-de-fotografia-de-rapaces\/\" \/>\n<meta property=\"og:site_name\" content=\"Hides del Ti\u00e9tar\" \/>\n<meta property=\"article:modified_time\" content=\"2025-02-03T00:10:07+00:00\" \/>\n<meta property=\"og:image\" content=\"https:\/\/hidesdeltietar.com\/wp-content\/uploads\/2025\/02\/cartel-rapaces-1-534x668.jpg\" \/>\n<meta name=\"twitter:card\" content=\"summary_large_image\" \/>\n<meta name=\"twitter:label1\" content=\"Estimated reading time\" \/>\n\t<meta name=\"twitter:data1\" content=\"2 minutes\" \/>\n<script type=\"application\/ld+json\" class=\"yoast-schema-graph\">{\"@context\":\"https:\\\/\\\/schema.org\",\"@graph\":[{\"@type\":\"WebPage\",\"@id\":\"https:\\\/\\\/hidesdeltietar.com\\\/taller-de-fotografia-de-rapaces\\\/\",\"url\":\"https:\\\/\\\/hidesdeltietar.com\\\/taller-de-fotografia-de-rapaces\\\/\",\"name\":\"Taller de fotograf\u00eda de rapaces -hides fotograf\u00eda\",\"isPartOf\":{\"@id\":\"https:\\\/\\\/hidesdeltietar.com\\\/#website\"},\"primaryImageOfPage\":{\"@id\":\"https:\\\/\\\/hidesdeltietar.com\\\/taller-de-fotografia-de-rapaces\\\/#primaryimage\"},\"image\":{\"@id\":\"https:\\\/\\\/hidesdeltietar.com\\\/taller-de-fotografia-de-rapaces\\\/#primaryimage\"},\"thumbnailUrl\":\"https:\\\/\\\/hidesdeltietar.com\\\/wp-content\\\/uploads\\\/2025\\\/02\\\/cartel-rapaces-1-534x668.jpg\",\"datePublished\":\"2025-02-03T00:10:06+00:00\",\"dateModified\":\"2025-02-03T00:10:07+00:00\",\"description\":\"Hides fotograf\u00eda aves\",\"breadcrumb\":{\"@id\":\"https:\\\/\\\/hidesdeltietar.com\\\/taller-de-fotografia-de-rapaces\\\/#breadcrumb\"},\"inLanguage\":\"en-GB\",\"potentialAction\":[{\"@type\":\"ReadAction\",\"target\":[\"https:\\\/\\\/hidesdeltietar.com\\\/taller-de-fotografia-de-rapaces\\\/\"]}]},{\"@type\":\"ImageObject\",\"inLanguage\":\"en-GB\",\"@id\":\"https:\\\/\\\/hidesdeltietar.com\\\/taller-de-fotografia-de-rapaces\\\/#primaryimage\",\"url\":\"https:\\\/\\\/hidesdeltietar.com\\\/wp-content\\\/uploads\\\/2025\\\/02\\\/cartel-rapaces-1-534x668.jpg\",\"contentUrl\":\"https:\\\/\\\/hidesdeltietar.com\\\/wp-content\\\/uploads\\\/2025\\\/02\\\/cartel-rapaces-1-534x668.jpg\"},{\"@type\":\"BreadcrumbList\",\"@id\":\"https:\\\/\\\/hidesdeltietar.com\\\/taller-de-fotografia-de-rapaces\\\/#breadcrumb\",\"itemListElement\":[{\"@type\":\"ListItem\",\"position\":1,\"name\":\"Portada\",\"item\":\"https:\\\/\\\/hidesdeltietar.com\\\/\"},{\"@type\":\"ListItem\",\"position\":2,\"name\":\"Taller de fotograf\u00eda de rapaces\"}]},{\"@type\":\"WebSite\",\"@id\":\"https:\\\/\\\/hidesdeltietar.com\\\/#website\",\"url\":\"https:\\\/\\\/hidesdeltietar.com\\\/\",\"name\":\"Hides del Ti\u00e9tar\",\"description\":\"Hides fotograficos, fotografia de Fauna en Espa\u00f1a\",\"publisher\":{\"@id\":\"https:\\\/\\\/hidesdeltietar.com\\\/#\\\/schema\\\/person\\\/255bb2e69140f1ea0b5afd8ce546b35f\"},\"potentialAction\":[{\"@type\":\"SearchAction\",\"target\":{\"@type\":\"EntryPoint\",\"urlTemplate\":\"https:\\\/\\\/hidesdeltietar.com\\\/?s={search_term_string}\"},\"query-input\":{\"@type\":\"PropertyValueSpecification\",\"valueRequired\":true,\"valueName\":\"search_term_string\"}}],\"inLanguage\":\"en-GB\"},{\"@type\":[\"Person\",\"Organization\"],\"@id\":\"https:\\\/\\\/hidesdeltietar.com\\\/#\\\/schema\\\/person\\\/255bb2e69140f1ea0b5afd8ce546b35f\",\"name\":\"fsanchex\",\"image\":{\"@type\":\"ImageObject\",\"inLanguage\":\"en-GB\",\"@id\":\"https:\\\/\\\/hidesdeltietar.com\\\/wp-content\\\/uploads\\\/2017\\\/12\\\/Logo.png\",\"url\":\"https:\\\/\\\/hidesdeltietar.com\\\/wp-content\\\/uploads\\\/2017\\\/12\\\/Logo.png\",\"contentUrl\":\"https:\\\/\\\/hidesdeltietar.com\\\/wp-content\\\/uploads\\\/2017\\\/12\\\/Logo.png\",\"width\":3000,\"height\":2000,\"caption\":\"fsanchex\"},\"logo\":{\"@id\":\"https:\\\/\\\/hidesdeltietar.com\\\/wp-content\\\/uploads\\\/2017\\\/12\\\/Logo.png\"}}]}<\/script>\n<!-- \/ Yoast SEO plugin. -->","yoast_head_json":{"title":"Taller de fotograf\u00eda de rapaces -hides fotograf\u00eda","description":"Hides fotograf\u00eda aves","robots":{"index":"index","follow":"follow","max-snippet":"max-snippet:-1","max-image-preview":"max-image-preview:large","max-video-preview":"max-video-preview:-1"},"canonical":"https:\/\/hidesdeltietar.com\/en\/taller-de-fotografia-de-rapaces\/","og_locale":"en_GB","og_type":"article","og_title":"Taller de fotograf\u00eda de rapaces -hides fotograf\u00eda","og_description":"Hides fotograf\u00eda aves","og_url":"https:\/\/hidesdeltietar.com\/en\/taller-de-fotografia-de-rapaces\/","og_site_name":"Hides del Ti\u00e9tar","article_modified_time":"2025-02-03T00:10:07+00:00","og_image":[{"url":"https:\/\/hidesdeltietar.com\/wp-content\/uploads\/2025\/02\/cartel-rapaces-1-534x668.jpg","type":"","width":"","height":""}],"twitter_card":"summary_large_image","twitter_misc":{"Estimated reading time":"2 minutes"},"schema":{"@context":"https:\/\/schema.org","@graph":[{"@type":"WebPage","@id":"https:\/\/hidesdeltietar.com\/taller-de-fotografia-de-rapaces\/","url":"https:\/\/hidesdeltietar.com\/taller-de-fotografia-de-rapaces\/","name":"Taller de fotograf\u00eda de rapaces -hides fotograf\u00eda","isPartOf":{"@id":"https:\/\/hidesdeltietar.com\/#website"},"primaryImageOfPage":{"@id":"https:\/\/hidesdeltietar.com\/taller-de-fotografia-de-rapaces\/#primaryimage"},"image":{"@id":"https:\/\/hidesdeltietar.com\/taller-de-fotografia-de-rapaces\/#primaryimage"},"thumbnailUrl":"https:\/\/hidesdeltietar.com\/wp-content\/uploads\/2025\/02\/cartel-rapaces-1-534x668.jpg","datePublished":"2025-02-03T00:10:06+00:00","dateModified":"2025-02-03T00:10:07+00:00","description":"Hides fotograf\u00eda aves","breadcrumb":{"@id":"https:\/\/hidesdeltietar.com\/taller-de-fotografia-de-rapaces\/#breadcrumb"},"inLanguage":"en-GB","potentialAction":[{"@type":"ReadAction","target":["https:\/\/hidesdeltietar.com\/taller-de-fotografia-de-rapaces\/"]}]},{"@type":"ImageObject","inLanguage":"en-GB","@id":"https:\/\/hidesdeltietar.com\/taller-de-fotografia-de-rapaces\/#primaryimage","url":"https:\/\/hidesdeltietar.com\/wp-content\/uploads\/2025\/02\/cartel-rapaces-1-534x668.jpg","contentUrl":"https:\/\/hidesdeltietar.com\/wp-content\/uploads\/2025\/02\/cartel-rapaces-1-534x668.jpg"},{"@type":"BreadcrumbList","@id":"https:\/\/hidesdeltietar.com\/taller-de-fotografia-de-rapaces\/#breadcrumb","itemListElement":[{"@type":"ListItem","position":1,"name":"Portada","item":"https:\/\/hidesdeltietar.com\/"},{"@type":"ListItem","position":2,"name":"Taller de fotograf\u00eda de rapaces"}]},{"@type":"WebSite","@id":"https:\/\/hidesdeltietar.com\/#website","url":"https:\/\/hidesdeltietar.com\/","name":"Hides del Ti\u00e9tar","description":"Hides fotograficos, fotografia de Fauna en Espa\u00f1a","publisher":{"@id":"https:\/\/hidesdeltietar.com\/#\/schema\/person\/255bb2e69140f1ea0b5afd8ce546b35f"},"potentialAction":[{"@type":"SearchAction","target":{"@type":"EntryPoint","urlTemplate":"https:\/\/hidesdeltietar.com\/?s={search_term_string}"},"query-input":{"@type":"PropertyValueSpecification","valueRequired":true,"valueName":"search_term_string"}}],"inLanguage":"en-GB"},{"@type":["Person","Organization"],"@id":"https:\/\/hidesdeltietar.com\/#\/schema\/person\/255bb2e69140f1ea0b5afd8ce546b35f","name":"fsanchex","image":{"@type":"ImageObject","inLanguage":"en-GB","@id":"https:\/\/hidesdeltietar.com\/wp-content\/uploads\/2017\/12\/Logo.png","url":"https:\/\/hidesdeltietar.com\/wp-content\/uploads\/2017\/12\/Logo.png","contentUrl":"https:\/\/hidesdeltietar.com\/wp-content\/uploads\/2017\/12\/Logo.png","width":3000,"height":2000,"caption":"fsanchex"},"logo":{"@id":"https:\/\/hidesdeltietar.com\/wp-content\/uploads\/2017\/12\/Logo.png"}}]}},"_links":{"self":[{"href":"https:\/\/hidesdeltietar.com\/en\/wp-json\/wp\/v2\/pages\/2726","targetHints":{"allow":["GET"]}}],"collection":[{"href":"https:\/\/hidesdeltietar.com\/en\/wp-json\/wp\/v2\/pages"}],"about":[{"href":"https:\/\/hidesdeltietar.com\/en\/wp-json\/wp\/v2\/types\/page"}],"author":[{"embeddable":true,"href":"https:\/\/hidesdeltietar.com\/en\/wp-json\/wp\/v2\/users\/1"}],"replies":[{"embeddable":true,"href":"https:\/\/hidesdeltietar.com\/en\/wp-json\/wp\/v2\/comments?post=2726"}],"version-history":[{"count":1,"href":"https:\/\/hidesdeltietar.com\/en\/wp-json\/wp\/v2\/pages\/2726\/revisions"}],"predecessor-version":[{"id":2729,"href":"https:\/\/hidesdeltietar.com\/en\/wp-json\/wp\/v2\/pages\/2726\/revisions\/2729"}],"wp:attachment":[{"href":"https:\/\/hidesdeltietar.com\/en\/wp-json\/wp\/v2\/media?parent=2726"}],"curies":[{"name":"wp","href":"https:\/\/api.w.org\/{rel}","templated":true}]}}