{"id":2352,"date":"2023-04-11T19:49:18","date_gmt":"2023-04-11T19:49:18","guid":{"rendered":"https:\/\/hidesdeltietar.com\/?page_id=2352"},"modified":"2025-12-26T09:37:31","modified_gmt":"2025-12-26T09:37:31","slug":"hide-de-abubilla","status":"publish","type":"page","link":"https:\/\/hidesdeltietar.com\/en\/hide-de-abubilla\/","title":{"rendered":"Hide de Abubilla"},"content":{"rendered":"<ul class=\"wp-block-list\">\n<li><\/li>\n<\/ul>\n\n\n\n<h2 class=\"wp-block-heading\">Hide de Fotograf\u00eda de Abubilla<\/h2>\n\n\n\n<p class=\"wp-block-paragraph\"><strong>Upupa epops<\/strong><\/p>\n\n\n\n<p class=\"wp-block-paragraph\">Una de las aves m\u00e1s llamativas y fotog\u00e9nicas de nuestro entorno, la <strong>abubilla<\/strong> destaca por su inconfundible cresta, su vuelo ondulante y su comportamiento curioso. Este hide te ofrece la oportunidad de <strong>fotografiarla a corta distancia<\/strong>, con total comodidad y sin interferencias.<\/p>\n\n\n\n<hr class=\"wp-block-separator has-alpha-channel-opacity\"\/>\n\n\n\n<h3 class=\"wp-block-heading\">Detalles del hide<\/h3>\n\n\n\n<ul class=\"wp-block-list\">\n<li><strong>Capacidad para 2 fot\u00f3grafos<\/strong><\/li>\n\n\n\n<li>Sesiones por la <strong>tarde<\/strong>, de <strong>16:00 h a 20:00 h<\/strong><\/li>\n\n\n\n<li><strong>Without glass spy<\/strong>, visi\u00f3n directa<\/li>\n\n\n\n<li><strong>Distancia al posadero: 8 metros<\/strong>, ideal para objetivos de <strong>400, 500 o 600 mm<\/strong><\/li>\n\n\n\n<li>Entorno natural controlado y posaderos cuidados para obtener fondos limpios y agradables<\/li>\n<\/ul>\n\n\n\n<hr class=\"wp-block-separator has-alpha-channel-opacity\"\/>\n\n\n\n<h3 class=\"wp-block-heading\">Price<\/h3>\n\n\n\n<ul class=\"wp-block-list\">\n<li><strong>1 fot\u00f3grafo<\/strong>: 90 \u20ac<\/li>\n\n\n\n<li><strong>2 fot\u00f3grafos<\/strong>: 80 \u20ac por persona<\/li>\n<\/ul>\n\n\n\n<blockquote class=\"wp-block-quote is-layout-flow wp-block-quote-is-layout-flow\">\n<p class=\"wp-block-paragraph\">El pago se realiza al llegar al hide, en efectivo.<\/p>\n<\/blockquote>\n\n\n\n<hr class=\"wp-block-separator has-alpha-channel-opacity\"\/>\n\n\n\n<h3 class=\"wp-block-heading\">Recommendations<\/h3>\n\n\n\n<ul class=\"wp-block-list\">\n<li>Ropa oscura o de tonos neutros<\/li>\n\n\n\n<li>Llegar con antelaci\u00f3n para evitar molestias<\/li>\n\n\n\n<li>Permanecer en silencio y evitar movimientos bruscos durante la sesi\u00f3n<\/li>\n<\/ul>\n\n\n\n<hr class=\"wp-block-separator has-alpha-channel-opacity\"\/>\n\n\n\n<p class=\"wp-block-paragraph\">Si te gusta la fotograf\u00eda de aves y quieres capturar a la abubilla en un entorno cuidado, este hide es una excelente opci\u00f3n para conseguir im\u00e1genes impactantes.<\/p>\n\n\n\n<p class=\"wp-block-paragraph\"><strong>Reserva tu plaza y disfruta de una sesi\u00f3n de fotograf\u00eda exclusiva.<\/strong><\/p>\n\n\n\n<p class=\"wp-block-paragraph\"><\/p>\n\n\n\n<p class=\"wp-block-paragraph\"><\/p>\n\n\n\n<p class=\"wp-block-paragraph\"><a href=\"https:\/\/hidesdeltietar.com\/en\/contacto\/\">Contact<\/a><\/p>\n\n\n\n<hr class=\"wp-block-separator has-alpha-channel-opacity\"\/>\n\n\n\n<figure class=\"wp-block-image size-full\"><img loading=\"lazy\" decoding=\"async\" width=\"1200\" height=\"1817\" src=\"https:\/\/hidesdeltietar.com\/wp-content\/uploads\/2023\/04\/FER8544-copia.jpg\" alt=\"\" class=\"wp-image-2354\" srcset=\"https:\/\/hidesdeltietar.com\/wp-content\/uploads\/2023\/04\/FER8544-copia.jpg 1200w, https:\/\/hidesdeltietar.com\/wp-content\/uploads\/2023\/04\/FER8544-copia-768x1162.jpg 768w\" sizes=\"auto, (max-width: 1200px) 100vw, 1200px\" \/><\/figure>\n\n\n\n<hr class=\"wp-block-separator has-alpha-channel-opacity\"\/>\n\n\n\n<figure class=\"wp-block-image size-full\"><img loading=\"lazy\" decoding=\"async\" width=\"1200\" height=\"1798\" src=\"https:\/\/hidesdeltietar.com\/wp-content\/uploads\/2024\/04\/DSC_5151-Mejorado-NR-1.jpg\" alt=\"\" class=\"wp-image-2645\" srcset=\"https:\/\/hidesdeltietar.com\/wp-content\/uploads\/2024\/04\/DSC_5151-Mejorado-NR-1.jpg 1200w, https:\/\/hidesdeltietar.com\/wp-content\/uploads\/2024\/04\/DSC_5151-Mejorado-NR-1-768x1150.jpg 768w\" sizes=\"auto, (max-width: 1200px) 100vw, 1200px\" \/><\/figure>\n\n\n\n<hr class=\"wp-block-separator has-alpha-channel-opacity\"\/>\n\n\n\n<figure class=\"wp-block-image size-large\"><img loading=\"lazy\" decoding=\"async\" width=\"1000\" height=\"668\" src=\"https:\/\/hidesdeltietar.com\/wp-content\/uploads\/2024\/04\/DSC_5148-1-1000x668.jpg\" alt=\"\" class=\"wp-image-2644\" srcset=\"https:\/\/hidesdeltietar.com\/wp-content\/uploads\/2024\/04\/DSC_5148-1-1000x668.jpg 1000w, https:\/\/hidesdeltietar.com\/wp-content\/uploads\/2024\/04\/DSC_5148-1-300x200.jpg 300w, https:\/\/hidesdeltietar.com\/wp-content\/uploads\/2024\/04\/DSC_5148-1-150x100.jpg 150w, https:\/\/hidesdeltietar.com\/wp-content\/uploads\/2024\/04\/DSC_5148-1-18x12.jpg 18w\" sizes=\"auto, (max-width: 1000px) 100vw, 1000px\" \/><\/figure>\n\n\n\n<hr class=\"wp-block-separator has-alpha-channel-opacity\"\/>\n\n\n\n<figure class=\"wp-block-embed is-type-video is-provider-youtube wp-block-embed-youtube wp-embed-aspect-16-9 wp-has-aspect-ratio\"><div class=\"wp-block-embed__wrapper\">\n<iframe loading=\"lazy\" title=\"Abubilla Upupa epops\" width=\"500\" height=\"281\" src=\"https:\/\/www.youtube.com\/embed\/Ik4YWjff-4w?feature=oembed\" frameborder=\"0\" allow=\"accelerometer; autoplay; clipboard-write; encrypted-media; gyroscope; picture-in-picture; web-share\" referrerpolicy=\"strict-origin-when-cross-origin\" allowfullscreen><\/iframe>\n<\/div><\/figure>","protected":false},"excerpt":{"rendered":"<p>Hide de Fotograf\u00eda de Abubilla Upupa epops Una de las aves m\u00e1s llamativas y fotog\u00e9nicas de nuestro entorno, la abubilla destaca por su inconfundible cresta, su vuelo ondulante y su comportamiento curioso. Este hide te ofrece la oportunidad de fotografiarla a corta distancia, con total comodidad y sin interferencias. Detalles del hide Precio El pago [&hellip;]<\/p>\n","protected":false},"author":1,"featured_media":0,"parent":0,"menu_order":0,"comment_status":"closed","ping_status":"closed","template":"page-templates\/template-fullwidth.php","meta":{"_crdt_document":"","footnotes":""},"class_list":["post-2352","page","type-page","status-publish","hentry"],"yoast_head":"<!-- This site is optimized with the Yoast SEO plugin v27.3 - https:\/\/yoast.com\/product\/yoast-seo-wordpress\/ -->\n<title>Hide de Abubilla -hides fotograf\u00eda<\/title>\n<meta name=\"description\" content=\"Hides fotograf\u00eda aves\" \/>\n<meta name=\"robots\" content=\"index, follow, max-snippet:-1, max-image-preview:large, max-video-preview:-1\" \/>\n<link rel=\"canonical\" href=\"https:\/\/hidesdeltietar.com\/en\/hide-de-abubilla\/\" \/>\n<meta property=\"og:locale\" content=\"en_GB\" \/>\n<meta property=\"og:type\" content=\"article\" \/>\n<meta property=\"og:title\" content=\"Hide de Abubilla -hides fotograf\u00eda\" \/>\n<meta property=\"og:description\" content=\"Hides fotograf\u00eda aves\" \/>\n<meta property=\"og:url\" content=\"https:\/\/hidesdeltietar.com\/en\/hide-de-abubilla\/\" \/>\n<meta property=\"og:site_name\" content=\"Hides del Ti\u00e9tar\" \/>\n<meta property=\"article:modified_time\" content=\"2025-12-26T09:37:31+00:00\" \/>\n<meta property=\"og:image\" content=\"https:\/\/hidesdeltietar.com\/wp-content\/uploads\/2023\/04\/FER8544-copia.jpg\" \/>\n\t<meta property=\"og:image:width\" content=\"1200\" \/>\n\t<meta property=\"og:image:height\" content=\"1817\" \/>\n\t<meta property=\"og:image:type\" content=\"image\/jpeg\" \/>\n<meta name=\"twitter:card\" content=\"summary_large_image\" \/>\n<meta name=\"twitter:label1\" content=\"Estimated reading time\" \/>\n\t<meta name=\"twitter:data1\" content=\"2 minutes\" \/>\n<script type=\"application\/ld+json\" class=\"yoast-schema-graph\">{\"@context\":\"https:\\\/\\\/schema.org\",\"@graph\":[{\"@type\":\"WebPage\",\"@id\":\"https:\\\/\\\/hidesdeltietar.com\\\/hide-de-abubilla\\\/\",\"url\":\"https:\\\/\\\/hidesdeltietar.com\\\/hide-de-abubilla\\\/\",\"name\":\"Hide de Abubilla -hides fotograf\u00eda\",\"isPartOf\":{\"@id\":\"https:\\\/\\\/hidesdeltietar.com\\\/#website\"},\"primaryImageOfPage\":{\"@id\":\"https:\\\/\\\/hidesdeltietar.com\\\/hide-de-abubilla\\\/#primaryimage\"},\"image\":{\"@id\":\"https:\\\/\\\/hidesdeltietar.com\\\/hide-de-abubilla\\\/#primaryimage\"},\"thumbnailUrl\":\"https:\\\/\\\/hidesdeltietar.com\\\/wp-content\\\/uploads\\\/2023\\\/04\\\/FER8544-copia.jpg\",\"datePublished\":\"2023-04-11T19:49:18+00:00\",\"dateModified\":\"2025-12-26T09:37:31+00:00\",\"description\":\"Hides fotograf\u00eda aves\",\"breadcrumb\":{\"@id\":\"https:\\\/\\\/hidesdeltietar.com\\\/hide-de-abubilla\\\/#breadcrumb\"},\"inLanguage\":\"en-GB\",\"potentialAction\":[{\"@type\":\"ReadAction\",\"target\":[\"https:\\\/\\\/hidesdeltietar.com\\\/hide-de-abubilla\\\/\"]}]},{\"@type\":\"ImageObject\",\"inLanguage\":\"en-GB\",\"@id\":\"https:\\\/\\\/hidesdeltietar.com\\\/hide-de-abubilla\\\/#primaryimage\",\"url\":\"https:\\\/\\\/hidesdeltietar.com\\\/wp-content\\\/uploads\\\/2023\\\/04\\\/FER8544-copia.jpg\",\"contentUrl\":\"https:\\\/\\\/hidesdeltietar.com\\\/wp-content\\\/uploads\\\/2023\\\/04\\\/FER8544-copia.jpg\"},{\"@type\":\"BreadcrumbList\",\"@id\":\"https:\\\/\\\/hidesdeltietar.com\\\/hide-de-abubilla\\\/#breadcrumb\",\"itemListElement\":[{\"@type\":\"ListItem\",\"position\":1,\"name\":\"Portada\",\"item\":\"https:\\\/\\\/hidesdeltietar.com\\\/\"},{\"@type\":\"ListItem\",\"position\":2,\"name\":\"Hide de Abubilla\"}]},{\"@type\":\"WebSite\",\"@id\":\"https:\\\/\\\/hidesdeltietar.com\\\/#website\",\"url\":\"https:\\\/\\\/hidesdeltietar.com\\\/\",\"name\":\"Hides del Ti\u00e9tar\",\"description\":\"Hides fotograficos, fotografia de Fauna en Espa\u00f1a\",\"publisher\":{\"@id\":\"https:\\\/\\\/hidesdeltietar.com\\\/#\\\/schema\\\/person\\\/255bb2e69140f1ea0b5afd8ce546b35f\"},\"potentialAction\":[{\"@type\":\"SearchAction\",\"target\":{\"@type\":\"EntryPoint\",\"urlTemplate\":\"https:\\\/\\\/hidesdeltietar.com\\\/?s={search_term_string}\"},\"query-input\":{\"@type\":\"PropertyValueSpecification\",\"valueRequired\":true,\"valueName\":\"search_term_string\"}}],\"inLanguage\":\"en-GB\"},{\"@type\":[\"Person\",\"Organization\"],\"@id\":\"https:\\\/\\\/hidesdeltietar.com\\\/#\\\/schema\\\/person\\\/255bb2e69140f1ea0b5afd8ce546b35f\",\"name\":\"fsanchex\",\"image\":{\"@type\":\"ImageObject\",\"inLanguage\":\"en-GB\",\"@id\":\"https:\\\/\\\/hidesdeltietar.com\\\/wp-content\\\/uploads\\\/2017\\\/12\\\/Logo.png\",\"url\":\"https:\\\/\\\/hidesdeltietar.com\\\/wp-content\\\/uploads\\\/2017\\\/12\\\/Logo.png\",\"contentUrl\":\"https:\\\/\\\/hidesdeltietar.com\\\/wp-content\\\/uploads\\\/2017\\\/12\\\/Logo.png\",\"width\":3000,\"height\":2000,\"caption\":\"fsanchex\"},\"logo\":{\"@id\":\"https:\\\/\\\/hidesdeltietar.com\\\/wp-content\\\/uploads\\\/2017\\\/12\\\/Logo.png\"}}]}<\/script>\n<!-- \/ Yoast SEO plugin. -->","yoast_head_json":{"title":"Hide de Abubilla -hides fotograf\u00eda","description":"Hides fotograf\u00eda aves","robots":{"index":"index","follow":"follow","max-snippet":"max-snippet:-1","max-image-preview":"max-image-preview:large","max-video-preview":"max-video-preview:-1"},"canonical":"https:\/\/hidesdeltietar.com\/en\/hide-de-abubilla\/","og_locale":"en_GB","og_type":"article","og_title":"Hide de Abubilla -hides fotograf\u00eda","og_description":"Hides fotograf\u00eda aves","og_url":"https:\/\/hidesdeltietar.com\/en\/hide-de-abubilla\/","og_site_name":"Hides del Ti\u00e9tar","article_modified_time":"2025-12-26T09:37:31+00:00","og_image":[{"width":1200,"height":1817,"url":"https:\/\/hidesdeltietar.com\/wp-content\/uploads\/2023\/04\/FER8544-copia.jpg","type":"image\/jpeg"}],"twitter_card":"summary_large_image","twitter_misc":{"Estimated reading time":"2 minutes"},"schema":{"@context":"https:\/\/schema.org","@graph":[{"@type":"WebPage","@id":"https:\/\/hidesdeltietar.com\/hide-de-abubilla\/","url":"https:\/\/hidesdeltietar.com\/hide-de-abubilla\/","name":"Hide de Abubilla -hides fotograf\u00eda","isPartOf":{"@id":"https:\/\/hidesdeltietar.com\/#website"},"primaryImageOfPage":{"@id":"https:\/\/hidesdeltietar.com\/hide-de-abubilla\/#primaryimage"},"image":{"@id":"https:\/\/hidesdeltietar.com\/hide-de-abubilla\/#primaryimage"},"thumbnailUrl":"https:\/\/hidesdeltietar.com\/wp-content\/uploads\/2023\/04\/FER8544-copia.jpg","datePublished":"2023-04-11T19:49:18+00:00","dateModified":"2025-12-26T09:37:31+00:00","description":"Hides fotograf\u00eda aves","breadcrumb":{"@id":"https:\/\/hidesdeltietar.com\/hide-de-abubilla\/#breadcrumb"},"inLanguage":"en-GB","potentialAction":[{"@type":"ReadAction","target":["https:\/\/hidesdeltietar.com\/hide-de-abubilla\/"]}]},{"@type":"ImageObject","inLanguage":"en-GB","@id":"https:\/\/hidesdeltietar.com\/hide-de-abubilla\/#primaryimage","url":"https:\/\/hidesdeltietar.com\/wp-content\/uploads\/2023\/04\/FER8544-copia.jpg","contentUrl":"https:\/\/hidesdeltietar.com\/wp-content\/uploads\/2023\/04\/FER8544-copia.jpg"},{"@type":"BreadcrumbList","@id":"https:\/\/hidesdeltietar.com\/hide-de-abubilla\/#breadcrumb","itemListElement":[{"@type":"ListItem","position":1,"name":"Portada","item":"https:\/\/hidesdeltietar.com\/"},{"@type":"ListItem","position":2,"name":"Hide de Abubilla"}]},{"@type":"WebSite","@id":"https:\/\/hidesdeltietar.com\/#website","url":"https:\/\/hidesdeltietar.com\/","name":"Hides del Ti\u00e9tar","description":"Hides fotograficos, fotografia de Fauna en Espa\u00f1a","publisher":{"@id":"https:\/\/hidesdeltietar.com\/#\/schema\/person\/255bb2e69140f1ea0b5afd8ce546b35f"},"potentialAction":[{"@type":"SearchAction","target":{"@type":"EntryPoint","urlTemplate":"https:\/\/hidesdeltietar.com\/?s={search_term_string}"},"query-input":{"@type":"PropertyValueSpecification","valueRequired":true,"valueName":"search_term_string"}}],"inLanguage":"en-GB"},{"@type":["Person","Organization"],"@id":"https:\/\/hidesdeltietar.com\/#\/schema\/person\/255bb2e69140f1ea0b5afd8ce546b35f","name":"fsanchex","image":{"@type":"ImageObject","inLanguage":"en-GB","@id":"https:\/\/hidesdeltietar.com\/wp-content\/uploads\/2017\/12\/Logo.png","url":"https:\/\/hidesdeltietar.com\/wp-content\/uploads\/2017\/12\/Logo.png","contentUrl":"https:\/\/hidesdeltietar.com\/wp-content\/uploads\/2017\/12\/Logo.png","width":3000,"height":2000,"caption":"fsanchex"},"logo":{"@id":"https:\/\/hidesdeltietar.com\/wp-content\/uploads\/2017\/12\/Logo.png"}}]}},"_links":{"self":[{"href":"https:\/\/hidesdeltietar.com\/en\/wp-json\/wp\/v2\/pages\/2352","targetHints":{"allow":["GET"]}}],"collection":[{"href":"https:\/\/hidesdeltietar.com\/en\/wp-json\/wp\/v2\/pages"}],"about":[{"href":"https:\/\/hidesdeltietar.com\/en\/wp-json\/wp\/v2\/types\/page"}],"author":[{"embeddable":true,"href":"https:\/\/hidesdeltietar.com\/en\/wp-json\/wp\/v2\/users\/1"}],"replies":[{"embeddable":true,"href":"https:\/\/hidesdeltietar.com\/en\/wp-json\/wp\/v2\/comments?post=2352"}],"version-history":[{"count":17,"href":"https:\/\/hidesdeltietar.com\/en\/wp-json\/wp\/v2\/pages\/2352\/revisions"}],"predecessor-version":[{"id":3030,"href":"https:\/\/hidesdeltietar.com\/en\/wp-json\/wp\/v2\/pages\/2352\/revisions\/3030"}],"wp:attachment":[{"href":"https:\/\/hidesdeltietar.com\/en\/wp-json\/wp\/v2\/media?parent=2352"}],"curies":[{"name":"wp","href":"https:\/\/api.w.org\/{rel}","templated":true}]}}