{"id":213,"date":"2017-12-07T00:30:03","date_gmt":"2017-12-07T00:30:03","guid":{"rendered":"https:\/\/hidesdeltietar.com\/?page_id=213"},"modified":"2026-04-24T06:48:13","modified_gmt":"2026-04-24T06:48:13","slug":"hide-abejarucos","status":"publish","type":"page","link":"https:\/\/hidesdeltietar.com\/en\/hide-abejarucos\/","title":{"rendered":"Hide bee eaters, Merops apiaster"},"content":{"rendered":"<section class=\"wpb_row bg-fixed\"><div class=\"container\"><div class=\"rows\"><div class=\"wpb_column vc_column_container one columns2\" ><div class=\"ak_column-inner\"><div class=\"wpb_wrapper\">\n\t<div class=\"wpb_text_column wpb_content_element\" >\n\t\t<div class=\"wpb_wrapper\">\n\t\t\t<h1 data-section-id=\"12gexzh\" data-start=\"121\" data-end=\"145\">HIDE OF BEE EATERS<\/h1>\n<p data-start=\"147\" data-end=\"271\">El abejaruco es, probablemente, una de las especies m\u00e1s agradecidas y espectaculares para fotografiar en esta \u00e9poca del a\u00f1o.<\/p>\n<p data-start=\"273\" data-end=\"330\">Color, comportamiento y movimiento en un mismo escenario.<\/p>\n<p data-start=\"332\" data-end=\"593\">Este hide est\u00e1 planteado para ofrecer una sesi\u00f3n muy din\u00e1mica, con <strong data-start=\"399\" data-end=\"432\">entradas y salidas constantes<\/strong> y m\u00faltiples oportunidades de captura. El acceso a <strong data-start=\"483\" data-end=\"507\">varios nidos activos<\/strong> hace que la actividad sea continua, permitiendo trabajar tanto posados como acciones.<\/p>\n<p data-start=\"595\" data-end=\"720\">Es una sesi\u00f3n pensada para disfrutar fotografiando, sin tiempos muertos y con muchas opciones de conseguir im\u00e1genes variadas.<\/p>\n<hr data-start=\"722\" data-end=\"725\" \/>\n<h2 data-section-id=\"1h5fssf\" data-start=\"727\" data-end=\"754\">\ud83d\udcf8 DETALLES DE LA SESI\u00d3N<\/h2>\n<ul data-start=\"756\" data-end=\"982\">\n<li data-section-id=\"ak25c6\" data-start=\"756\" data-end=\"793\">Grupo reducido: m\u00e1ximo 4 personas<\/li>\n<li data-section-id=\"1lgj4at\" data-start=\"794\" data-end=\"822\">Horario: de 7:30 a 12:00<\/li>\n<li data-section-id=\"24evih\" data-start=\"823\" data-end=\"874\">Distancia al posadero: aproximadamente 8 metros<\/li>\n<li data-section-id=\"1gzgtw9\" data-start=\"875\" data-end=\"911\">Focal recomendada: 400mm \u2013 600mm<\/li>\n<li data-section-id=\"11lajyl\" data-start=\"912\" data-end=\"946\">Acceso al hide en veh\u00edculo 4&#215;4<\/li>\n<li data-section-id=\"1y6zirx\" data-start=\"947\" data-end=\"982\">Hide port\u00e1til sin cristal esp\u00eda<\/li>\n<\/ul>\n<hr data-start=\"984\" data-end=\"987\" \/>\n<h2 data-section-id=\"12afjxm\" data-start=\"989\" data-end=\"1001\">\ud83d\udcb0 PRECIO<\/h2>\n<ul data-start=\"1003\" data-end=\"1034\">\n<li data-section-id=\"1uzw1f6\" data-start=\"1003\" data-end=\"1034\">Sesi\u00f3n de abejarucos: <strong data-start=\"1027\" data-end=\"1034\">90\u20ac Dos personas 80 cada uno<\/strong><\/li>\n<\/ul>\n<p data-start=\"1036\" data-end=\"1091\">(Posibilidad de combinar con otros hides con descuento)<\/p>\n<hr data-start=\"1093\" data-end=\"1096\" \/>\n<h2 data-section-id=\"7p9ve1\" data-start=\"1098\" data-end=\"1114\">\u26a0\ufe0f IMPORTANTE<\/h2>\n<p data-start=\"1116\" data-end=\"1250\">Se trabaja siempre respetando el comportamiento natural de las aves.<br data-start=\"1184\" data-end=\"1187\" \/>La actividad puede variar en funci\u00f3n del d\u00eda y las condiciones.<\/p>\n<hr data-start=\"1252\" data-end=\"1255\" \/>\n<h2 data-section-id=\"f575bx\" data-start=\"1257\" data-end=\"1271\">\ud83d\udcf2 RESERVAS<\/h2>\n<p data-start=\"1273\" data-end=\"1377\">Si quieres venir o necesitas m\u00e1s informaci\u00f3n, puedes escribirme directamente y vemos fechas disponibles.<\/p>\n<p data-start=\"1379\" data-end=\"1416\"><strong data-start=\"1379\" data-end=\"1399\">Hides del Ti\u00e9tar<\/strong><br data-start=\"1399\" data-end=\"1402\" \/>\ud83d\udcde 608 777 042<\/p>\n\n\t\t<\/div>\n\t<\/div>\n\n<div class=\"vc_grid-container-wrapper vc_clearfix vc_grid-animation-fadeIn\">\n\t<div class=\"vc_grid-container vc_clearfix wpb_content_element vc_media_grid\" data-initial-loading-animation=\"fadeIn\" data-vc-grid-settings=\"{&quot;page_id&quot;:213,&quot;style&quot;:&quot;all&quot;,&quot;action&quot;:&quot;vc_get_vc_grid_data&quot;,&quot;shortcode_id&quot;:&quot;1777013097944-6af75557-51fc-0&quot;,&quot;tag&quot;:&quot;vc_media_grid&quot;}\" data-vc-request=\"https:\/\/hidesdeltietar.com\/wp-admin\/admin-ajax.php\" data-vc-post-id=\"213\" data-vc-public-nonce=\"eeb0d6fa30\">\n\t\t\n\t<\/div>\n<\/div><div class=\"vc_btn3-container vc_btn3-inline vc_do_btn\" ><a class=\"vc_general vc_btn3 vc_btn3-size-md vc_btn3-shape-rounded vc_btn3-style-modern vc_btn3-icon-left vc_btn3-color-primary\" href=\"https:\/\/t.me\/joinchat\/zO_RCG35JaY1YmM8\" title=\"\"><i class=\"vc_btn3-icon fab fa-telegram\"><\/i> For more information follow our group of TELEGRAM<\/a><\/div><div class=\"vc_separator wpb_content_element vc_separator_align_center vc_sep_width_100 vc_sep_pos_align_center vc_separator_no_text vc_sep_color_grey wpb_content_element  wpb_content_element\" ><span class=\"vc_sep_holder vc_sep_holder_l\"><span class=\"vc_sep_line\"><\/span><\/span><span class=\"vc_sep_holder vc_sep_holder_r\"><span class=\"vc_sep_line\"><\/span><\/span>\n<\/div><\/div><\/div><\/div><\/div><\/div><\/section><section class=\"wpb_row bg-fixed\"><div class=\"container\"><div class=\"rows\"><div class=\"wpb_column vc_column_container one columns2\" ><div class=\"ak_column-inner\"><div class=\"wpb_wrapper\">\n\t<div class=\"wpb_video_widget wpb_content_element vc_clearfix   vc_video-aspect-ratio-169 vc_video-el-width-100 vc_video-align-left\" >\n\t\t<div class=\"wpb_wrapper\">\n\t\t\t<h2 class=\"wpb_heading wpb_video_heading\">Bee eaters<\/h2>\n\t\t\t<div class=\"wpb_video_wrapper\"><iframe loading=\"lazy\" title=\"Hide de Abejaruco\" width=\"500\" height=\"281\" src=\"https:\/\/www.youtube.com\/embed\/Vhw4YaZ5o0g?feature=oembed\" frameborder=\"0\" allow=\"accelerometer; autoplay; clipboard-write; encrypted-media; gyroscope; picture-in-picture; web-share\" allowfullscreen><\/iframe><\/div>\n\t\t<\/div>\n\t<\/div>\n<\/div><\/div><\/div><\/div><\/div><\/section>","protected":false},"excerpt":{"rendered":"HIDE DE ABEJARUCOS El abejaruco es, probablemente, una de las especies m\u00e1s agradecidas y espectaculares para fotografiar en esta \u00e9poca del a\u00f1o. Color, comportamiento y movimiento en un mismo escenario. Este hide est\u00e1 planteado para ofrecer una sesi\u00f3n muy din\u00e1mica, con entradas y salidas constantes y m\u00faltiples oportunidades de captura. El acceso a varios nidos [...]","protected":false},"author":1,"featured_media":1710,"parent":0,"menu_order":0,"comment_status":"closed","ping_status":"closed","template":"page-templates\/template-fullwidth.php","meta":{"_crdt_document":"","footnotes":""},"class_list":["post-213","page","type-page","status-publish","has-post-thumbnail","hentry"],"yoast_head":"<!-- This site is optimized with the Yoast SEO plugin v27.5 - https:\/\/yoast.com\/product\/yoast-seo-wordpress\/ -->\n<title>Hide Abejarucos, Merops apiaster Hide para fotograf\u00eda de Abejarucos<\/title>\n<meta name=\"description\" content=\"Hide Abejarucos europeos, Merops apiaster, bee-eater, fotografia de aves en Espa\u00f1a temporada primavera verano. Hides del Ti\u00e9tar\" \/>\n<meta name=\"robots\" content=\"index, follow, max-snippet:-1, max-image-preview:large, max-video-preview:-1\" \/>\n<link rel=\"canonical\" href=\"https:\/\/hidesdeltietar.com\/en\/hide-abejarucos\/\" \/>\n<meta property=\"og:locale\" content=\"en_GB\" \/>\n<meta property=\"og:type\" content=\"article\" \/>\n<meta property=\"og:title\" content=\"Hide Abejarucos, Merops apiaster Hide para fotograf\u00eda de Abejarucos\" \/>\n<meta property=\"og:description\" content=\"Hide Abejarucos europeos, Merops apiaster, bee-eater, fotografia de aves en Espa\u00f1a temporada primavera verano. Hides del Ti\u00e9tar\" \/>\n<meta property=\"og:url\" content=\"https:\/\/hidesdeltietar.com\/en\/hide-abejarucos\/\" \/>\n<meta property=\"og:site_name\" content=\"Hides del Ti\u00e9tar\" \/>\n<meta property=\"article:modified_time\" content=\"2026-04-24T06:48:13+00:00\" \/>\n<meta property=\"og:image\" content=\"https:\/\/hidesdeltietar.com\/wp-content\/uploads\/2021\/06\/FER1312-copia.jpg\" \/>\n\t<meta property=\"og:image:width\" content=\"1200\" \/>\n\t<meta property=\"og:image:height\" content=\"801\" \/>\n\t<meta property=\"og:image:type\" content=\"image\/jpeg\" \/>\n<meta name=\"twitter:card\" content=\"summary_large_image\" \/>\n<meta name=\"twitter:label1\" content=\"Estimated reading time\" \/>\n\t<meta name=\"twitter:data1\" content=\"4 minutes\" \/>\n<script type=\"application\/ld+json\" class=\"yoast-schema-graph\">{\"@context\":\"https:\\\/\\\/schema.org\",\"@graph\":[{\"@type\":\"WebPage\",\"@id\":\"https:\\\/\\\/hidesdeltietar.com\\\/hide-abejarucos\\\/\",\"url\":\"https:\\\/\\\/hidesdeltietar.com\\\/hide-abejarucos\\\/\",\"name\":\"Hide Abejarucos, Merops apiaster Hide para fotograf\u00eda de Abejarucos\",\"isPartOf\":{\"@id\":\"https:\\\/\\\/hidesdeltietar.com\\\/#website\"},\"primaryImageOfPage\":{\"@id\":\"https:\\\/\\\/hidesdeltietar.com\\\/hide-abejarucos\\\/#primaryimage\"},\"image\":{\"@id\":\"https:\\\/\\\/hidesdeltietar.com\\\/hide-abejarucos\\\/#primaryimage\"},\"thumbnailUrl\":\"https:\\\/\\\/hidesdeltietar.com\\\/wp-content\\\/uploads\\\/2021\\\/06\\\/FER1312-copia.jpg\",\"datePublished\":\"2017-12-07T00:30:03+00:00\",\"dateModified\":\"2026-04-24T06:48:13+00:00\",\"description\":\"Hide Abejarucos europeos, Merops apiaster, bee-eater, fotografia de aves en Espa\u00f1a temporada primavera verano. Hides del Ti\u00e9tar\",\"breadcrumb\":{\"@id\":\"https:\\\/\\\/hidesdeltietar.com\\\/hide-abejarucos\\\/#breadcrumb\"},\"inLanguage\":\"en-GB\",\"potentialAction\":[{\"@type\":\"ReadAction\",\"target\":[\"https:\\\/\\\/hidesdeltietar.com\\\/hide-abejarucos\\\/\"]}]},{\"@type\":\"ImageObject\",\"inLanguage\":\"en-GB\",\"@id\":\"https:\\\/\\\/hidesdeltietar.com\\\/hide-abejarucos\\\/#primaryimage\",\"url\":\"https:\\\/\\\/hidesdeltietar.com\\\/wp-content\\\/uploads\\\/2021\\\/06\\\/FER1312-copia.jpg\",\"contentUrl\":\"https:\\\/\\\/hidesdeltietar.com\\\/wp-content\\\/uploads\\\/2021\\\/06\\\/FER1312-copia.jpg\",\"width\":1200,\"height\":801},{\"@type\":\"BreadcrumbList\",\"@id\":\"https:\\\/\\\/hidesdeltietar.com\\\/hide-abejarucos\\\/#breadcrumb\",\"itemListElement\":[{\"@type\":\"ListItem\",\"position\":1,\"name\":\"Portada\",\"item\":\"https:\\\/\\\/hidesdeltietar.com\\\/\"},{\"@type\":\"ListItem\",\"position\":2,\"name\":\"Hide Abejarucos, Merops apiaster\"}]},{\"@type\":\"WebSite\",\"@id\":\"https:\\\/\\\/hidesdeltietar.com\\\/#website\",\"url\":\"https:\\\/\\\/hidesdeltietar.com\\\/\",\"name\":\"Hides del Ti\u00e9tar\",\"description\":\"Hides fotograficos, fotografia de Fauna en Espa\u00f1a\",\"publisher\":{\"@id\":\"https:\\\/\\\/hidesdeltietar.com\\\/#\\\/schema\\\/person\\\/255bb2e69140f1ea0b5afd8ce546b35f\"},\"potentialAction\":[{\"@type\":\"SearchAction\",\"target\":{\"@type\":\"EntryPoint\",\"urlTemplate\":\"https:\\\/\\\/hidesdeltietar.com\\\/?s={search_term_string}\"},\"query-input\":{\"@type\":\"PropertyValueSpecification\",\"valueRequired\":true,\"valueName\":\"search_term_string\"}}],\"inLanguage\":\"en-GB\"},{\"@type\":[\"Person\",\"Organization\"],\"@id\":\"https:\\\/\\\/hidesdeltietar.com\\\/#\\\/schema\\\/person\\\/255bb2e69140f1ea0b5afd8ce546b35f\",\"name\":\"fsanchex\",\"image\":{\"@type\":\"ImageObject\",\"inLanguage\":\"en-GB\",\"@id\":\"https:\\\/\\\/hidesdeltietar.com\\\/wp-content\\\/uploads\\\/2017\\\/12\\\/Logo.png\",\"url\":\"https:\\\/\\\/hidesdeltietar.com\\\/wp-content\\\/uploads\\\/2017\\\/12\\\/Logo.png\",\"contentUrl\":\"https:\\\/\\\/hidesdeltietar.com\\\/wp-content\\\/uploads\\\/2017\\\/12\\\/Logo.png\",\"width\":3000,\"height\":2000,\"caption\":\"fsanchex\"},\"logo\":{\"@id\":\"https:\\\/\\\/hidesdeltietar.com\\\/wp-content\\\/uploads\\\/2017\\\/12\\\/Logo.png\"}}]}<\/script>\n<!-- \/ Yoast SEO plugin. -->","yoast_head_json":{"title":"Hide Abejarucos, Merops apiaster Hide para fotograf\u00eda de Abejarucos","description":"Hide Abejarucos europeos, Merops apiaster, bee-eater, fotografia de aves en Espa\u00f1a temporada primavera verano. Hides del Ti\u00e9tar","robots":{"index":"index","follow":"follow","max-snippet":"max-snippet:-1","max-image-preview":"max-image-preview:large","max-video-preview":"max-video-preview:-1"},"canonical":"https:\/\/hidesdeltietar.com\/en\/hide-abejarucos\/","og_locale":"en_GB","og_type":"article","og_title":"Hide Abejarucos, Merops apiaster Hide para fotograf\u00eda de Abejarucos","og_description":"Hide Abejarucos europeos, Merops apiaster, bee-eater, fotografia de aves en Espa\u00f1a temporada primavera verano. Hides del Ti\u00e9tar","og_url":"https:\/\/hidesdeltietar.com\/en\/hide-abejarucos\/","og_site_name":"Hides del Ti\u00e9tar","article_modified_time":"2026-04-24T06:48:13+00:00","og_image":[{"width":1200,"height":801,"url":"https:\/\/hidesdeltietar.com\/wp-content\/uploads\/2021\/06\/FER1312-copia.jpg","type":"image\/jpeg"}],"twitter_card":"summary_large_image","twitter_misc":{"Estimated reading time":"4 minutes"},"schema":{"@context":"https:\/\/schema.org","@graph":[{"@type":"WebPage","@id":"https:\/\/hidesdeltietar.com\/hide-abejarucos\/","url":"https:\/\/hidesdeltietar.com\/hide-abejarucos\/","name":"Hide Abejarucos, Merops apiaster Hide para fotograf\u00eda de Abejarucos","isPartOf":{"@id":"https:\/\/hidesdeltietar.com\/#website"},"primaryImageOfPage":{"@id":"https:\/\/hidesdeltietar.com\/hide-abejarucos\/#primaryimage"},"image":{"@id":"https:\/\/hidesdeltietar.com\/hide-abejarucos\/#primaryimage"},"thumbnailUrl":"https:\/\/hidesdeltietar.com\/wp-content\/uploads\/2021\/06\/FER1312-copia.jpg","datePublished":"2017-12-07T00:30:03+00:00","dateModified":"2026-04-24T06:48:13+00:00","description":"Hide Abejarucos europeos, Merops apiaster, bee-eater, fotografia de aves en Espa\u00f1a temporada primavera verano. Hides del Ti\u00e9tar","breadcrumb":{"@id":"https:\/\/hidesdeltietar.com\/hide-abejarucos\/#breadcrumb"},"inLanguage":"en-GB","potentialAction":[{"@type":"ReadAction","target":["https:\/\/hidesdeltietar.com\/hide-abejarucos\/"]}]},{"@type":"ImageObject","inLanguage":"en-GB","@id":"https:\/\/hidesdeltietar.com\/hide-abejarucos\/#primaryimage","url":"https:\/\/hidesdeltietar.com\/wp-content\/uploads\/2021\/06\/FER1312-copia.jpg","contentUrl":"https:\/\/hidesdeltietar.com\/wp-content\/uploads\/2021\/06\/FER1312-copia.jpg","width":1200,"height":801},{"@type":"BreadcrumbList","@id":"https:\/\/hidesdeltietar.com\/hide-abejarucos\/#breadcrumb","itemListElement":[{"@type":"ListItem","position":1,"name":"Portada","item":"https:\/\/hidesdeltietar.com\/"},{"@type":"ListItem","position":2,"name":"Hide Abejarucos, Merops apiaster"}]},{"@type":"WebSite","@id":"https:\/\/hidesdeltietar.com\/#website","url":"https:\/\/hidesdeltietar.com\/","name":"Hides del Ti\u00e9tar","description":"Hides fotograficos, fotografia de Fauna en Espa\u00f1a","publisher":{"@id":"https:\/\/hidesdeltietar.com\/#\/schema\/person\/255bb2e69140f1ea0b5afd8ce546b35f"},"potentialAction":[{"@type":"SearchAction","target":{"@type":"EntryPoint","urlTemplate":"https:\/\/hidesdeltietar.com\/?s={search_term_string}"},"query-input":{"@type":"PropertyValueSpecification","valueRequired":true,"valueName":"search_term_string"}}],"inLanguage":"en-GB"},{"@type":["Person","Organization"],"@id":"https:\/\/hidesdeltietar.com\/#\/schema\/person\/255bb2e69140f1ea0b5afd8ce546b35f","name":"fsanchex","image":{"@type":"ImageObject","inLanguage":"en-GB","@id":"https:\/\/hidesdeltietar.com\/wp-content\/uploads\/2017\/12\/Logo.png","url":"https:\/\/hidesdeltietar.com\/wp-content\/uploads\/2017\/12\/Logo.png","contentUrl":"https:\/\/hidesdeltietar.com\/wp-content\/uploads\/2017\/12\/Logo.png","width":3000,"height":2000,"caption":"fsanchex"},"logo":{"@id":"https:\/\/hidesdeltietar.com\/wp-content\/uploads\/2017\/12\/Logo.png"}}]}},"_links":{"self":[{"href":"https:\/\/hidesdeltietar.com\/en\/wp-json\/wp\/v2\/pages\/213","targetHints":{"allow":["GET"]}}],"collection":[{"href":"https:\/\/hidesdeltietar.com\/en\/wp-json\/wp\/v2\/pages"}],"about":[{"href":"https:\/\/hidesdeltietar.com\/en\/wp-json\/wp\/v2\/types\/page"}],"author":[{"embeddable":true,"href":"https:\/\/hidesdeltietar.com\/en\/wp-json\/wp\/v2\/users\/1"}],"replies":[{"embeddable":true,"href":"https:\/\/hidesdeltietar.com\/en\/wp-json\/wp\/v2\/comments?post=213"}],"version-history":[{"count":49,"href":"https:\/\/hidesdeltietar.com\/en\/wp-json\/wp\/v2\/pages\/213\/revisions"}],"predecessor-version":[{"id":3323,"href":"https:\/\/hidesdeltietar.com\/en\/wp-json\/wp\/v2\/pages\/213\/revisions\/3323"}],"wp:featuredmedia":[{"embeddable":true,"href":"https:\/\/hidesdeltietar.com\/en\/wp-json\/wp\/v2\/media\/1710"}],"wp:attachment":[{"href":"https:\/\/hidesdeltietar.com\/en\/wp-json\/wp\/v2\/media?parent=213"}],"curies":[{"name":"wp","href":"https:\/\/api.w.org\/{rel}","templated":true}]}}