{"id":2096,"date":"2022-09-07T01:18:27","date_gmt":"2022-09-07T01:18:27","guid":{"rendered":"https:\/\/hidesdeltietar.com\/?page_id=2096"},"modified":"2026-02-11T20:05:04","modified_gmt":"2026-02-11T20:05:04","slug":"salida-fotografica-celo-cabra-montesa-gredos","status":"publish","type":"page","link":"https:\/\/hidesdeltietar.com\/en\/salida-fotografica-celo-cabra-montesa-gredos\/","title":{"rendered":"Salida fotogr\u00e1fica celo cabra montesa Gredos"},"content":{"rendered":"<figure class=\"wp-block-image size-full\"><img loading=\"lazy\" decoding=\"async\" width=\"1000\" height=\"668\" src=\"https:\/\/hidesdeltietar.com\/wp-content\/uploads\/2018\/11\/FER7889-copia.jpg\" alt=\"Capra pyrenaica victoriae\" class=\"wp-image-660\" srcset=\"https:\/\/hidesdeltietar.com\/wp-content\/uploads\/2018\/11\/FER7889-copia.jpg 1000w, https:\/\/hidesdeltietar.com\/wp-content\/uploads\/2018\/11\/FER7889-copia-150x100.jpg 150w, https:\/\/hidesdeltietar.com\/wp-content\/uploads\/2018\/11\/FER7889-copia-300x200.jpg 300w, https:\/\/hidesdeltietar.com\/wp-content\/uploads\/2018\/11\/FER7889-copia-768x513.jpg 768w\" sizes=\"auto, (max-width: 1000px) 100vw, 1000px\" \/><figcaption class=\"wp-element-caption\">Capra pyrenaica victoriae, HIDES DEL TIETAR<\/figcaption><\/figure>\n\n\n\n<p class=\"wp-block-paragraph\"><br>\u00a1\u00danete a nosotros en una emocionante salida fotogr\u00e1fica para capturar las impresionantes cabras montesas durante su periodo de celo en la hermosa zona de Gredos!<\/p>\n\n\n\n<p class=\"wp-block-paragraph\">Hemos organizado dos salidas entre semana y en fin de semana , elige la opci\u00f3n que mejor se adapte a tu agenda. Ser\u00e1 una oportunidad \u00fanica para explorar la belleza sierra de Gredos y presenciar el espect\u00e1culo de las cabras montesas en su apogeo de actividad.<\/p>\n\n\n\n<p class=\"wp-block-paragraph\"><strong>Fecha: noviembre de 202<\/strong>6<\/p>\n\n\n\n<p class=\"wp-block-paragraph\">Durante estas salidas, seremos guiados por expertos en fotograf\u00eda de vida silvestre, quienes compartir\u00e1n valiosos consejos y t\u00e9cnicas para capturar im\u00e1genes incre\u00edbles de estas magn\u00edficas criaturas en su entorno natural. Exploraremos diferentes ubicaciones estrat\u00e9gicas y aprovecharemos la mejor luz del d\u00eda para obtener resultados sorprendentes.<\/p>\n\n\n\n<p class=\"wp-block-paragraph\">No importa si eres un fot\u00f3grafo principiante o experimentado, esta salida fotogr\u00e1fica es ideal para todos los amantes de la naturaleza y la fotograf\u00eda. Adem\u00e1s de las cabras montesas, tambi\u00e9n tendremos la oportunidad de inmortalizar otros aspectos fascinantes de la flora y fauna local.<\/p>\n\n\n\n<p class=\"wp-block-paragraph\">Aseg\u00farate de reservar tu lugar con anticipaci\u00f3n, ya que los cupos son limitados. No te pierdas esta maravillosa oportunidad de presenciar y capturar la belleza y la emoci\u00f3n del periodo de celo de las cabras montesas en Gredos. \u00a1Esperamos verte all\u00ed!<\/p>\n\n\n\n<p class=\"wp-block-paragraph\"><strong>Precio: 70\u20ac por persona<\/strong><\/p>\n\n\n\n<p class=\"wp-block-paragraph\"><\/p>\n\n\n\n<p class=\"wp-block-paragraph\"><a href=\"https:\/\/hidesdeltietar.com\/en\/contacto\/\" target=\"_blank\" rel=\"noreferrer noopener\">Mas informaci\u00f3n<\/a><\/p>\n\n\n\n<figure class=\"wp-block-gallery has-nested-images columns-default is-cropped wp-block-gallery-1 is-layout-flex wp-block-gallery-is-layout-flex\">\n<figure class=\"wp-block-image size-large\"><img loading=\"lazy\" decoding=\"async\" width=\"1000\" height=\"668\" data-id=\"2098\" src=\"https:\/\/hidesdeltietar.com\/wp-content\/uploads\/2022\/09\/FER7415-copia-1000x668.jpg\" alt=\"\" class=\"wp-image-2098\" srcset=\"https:\/\/hidesdeltietar.com\/wp-content\/uploads\/2022\/09\/FER7415-copia-1000x668.jpg 1000w, https:\/\/hidesdeltietar.com\/wp-content\/uploads\/2022\/09\/FER7415-copia-300x200.jpg 300w, https:\/\/hidesdeltietar.com\/wp-content\/uploads\/2022\/09\/FER7415-copia-150x100.jpg 150w, https:\/\/hidesdeltietar.com\/wp-content\/uploads\/2022\/09\/FER7415-copia-768x512.jpg 768w, https:\/\/hidesdeltietar.com\/wp-content\/uploads\/2022\/09\/FER7415-copia-18x12.jpg 18w, https:\/\/hidesdeltietar.com\/wp-content\/uploads\/2022\/09\/FER7415-copia.jpg 1200w\" sizes=\"auto, (max-width: 1000px) 100vw, 1000px\" \/><\/figure>\n<\/figure>\n\n\n\n<hr class=\"wp-block-separator has-alpha-channel-opacity\"\/>\n\n\n\n<figure class=\"wp-block-gallery has-nested-images columns-default is-cropped wp-block-gallery-2 is-layout-flex wp-block-gallery-is-layout-flex\">\n<figure class=\"wp-block-image size-large\"><img loading=\"lazy\" decoding=\"async\" width=\"1000\" height=\"668\" data-id=\"2100\" src=\"https:\/\/hidesdeltietar.com\/wp-content\/uploads\/2022\/09\/FER7421-copia-1-1000x668.jpg\" alt=\"\" class=\"wp-image-2100\" srcset=\"https:\/\/hidesdeltietar.com\/wp-content\/uploads\/2022\/09\/FER7421-copia-1-1000x668.jpg 1000w, https:\/\/hidesdeltietar.com\/wp-content\/uploads\/2022\/09\/FER7421-copia-1-300x200.jpg 300w, https:\/\/hidesdeltietar.com\/wp-content\/uploads\/2022\/09\/FER7421-copia-1-150x100.jpg 150w, https:\/\/hidesdeltietar.com\/wp-content\/uploads\/2022\/09\/FER7421-copia-1-18x12.jpg 18w\" sizes=\"auto, (max-width: 1000px) 100vw, 1000px\" \/><\/figure>\n<\/figure>\n\n\n\n<figure class=\"wp-block-gallery has-nested-images columns-default is-cropped wp-block-gallery-3 is-layout-flex wp-block-gallery-is-layout-flex\">\n<figure class=\"wp-block-image size-large\"><img loading=\"lazy\" decoding=\"async\" width=\"1000\" height=\"668\" data-id=\"3131\" src=\"https:\/\/hidesdeltietar.com\/wp-content\/uploads\/2026\/02\/Z632536-1000x668.jpg\" alt=\"\" class=\"wp-image-3131\" srcset=\"https:\/\/hidesdeltietar.com\/wp-content\/uploads\/2026\/02\/Z632536-1000x668.jpg 1000w, https:\/\/hidesdeltietar.com\/wp-content\/uploads\/2026\/02\/Z632536-300x200.jpg 300w, https:\/\/hidesdeltietar.com\/wp-content\/uploads\/2026\/02\/Z632536-150x100.jpg 150w, https:\/\/hidesdeltietar.com\/wp-content\/uploads\/2026\/02\/Z632536-768x512.jpg 768w, https:\/\/hidesdeltietar.com\/wp-content\/uploads\/2026\/02\/Z632536-18x12.jpg 18w, https:\/\/hidesdeltietar.com\/wp-content\/uploads\/2026\/02\/Z632536.jpg 1200w\" sizes=\"auto, (max-width: 1000px) 100vw, 1000px\" \/><\/figure>\n\n\n\n<figure class=\"wp-block-image size-large\"><img loading=\"lazy\" decoding=\"async\" width=\"1000\" height=\"668\" data-id=\"3133\" src=\"https:\/\/hidesdeltietar.com\/wp-content\/uploads\/2026\/02\/Z632516-1000x668.jpg\" alt=\"\" class=\"wp-image-3133\" srcset=\"https:\/\/hidesdeltietar.com\/wp-content\/uploads\/2026\/02\/Z632516-1000x668.jpg 1000w, https:\/\/hidesdeltietar.com\/wp-content\/uploads\/2026\/02\/Z632516-300x200.jpg 300w, https:\/\/hidesdeltietar.com\/wp-content\/uploads\/2026\/02\/Z632516-150x100.jpg 150w, https:\/\/hidesdeltietar.com\/wp-content\/uploads\/2026\/02\/Z632516-768x512.jpg 768w, https:\/\/hidesdeltietar.com\/wp-content\/uploads\/2026\/02\/Z632516-18x12.jpg 18w, https:\/\/hidesdeltietar.com\/wp-content\/uploads\/2026\/02\/Z632516.jpg 1200w\" sizes=\"auto, (max-width: 1000px) 100vw, 1000px\" \/><\/figure>\n\n\n\n<figure class=\"wp-block-image size-large\"><img loading=\"lazy\" decoding=\"async\" width=\"1000\" height=\"668\" data-id=\"3130\" src=\"https:\/\/hidesdeltietar.com\/wp-content\/uploads\/2026\/02\/Z632392-1000x668.jpg\" alt=\"\" class=\"wp-image-3130\" srcset=\"https:\/\/hidesdeltietar.com\/wp-content\/uploads\/2026\/02\/Z632392-1000x668.jpg 1000w, https:\/\/hidesdeltietar.com\/wp-content\/uploads\/2026\/02\/Z632392-300x200.jpg 300w, https:\/\/hidesdeltietar.com\/wp-content\/uploads\/2026\/02\/Z632392-150x100.jpg 150w, https:\/\/hidesdeltietar.com\/wp-content\/uploads\/2026\/02\/Z632392-768x512.jpg 768w, https:\/\/hidesdeltietar.com\/wp-content\/uploads\/2026\/02\/Z632392-18x12.jpg 18w, https:\/\/hidesdeltietar.com\/wp-content\/uploads\/2026\/02\/Z632392.jpg 1200w\" sizes=\"auto, (max-width: 1000px) 100vw, 1000px\" \/><\/figure>\n\n\n\n<figure class=\"wp-block-image size-large\"><img loading=\"lazy\" decoding=\"async\" width=\"1000\" height=\"668\" data-id=\"3129\" src=\"https:\/\/hidesdeltietar.com\/wp-content\/uploads\/2026\/02\/Z632086-1000x668.jpg\" alt=\"\" class=\"wp-image-3129\" srcset=\"https:\/\/hidesdeltietar.com\/wp-content\/uploads\/2026\/02\/Z632086-1000x668.jpg 1000w, https:\/\/hidesdeltietar.com\/wp-content\/uploads\/2026\/02\/Z632086-300x200.jpg 300w, https:\/\/hidesdeltietar.com\/wp-content\/uploads\/2026\/02\/Z632086-150x100.jpg 150w, https:\/\/hidesdeltietar.com\/wp-content\/uploads\/2026\/02\/Z632086-768x512.jpg 768w, https:\/\/hidesdeltietar.com\/wp-content\/uploads\/2026\/02\/Z632086-18x12.jpg 18w, https:\/\/hidesdeltietar.com\/wp-content\/uploads\/2026\/02\/Z632086.jpg 1200w\" sizes=\"auto, (max-width: 1000px) 100vw, 1000px\" \/><\/figure>\n\n\n\n<figure class=\"wp-block-image size-large\"><img loading=\"lazy\" decoding=\"async\" width=\"1000\" height=\"668\" data-id=\"3128\" src=\"https:\/\/hidesdeltietar.com\/wp-content\/uploads\/2026\/02\/DSC_8402-1000x668.jpg\" alt=\"\" class=\"wp-image-3128\" srcset=\"https:\/\/hidesdeltietar.com\/wp-content\/uploads\/2026\/02\/DSC_8402-1000x668.jpg 1000w, https:\/\/hidesdeltietar.com\/wp-content\/uploads\/2026\/02\/DSC_8402-300x200.jpg 300w, https:\/\/hidesdeltietar.com\/wp-content\/uploads\/2026\/02\/DSC_8402-150x100.jpg 150w, https:\/\/hidesdeltietar.com\/wp-content\/uploads\/2026\/02\/DSC_8402-768x513.jpg 768w, https:\/\/hidesdeltietar.com\/wp-content\/uploads\/2026\/02\/DSC_8402-18x12.jpg 18w, https:\/\/hidesdeltietar.com\/wp-content\/uploads\/2026\/02\/DSC_8402.jpg 1200w\" sizes=\"auto, (max-width: 1000px) 100vw, 1000px\" \/><\/figure>\n<\/figure>","protected":false},"excerpt":{"rendered":"<p>\u00a1\u00danete a nosotros en una emocionante salida fotogr\u00e1fica para capturar las impresionantes cabras montesas durante su periodo de celo en la hermosa zona de Gredos! Hemos organizado dos salidas entre semana y en fin de semana , elige la opci\u00f3n que mejor se adapte a tu agenda. Ser\u00e1 una oportunidad \u00fanica para explorar la belleza [&hellip;]<\/p>\n","protected":false},"author":1,"featured_media":0,"parent":0,"menu_order":0,"comment_status":"closed","ping_status":"closed","template":"","meta":{"_crdt_document":"","footnotes":""},"class_list":["post-2096","page","type-page","status-publish","hentry"],"yoast_head":"<!-- This site is optimized with the Yoast SEO plugin v27.4 - https:\/\/yoast.com\/product\/yoast-seo-wordpress\/ -->\n<title>Salida fotogr\u00e1fica celo cabra montesa Gredos -hides fotograf\u00eda<\/title>\n<meta name=\"description\" content=\"Hides fotograf\u00eda aves\" \/>\n<meta name=\"robots\" content=\"index, follow, max-snippet:-1, max-image-preview:large, max-video-preview:-1\" \/>\n<link rel=\"canonical\" href=\"https:\/\/hidesdeltietar.com\/en\/salida-fotografica-celo-cabra-montesa-gredos\/\" \/>\n<meta property=\"og:locale\" content=\"en_GB\" \/>\n<meta property=\"og:type\" content=\"article\" \/>\n<meta property=\"og:title\" content=\"Salida fotogr\u00e1fica celo cabra montesa Gredos -hides fotograf\u00eda\" \/>\n<meta property=\"og:description\" content=\"Hides fotograf\u00eda aves\" \/>\n<meta property=\"og:url\" content=\"https:\/\/hidesdeltietar.com\/en\/salida-fotografica-celo-cabra-montesa-gredos\/\" \/>\n<meta property=\"og:site_name\" content=\"Hides del Ti\u00e9tar\" \/>\n<meta property=\"article:modified_time\" content=\"2026-02-11T20:05:04+00:00\" \/>\n<meta property=\"og:image\" content=\"https:\/\/hidesdeltietar.com\/wp-content\/uploads\/2018\/11\/FER7889-copia.jpg\" \/>\n\t<meta property=\"og:image:width\" content=\"1000\" \/>\n\t<meta property=\"og:image:height\" content=\"668\" \/>\n\t<meta property=\"og:image:type\" content=\"image\/jpeg\" \/>\n<meta name=\"twitter:card\" content=\"summary_large_image\" \/>\n<meta name=\"twitter:label1\" content=\"Estimated reading time\" \/>\n\t<meta name=\"twitter:data1\" content=\"3 minutes\" \/>\n<script type=\"application\/ld+json\" class=\"yoast-schema-graph\">{\"@context\":\"https:\\\/\\\/schema.org\",\"@graph\":[{\"@type\":\"WebPage\",\"@id\":\"https:\\\/\\\/hidesdeltietar.com\\\/salida-fotografica-celo-cabra-montesa-gredos\\\/\",\"url\":\"https:\\\/\\\/hidesdeltietar.com\\\/salida-fotografica-celo-cabra-montesa-gredos\\\/\",\"name\":\"Salida fotogr\u00e1fica celo cabra montesa Gredos -hides fotograf\u00eda\",\"isPartOf\":{\"@id\":\"https:\\\/\\\/hidesdeltietar.com\\\/#website\"},\"primaryImageOfPage\":{\"@id\":\"https:\\\/\\\/hidesdeltietar.com\\\/salida-fotografica-celo-cabra-montesa-gredos\\\/#primaryimage\"},\"image\":{\"@id\":\"https:\\\/\\\/hidesdeltietar.com\\\/salida-fotografica-celo-cabra-montesa-gredos\\\/#primaryimage\"},\"thumbnailUrl\":\"https:\\\/\\\/hidesdeltietar.com\\\/wp-content\\\/uploads\\\/2018\\\/11\\\/FER7889-copia.jpg\",\"datePublished\":\"2022-09-07T01:18:27+00:00\",\"dateModified\":\"2026-02-11T20:05:04+00:00\",\"description\":\"Hides fotograf\u00eda aves\",\"breadcrumb\":{\"@id\":\"https:\\\/\\\/hidesdeltietar.com\\\/salida-fotografica-celo-cabra-montesa-gredos\\\/#breadcrumb\"},\"inLanguage\":\"en-GB\",\"potentialAction\":[{\"@type\":\"ReadAction\",\"target\":[\"https:\\\/\\\/hidesdeltietar.com\\\/salida-fotografica-celo-cabra-montesa-gredos\\\/\"]}]},{\"@type\":\"ImageObject\",\"inLanguage\":\"en-GB\",\"@id\":\"https:\\\/\\\/hidesdeltietar.com\\\/salida-fotografica-celo-cabra-montesa-gredos\\\/#primaryimage\",\"url\":\"https:\\\/\\\/hidesdeltietar.com\\\/wp-content\\\/uploads\\\/2018\\\/11\\\/FER7889-copia.jpg\",\"contentUrl\":\"https:\\\/\\\/hidesdeltietar.com\\\/wp-content\\\/uploads\\\/2018\\\/11\\\/FER7889-copia.jpg\"},{\"@type\":\"BreadcrumbList\",\"@id\":\"https:\\\/\\\/hidesdeltietar.com\\\/salida-fotografica-celo-cabra-montesa-gredos\\\/#breadcrumb\",\"itemListElement\":[{\"@type\":\"ListItem\",\"position\":1,\"name\":\"Portada\",\"item\":\"https:\\\/\\\/hidesdeltietar.com\\\/\"},{\"@type\":\"ListItem\",\"position\":2,\"name\":\"Salida fotogr\u00e1fica celo cabra montesa Gredos\"}]},{\"@type\":\"WebSite\",\"@id\":\"https:\\\/\\\/hidesdeltietar.com\\\/#website\",\"url\":\"https:\\\/\\\/hidesdeltietar.com\\\/\",\"name\":\"Hides del Ti\u00e9tar\",\"description\":\"Hides fotograficos, fotografia de Fauna en Espa\u00f1a\",\"publisher\":{\"@id\":\"https:\\\/\\\/hidesdeltietar.com\\\/#\\\/schema\\\/person\\\/255bb2e69140f1ea0b5afd8ce546b35f\"},\"potentialAction\":[{\"@type\":\"SearchAction\",\"target\":{\"@type\":\"EntryPoint\",\"urlTemplate\":\"https:\\\/\\\/hidesdeltietar.com\\\/?s={search_term_string}\"},\"query-input\":{\"@type\":\"PropertyValueSpecification\",\"valueRequired\":true,\"valueName\":\"search_term_string\"}}],\"inLanguage\":\"en-GB\"},{\"@type\":[\"Person\",\"Organization\"],\"@id\":\"https:\\\/\\\/hidesdeltietar.com\\\/#\\\/schema\\\/person\\\/255bb2e69140f1ea0b5afd8ce546b35f\",\"name\":\"fsanchex\",\"image\":{\"@type\":\"ImageObject\",\"inLanguage\":\"en-GB\",\"@id\":\"https:\\\/\\\/hidesdeltietar.com\\\/wp-content\\\/uploads\\\/2017\\\/12\\\/Logo.png\",\"url\":\"https:\\\/\\\/hidesdeltietar.com\\\/wp-content\\\/uploads\\\/2017\\\/12\\\/Logo.png\",\"contentUrl\":\"https:\\\/\\\/hidesdeltietar.com\\\/wp-content\\\/uploads\\\/2017\\\/12\\\/Logo.png\",\"width\":3000,\"height\":2000,\"caption\":\"fsanchex\"},\"logo\":{\"@id\":\"https:\\\/\\\/hidesdeltietar.com\\\/wp-content\\\/uploads\\\/2017\\\/12\\\/Logo.png\"}}]}<\/script>\n<!-- \/ Yoast SEO plugin. -->","yoast_head_json":{"title":"Salida fotogr\u00e1fica celo cabra montesa Gredos -hides fotograf\u00eda","description":"Hides fotograf\u00eda aves","robots":{"index":"index","follow":"follow","max-snippet":"max-snippet:-1","max-image-preview":"max-image-preview:large","max-video-preview":"max-video-preview:-1"},"canonical":"https:\/\/hidesdeltietar.com\/en\/salida-fotografica-celo-cabra-montesa-gredos\/","og_locale":"en_GB","og_type":"article","og_title":"Salida fotogr\u00e1fica celo cabra montesa Gredos -hides fotograf\u00eda","og_description":"Hides fotograf\u00eda aves","og_url":"https:\/\/hidesdeltietar.com\/en\/salida-fotografica-celo-cabra-montesa-gredos\/","og_site_name":"Hides del Ti\u00e9tar","article_modified_time":"2026-02-11T20:05:04+00:00","og_image":[{"width":1000,"height":668,"url":"https:\/\/hidesdeltietar.com\/wp-content\/uploads\/2018\/11\/FER7889-copia.jpg","type":"image\/jpeg"}],"twitter_card":"summary_large_image","twitter_misc":{"Estimated reading time":"3 minutes"},"schema":{"@context":"https:\/\/schema.org","@graph":[{"@type":"WebPage","@id":"https:\/\/hidesdeltietar.com\/salida-fotografica-celo-cabra-montesa-gredos\/","url":"https:\/\/hidesdeltietar.com\/salida-fotografica-celo-cabra-montesa-gredos\/","name":"Salida fotogr\u00e1fica celo cabra montesa Gredos -hides fotograf\u00eda","isPartOf":{"@id":"https:\/\/hidesdeltietar.com\/#website"},"primaryImageOfPage":{"@id":"https:\/\/hidesdeltietar.com\/salida-fotografica-celo-cabra-montesa-gredos\/#primaryimage"},"image":{"@id":"https:\/\/hidesdeltietar.com\/salida-fotografica-celo-cabra-montesa-gredos\/#primaryimage"},"thumbnailUrl":"https:\/\/hidesdeltietar.com\/wp-content\/uploads\/2018\/11\/FER7889-copia.jpg","datePublished":"2022-09-07T01:18:27+00:00","dateModified":"2026-02-11T20:05:04+00:00","description":"Hides fotograf\u00eda aves","breadcrumb":{"@id":"https:\/\/hidesdeltietar.com\/salida-fotografica-celo-cabra-montesa-gredos\/#breadcrumb"},"inLanguage":"en-GB","potentialAction":[{"@type":"ReadAction","target":["https:\/\/hidesdeltietar.com\/salida-fotografica-celo-cabra-montesa-gredos\/"]}]},{"@type":"ImageObject","inLanguage":"en-GB","@id":"https:\/\/hidesdeltietar.com\/salida-fotografica-celo-cabra-montesa-gredos\/#primaryimage","url":"https:\/\/hidesdeltietar.com\/wp-content\/uploads\/2018\/11\/FER7889-copia.jpg","contentUrl":"https:\/\/hidesdeltietar.com\/wp-content\/uploads\/2018\/11\/FER7889-copia.jpg"},{"@type":"BreadcrumbList","@id":"https:\/\/hidesdeltietar.com\/salida-fotografica-celo-cabra-montesa-gredos\/#breadcrumb","itemListElement":[{"@type":"ListItem","position":1,"name":"Portada","item":"https:\/\/hidesdeltietar.com\/"},{"@type":"ListItem","position":2,"name":"Salida fotogr\u00e1fica celo cabra montesa Gredos"}]},{"@type":"WebSite","@id":"https:\/\/hidesdeltietar.com\/#website","url":"https:\/\/hidesdeltietar.com\/","name":"Hides del Ti\u00e9tar","description":"Hides fotograficos, fotografia de Fauna en Espa\u00f1a","publisher":{"@id":"https:\/\/hidesdeltietar.com\/#\/schema\/person\/255bb2e69140f1ea0b5afd8ce546b35f"},"potentialAction":[{"@type":"SearchAction","target":{"@type":"EntryPoint","urlTemplate":"https:\/\/hidesdeltietar.com\/?s={search_term_string}"},"query-input":{"@type":"PropertyValueSpecification","valueRequired":true,"valueName":"search_term_string"}}],"inLanguage":"en-GB"},{"@type":["Person","Organization"],"@id":"https:\/\/hidesdeltietar.com\/#\/schema\/person\/255bb2e69140f1ea0b5afd8ce546b35f","name":"fsanchex","image":{"@type":"ImageObject","inLanguage":"en-GB","@id":"https:\/\/hidesdeltietar.com\/wp-content\/uploads\/2017\/12\/Logo.png","url":"https:\/\/hidesdeltietar.com\/wp-content\/uploads\/2017\/12\/Logo.png","contentUrl":"https:\/\/hidesdeltietar.com\/wp-content\/uploads\/2017\/12\/Logo.png","width":3000,"height":2000,"caption":"fsanchex"},"logo":{"@id":"https:\/\/hidesdeltietar.com\/wp-content\/uploads\/2017\/12\/Logo.png"}}]}},"_links":{"self":[{"href":"https:\/\/hidesdeltietar.com\/en\/wp-json\/wp\/v2\/pages\/2096","targetHints":{"allow":["GET"]}}],"collection":[{"href":"https:\/\/hidesdeltietar.com\/en\/wp-json\/wp\/v2\/pages"}],"about":[{"href":"https:\/\/hidesdeltietar.com\/en\/wp-json\/wp\/v2\/types\/page"}],"author":[{"embeddable":true,"href":"https:\/\/hidesdeltietar.com\/en\/wp-json\/wp\/v2\/users\/1"}],"replies":[{"embeddable":true,"href":"https:\/\/hidesdeltietar.com\/en\/wp-json\/wp\/v2\/comments?post=2096"}],"version-history":[{"count":13,"href":"https:\/\/hidesdeltietar.com\/en\/wp-json\/wp\/v2\/pages\/2096\/revisions"}],"predecessor-version":[{"id":3134,"href":"https:\/\/hidesdeltietar.com\/en\/wp-json\/wp\/v2\/pages\/2096\/revisions\/3134"}],"wp:attachment":[{"href":"https:\/\/hidesdeltietar.com\/en\/wp-json\/wp\/v2\/media?parent=2096"}],"curies":[{"name":"wp","href":"https:\/\/api.w.org\/{rel}","templated":true}]}}