{"id":189,"date":"2017-12-06T07:55:10","date_gmt":"2017-12-06T07:55:10","guid":{"rendered":"https:\/\/hidesdeltietar.com\/?page_id=189"},"modified":"2025-12-26T09:40:48","modified_gmt":"2025-12-26T09:40:48","slug":"martin","status":"publish","type":"page","link":"https:\/\/hidesdeltietar.com\/en\/martin\/","title":{"rendered":"Hide Mart\u00edn pescador"},"content":{"rendered":"<section class=\"wpb_row bg-fixed\"><div class=\"container\"><div class=\"rows\"><div class=\"wpb_column vc_column_container one columns2\" ><div class=\"ak_column-inner \"><div class=\"wpb_wrapper \">\n\t<div class=\"wpb_text_column wpb_content_element\" >\n\t\t<div class=\"wpb_wrapper\">\n\t\t\t<h2 data-start=\"333\" data-end=\"358\">Hide Mart\u00edn Pescador<\/h2>\n<p data-start=\"359\" data-end=\"389\"><strong data-start=\"359\" data-end=\"389\">Alcedo atthis \u2013 Kingfisher<\/strong><\/p>\n<p data-start=\"391\" data-end=\"634\">Te ofrecemos la oportunidad de fotografiar al Mart\u00edn Pescador en dos modalidades distintas, seg\u00fan la \u00e9poca del a\u00f1o. Un hide c\u00f3modo, efectivo y dise\u00f1ado para conseguir im\u00e1genes espectaculares de una de las aves m\u00e1s fascinantes de nuestros r\u00edos.<\/p>\n<hr data-start=\"636\" data-end=\"639\" \/>\n<h3 data-start=\"641\" data-end=\"689\">\ud83d\udfe2 <strong data-start=\"648\" data-end=\"687\">Sesi\u00f3n est\u00e1ndar \u2013 Posado<\/strong><\/h3>\n<p data-start=\"690\" data-end=\"815\"><strong data-start=\"690\" data-end=\"714\">Disponible en verano<\/strong>: junio, julio y agosto<br data-start=\"737\" data-end=\"740\" \/><strong data-start=\"740\" data-end=\"751\">Horario<\/strong>: Desde el amanecer hasta aproximadamente las 12:00 del mediod\u00eda<\/p>\n<p data-start=\"817\" data-end=\"1076\">Una sesi\u00f3n pensada para capturar al Mart\u00edn Pescador en posadero, con luz suave de la ma\u00f1ana y fondos naturales muy fotog\u00e9nicos. La distancia corta y la posici\u00f3n de los posaderos aseguran im\u00e1genes con gran nivel de detalle y sin obst\u00e1culos visuales.<\/p>\n<ul data-start=\"1078\" data-end=\"1259\">\n<li data-start=\"1078\" data-end=\"1115\">\n<p data-start=\"1080\" data-end=\"1115\"><strong data-start=\"1080\" data-end=\"1103\">Distancia al sujeto<\/strong>: 4 metros<\/p>\n<\/li>\n<li data-start=\"1116\" data-end=\"1160\">\n<p data-start=\"1118\" data-end=\"1160\"><strong data-start=\"1118\" data-end=\"1140\">Capacidad del hide<\/strong>: hasta 4 personas<\/p>\n<\/li>\n<li data-start=\"1161\" data-end=\"1205\">\n<p data-start=\"1163\" data-end=\"1205\"><strong data-start=\"1163\" data-end=\"1184\">Sin cristal esp\u00eda<\/strong>, visibilidad total<\/p>\n<\/li>\n<li data-start=\"1206\" data-end=\"1259\">\n<p data-start=\"1208\" data-end=\"1259\"><strong data-start=\"1208\" data-end=\"1232\">Objetivo recomendado<\/strong>: 300 mm, 400 mm o 500 mm<\/p>\n<\/li>\n<\/ul>\n<p data-start=\"1261\" data-end=\"1277\">\ud83d\udcb0 <strong data-start=\"1264\" data-end=\"1274\">Precio<\/strong>:<\/p>\n<ul data-start=\"1278\" data-end=\"1336\">\n<li data-start=\"1278\" data-end=\"1297\">\n<p data-start=\"1280\" data-end=\"1297\">1 persona: 100 \u20ac<\/p>\n<\/li>\n<li data-start=\"1298\" data-end=\"1336\">\n<p data-start=\"1300\" data-end=\"1336\">2 o m\u00e1s personas: 90 \u20ac por persona<\/p>\n<\/li>\n<\/ul>\n<hr data-start=\"1338\" data-end=\"1341\" \/>\n<h3 data-start=\"1343\" data-end=\"1407\">\ud83d\udd35 <strong data-start=\"1350\" data-end=\"1405\">Sesi\u00f3n de alta velocidad \u2013 Mart\u00edn Pescador en vuelo<\/strong><\/h3>\n<p data-start=\"1408\" data-end=\"1490\"><strong data-start=\"1408\" data-end=\"1434\">Disponible en invierno<\/strong>: diciembre, enero y febrero<br data-start=\"1462\" data-end=\"1465\" \/><strong data-start=\"1465\" data-end=\"1476\">Horario<\/strong>: Por la tarde<\/p>\n<p data-start=\"1492\" data-end=\"1774\">Esta sesi\u00f3n est\u00e1 dise\u00f1ada para capturar al Mart\u00edn Pescador en pleno vuelo, en picado o pescando, sin necesidad de barrera infrarroja ni iluminaci\u00f3n artificial. Requiere destreza t\u00e9cnica y permite utilizar dos c\u00e1maras simult\u00e1neamente: una para alta velocidad y otra para el posadero.<\/p>\n<ul data-start=\"1776\" data-end=\"1974\">\n<li data-start=\"1776\" data-end=\"1827\">\n<p data-start=\"1778\" data-end=\"1827\"><strong data-start=\"1778\" data-end=\"1807\">Sin barrera IR ni flashes<\/strong>: solo luz natural<\/p>\n<\/li>\n<li data-start=\"1828\" data-end=\"1926\">\n<p data-start=\"1830\" data-end=\"1857\"><strong data-start=\"1830\" data-end=\"1854\">Objetivo recomendado<\/strong>:<\/p>\n<ul data-start=\"1860\" data-end=\"1926\">\n<li data-start=\"1860\" data-end=\"1889\">\n<p data-start=\"1862\" data-end=\"1889\">200 mm para c\u00e1maras APS-C<\/p>\n<\/li>\n<li data-start=\"1892\" data-end=\"1926\">\n<p data-start=\"1894\" data-end=\"1926\">300 mm para c\u00e1maras Full Frame<\/p>\n<\/li>\n<\/ul>\n<\/li>\n<li data-start=\"1927\" data-end=\"1974\">\n<p data-start=\"1929\" data-end=\"1974\"><strong data-start=\"1929\" data-end=\"1974\">Posibilidad de usar dos cuerpos de c\u00e1mara<\/strong><\/p>\n<\/li>\n<\/ul>\n<p data-start=\"1976\" data-end=\"1992\">\ud83d\udcb0 <strong data-start=\"1979\" data-end=\"1989\">Precio<\/strong>:<\/p>\n<ul data-start=\"1993\" data-end=\"2066\">\n<li data-start=\"1993\" data-end=\"2019\">\n<p data-start=\"1995\" data-end=\"2019\">1 persona: (consultar)<\/p>\n<\/li>\n<li data-start=\"2020\" data-end=\"2066\">\n<p data-start=\"2022\" data-end=\"2066\">2 personas: (consultar precio por persona)<\/p>\n<\/li>\n<\/ul>\n<hr data-start=\"2068\" data-end=\"2071\" \/>\n<h3 data-start=\"2073\" data-end=\"2106\">\ud83d\udd01 <strong data-start=\"2080\" data-end=\"2106\">Combinaciones posibles<\/strong><\/h3>\n<p data-start=\"2108\" data-end=\"2348\">\u00bfQuieres aprovechar al m\u00e1ximo el d\u00eda?<br data-start=\"2145\" data-end=\"2148\" \/>Es posible combinar la sesi\u00f3n de Mart\u00edn Pescador con otros hides cercanos como el del <strong data-start=\"2234\" data-end=\"2246\">mochuelo<\/strong> o el <strong data-start=\"2252\" data-end=\"2276\">bebedero de reflejos<\/strong>. Pregunta por nuestras ofertas para sesiones m\u00faltiples en el mismo d\u00eda.<\/p>\n<hr data-start=\"2350\" data-end=\"2353\" \/>\n<p data-start=\"2355\" data-end=\"2494\">\ud83d\udce9 <strong data-start=\"2358\" data-end=\"2370\">Contacto<\/strong>:<br data-start=\"2371\" data-end=\"2374\" \/><strong data-start=\"2374\" data-end=\"2404\">Fernando Sanches de Castro<\/strong><\/p>\n<p>Mov: 608777042<\/p>\n<p><a href=\"https:\/\/hidesdeltietar.com\/contacto\/\">Formulario de contacto<\/a><\/p>\n\n\t\t<\/div>\n\t<\/div>\n\n\t<div class=\"wpb_text_column wpb_content_element\" >\n\t\t<div class=\"wpb_wrapper\">\n\t\t\t<p><strong>Nota<\/strong>: Si haces una sesi\u00f3n de Mart\u00edn en la cual se hace fotos de posados como en vuelo (alta velocidad) a la vez y por alg\u00fan motivo los vuelos no salen bien, <strong>se cobrar\u00e1 la sesi\u00f3n de posado y se podr\u00e1 repetir solo la sesi\u00f3n de vuelos\u00a0<\/strong><\/p>\n\n\t\t<\/div>\n\t<\/div>\n<div class=\"vc_btn3-container vc_btn3-inline vc_do_btn\" ><a class=\"vc_general vc_btn3 vc_btn3-size-md vc_btn3-shape-rounded vc_btn3-style-modern vc_btn3-icon-left vc_btn3-color-primary\" href=\"https:\/\/t.me\/joinchat\/zO_RCG35JaY1YmM8\" title=\"\"><i class=\"vc_btn3-icon fab fa-telegram\"><\/i> Para m\u00e1s informaci\u00f3n sigue nuestro grupo de TELEGRAM<\/a><\/div><\/div><\/div><\/div><\/div><\/div><\/section><section class=\"wpb_row bg-fixed\"><div class=\"container\"><div class=\"rows\"><div class=\"wpb_column vc_column_container one columns2\" ><div class=\"ak_column-inner \"><div class=\"wpb_wrapper \"><div class=\"wpb_gallery wpb_content_element vc_clearfix wpb_content_element\" ><div class=\"wpb_wrapper\"><h2 class=\"wpb_heading wpb_gallery_heading\">galeria 2<\/h2><div class=\"wpb_gallery_slides wpb_image_grid\" data-interval=\"3\"><ul class=\"wpb_image_grid_ul\"><li class=\"isotope-item\"><a class=\"\" href=\"https:\/\/hidesdeltietar.com\/wp-content\/uploads\/2023\/05\/FER9914-copia-1000x668.jpg\" data-lightbox=\"lightbox[rel-189-4212200238]\"><img loading=\"lazy\" decoding=\"async\" width=\"1000\" height=\"668\" src=\"https:\/\/hidesdeltietar.com\/wp-content\/uploads\/2023\/05\/FER9914-copia.jpg\" class=\"attachment-full\" alt=\"\" title=\"Alcedo atthis, Common kingfisher\" srcset=\"https:\/\/hidesdeltietar.com\/wp-content\/uploads\/2023\/05\/FER9914-copia.jpg 1000w, https:\/\/hidesdeltietar.com\/wp-content\/uploads\/2023\/05\/FER9914-copia-300x200.jpg 300w, https:\/\/hidesdeltietar.com\/wp-content\/uploads\/2023\/05\/FER9914-copia-150x100.jpg 150w, https:\/\/hidesdeltietar.com\/wp-content\/uploads\/2023\/05\/FER9914-copia-768x513.jpg 768w, https:\/\/hidesdeltietar.com\/wp-content\/uploads\/2023\/05\/FER9914-copia-18x12.jpg 18w\" sizes=\"auto, (max-width: 1000px) 100vw, 1000px\" \/><\/a><\/li><li class=\"isotope-item\"><a class=\"\" href=\"https:\/\/hidesdeltietar.com\/wp-content\/uploads\/2023\/05\/FER0834-copia-1000x668.jpg\" data-lightbox=\"lightbox[rel-189-4212200238]\"><img loading=\"lazy\" decoding=\"async\" width=\"1200\" height=\"799\" src=\"https:\/\/hidesdeltietar.com\/wp-content\/uploads\/2023\/05\/FER0834-copia.jpg\" class=\"attachment-full\" alt=\"\" title=\"_FER0834 copia\" srcset=\"https:\/\/hidesdeltietar.com\/wp-content\/uploads\/2023\/05\/FER0834-copia.jpg 1200w, https:\/\/hidesdeltietar.com\/wp-content\/uploads\/2023\/05\/FER0834-copia-300x200.jpg 300w, https:\/\/hidesdeltietar.com\/wp-content\/uploads\/2023\/05\/FER0834-copia-150x100.jpg 150w, https:\/\/hidesdeltietar.com\/wp-content\/uploads\/2023\/05\/FER0834-copia-768x511.jpg 768w, https:\/\/hidesdeltietar.com\/wp-content\/uploads\/2023\/05\/FER0834-copia-18x12.jpg 18w\" sizes=\"auto, (max-width: 1200px) 100vw, 1200px\" \/><\/a><\/li><li class=\"isotope-item\"><a class=\"\" href=\"https:\/\/hidesdeltietar.com\/wp-content\/uploads\/2023\/02\/FER7397-NEF_DxO_DeepPRIME-copia-1000x668.jpg\" data-lightbox=\"lightbox[rel-189-4212200238]\"><img loading=\"lazy\" decoding=\"async\" width=\"1200\" height=\"1800\" src=\"https:\/\/hidesdeltietar.com\/wp-content\/uploads\/2023\/02\/FER7397-NEF_DxO_DeepPRIME-copia.jpg\" class=\"attachment-full\" alt=\"Hide de Mart\u00edn pescador kingfisher hides\" title=\"Hides del Ti\u00e9tar. Mart\u00edn pescador en acci\u00f3n\" srcset=\"https:\/\/hidesdeltietar.com\/wp-content\/uploads\/2023\/02\/FER7397-NEF_DxO_DeepPRIME-copia.jpg 1200w, https:\/\/hidesdeltietar.com\/wp-content\/uploads\/2023\/02\/FER7397-NEF_DxO_DeepPRIME-copia-768x1152.jpg 768w\" sizes=\"auto, (max-width: 1200px) 100vw, 1200px\" \/><\/a><\/li><li class=\"isotope-item\"><a class=\"\" href=\"https:\/\/hidesdeltietar.com\/wp-content\/uploads\/2023\/02\/FER7330-copia-1000x668.jpg\" data-lightbox=\"lightbox[rel-189-4212200238]\"><img loading=\"lazy\" decoding=\"async\" width=\"1200\" height=\"1392\" src=\"https:\/\/hidesdeltietar.com\/wp-content\/uploads\/2023\/02\/FER7330-copia.jpg\" class=\"attachment-full\" alt=\"Hide de Mart\u00edn pescador\" title=\"Hides del Ti\u00e9tar. Mart\u00edn pescador en acci\u00f3n\" srcset=\"https:\/\/hidesdeltietar.com\/wp-content\/uploads\/2023\/02\/FER7330-copia.jpg 1200w, https:\/\/hidesdeltietar.com\/wp-content\/uploads\/2023\/02\/FER7330-copia-768x890.jpg 768w\" sizes=\"auto, (max-width: 1200px) 100vw, 1200px\" \/><\/a><\/li><li class=\"isotope-item\"><a class=\"\" href=\"https:\/\/hidesdeltietar.com\/wp-content\/uploads\/2023\/02\/FER7490-NEF_DxO_DeepPRIME-copia-1000x668.jpg\" data-lightbox=\"lightbox[rel-189-4212200238]\"><img loading=\"lazy\" decoding=\"async\" width=\"1200\" height=\"874\" src=\"https:\/\/hidesdeltietar.com\/wp-content\/uploads\/2023\/02\/FER7490-NEF_DxO_DeepPRIME-copia.jpg\" class=\"attachment-full\" alt=\"Hide de Mart\u00edn pescador kingfisher hides\" title=\"Hides del Ti\u00e9tar. Mart\u00edn pescador en acci\u00f3n\" srcset=\"https:\/\/hidesdeltietar.com\/wp-content\/uploads\/2023\/02\/FER7490-NEF_DxO_DeepPRIME-copia.jpg 1200w, https:\/\/hidesdeltietar.com\/wp-content\/uploads\/2023\/02\/FER7490-NEF_DxO_DeepPRIME-copia-768x559.jpg 768w, https:\/\/hidesdeltietar.com\/wp-content\/uploads\/2023\/02\/FER7490-NEF_DxO_DeepPRIME-copia-18x12.jpg 18w\" sizes=\"auto, (max-width: 1200px) 100vw, 1200px\" \/><\/a><\/li><li class=\"isotope-item\"><a class=\"\" href=\"https:\/\/hidesdeltietar.com\/wp-content\/uploads\/2023\/02\/FER7514-copia-2-1000x668.jpg\" data-lightbox=\"lightbox[rel-189-4212200238]\"><img loading=\"lazy\" decoding=\"async\" width=\"1200\" height=\"1798\" src=\"https:\/\/hidesdeltietar.com\/wp-content\/uploads\/2023\/02\/FER7514-copia-2.jpg\" class=\"attachment-full\" alt=\"Hide de Mart\u00edn pescador kingfisher hides\" title=\"Hides del Ti\u00e9tar. Mart\u00edn pescador en acci\u00f3n\" srcset=\"https:\/\/hidesdeltietar.com\/wp-content\/uploads\/2023\/02\/FER7514-copia-2.jpg 1200w, https:\/\/hidesdeltietar.com\/wp-content\/uploads\/2023\/02\/FER7514-copia-2-768x1150.jpg 768w\" sizes=\"auto, (max-width: 1200px) 100vw, 1200px\" \/><\/a><\/li><li class=\"isotope-item\"><a class=\"\" href=\"https:\/\/hidesdeltietar.com\/wp-content\/uploads\/2023\/02\/FER7386-NEF_DxO_DeepPRIME-copia-1000x668.jpg\" data-lightbox=\"lightbox[rel-189-4212200238]\"><img loading=\"lazy\" decoding=\"async\" width=\"1200\" height=\"1798\" src=\"https:\/\/hidesdeltietar.com\/wp-content\/uploads\/2023\/02\/FER7386-NEF_DxO_DeepPRIME-copia.jpg\" class=\"attachment-full\" alt=\"Hide de Mart\u00edn pescador kingfisher hides\" title=\"Hides del Ti\u00e9tar. Mart\u00edn pescador en acci\u00f3n\" srcset=\"https:\/\/hidesdeltietar.com\/wp-content\/uploads\/2023\/02\/FER7386-NEF_DxO_DeepPRIME-copia.jpg 1200w, https:\/\/hidesdeltietar.com\/wp-content\/uploads\/2023\/02\/FER7386-NEF_DxO_DeepPRIME-copia-768x1150.jpg 768w\" sizes=\"auto, (max-width: 1200px) 100vw, 1200px\" \/><\/a><\/li><li class=\"isotope-item\"><a class=\"\" href=\"https:\/\/hidesdeltietar.com\/wp-content\/uploads\/2022\/02\/FER7905-copiawab-1000x668.jpg\" data-lightbox=\"lightbox[rel-189-4212200238]\"><img loading=\"lazy\" decoding=\"async\" width=\"1428\" height=\"1428\" src=\"https:\/\/hidesdeltietar.com\/wp-content\/uploads\/2022\/02\/FER7905-copiawab.jpg\" class=\"attachment-full\" alt=\"\" title=\"_FER7905-copiawab\" srcset=\"https:\/\/hidesdeltietar.com\/wp-content\/uploads\/2022\/02\/FER7905-copiawab.jpg 1428w, https:\/\/hidesdeltietar.com\/wp-content\/uploads\/2022\/02\/FER7905-copiawab-768x768.jpg 768w, https:\/\/hidesdeltietar.com\/wp-content\/uploads\/2022\/02\/FER7905-copiawab-1536x1536.jpg 1536w, https:\/\/hidesdeltietar.com\/wp-content\/uploads\/2022\/02\/FER7905-copiawab-2048x2048.jpg 2048w\" sizes=\"auto, (max-width: 1428px) 100vw, 1428px\" \/><\/a><\/li><li class=\"isotope-item\"><a class=\"\" href=\"https:\/\/hidesdeltietar.com\/wp-content\/uploads\/2022\/01\/FER7866-copia2-1000x668.jpg\" data-lightbox=\"lightbox[rel-189-4212200238]\"><img loading=\"lazy\" decoding=\"async\" width=\"1440\" height=\"1800\" src=\"https:\/\/hidesdeltietar.com\/wp-content\/uploads\/2022\/01\/FER7866-copia2.jpg\" class=\"attachment-full\" alt=\"\" title=\"FER7866-copia2\" srcset=\"https:\/\/hidesdeltietar.com\/wp-content\/uploads\/2022\/01\/FER7866-copia2.jpg 1440w, https:\/\/hidesdeltietar.com\/wp-content\/uploads\/2022\/01\/FER7866-copia2-768x960.jpg 768w\" sizes=\"auto, (max-width: 1440px) 100vw, 1440px\" \/><\/a><\/li><\/ul><\/div><\/div><\/div><\/div><\/div><\/div><\/div><\/div><\/section><section class=\"wpb_row bg-fixed\"><div class=\"container\"><div class=\"rows\"><div class=\"wpb_column vc_column_container one columns2\" ><div class=\"ak_column-inner \"><div class=\"wpb_wrapper \">\n\t<div class=\"wpb_video_widget wpb_content_element vc_clearfix   vc_video-aspect-ratio-169 vc_video-el-width-100 vc_video-align-left\" >\n\t\t<div class=\"wpb_wrapper\">\n\t\t\t<h2 class=\"wpb_heading wpb_video_heading\">Mart\u00edn pescador<\/h2>\n\t\t\t<div class=\"wpb_video_wrapper\"><iframe loading=\"lazy\" title=\"Hide de Mart\u00edn pescador\" width=\"500\" height=\"281\" src=\"https:\/\/www.youtube.com\/embed\/nFEeS19Ord4?feature=oembed\" frameborder=\"0\" allow=\"accelerometer; autoplay; clipboard-write; encrypted-media; gyroscope; picture-in-picture; web-share\" allowfullscreen><\/iframe><\/div>\n\t\t<\/div>\n\t<\/div>\n<\/div><\/div><\/div><\/div><\/div><\/section>\n","protected":false},"excerpt":{"rendered":"Hide Mart\u00edn Pescador Alcedo atthis \u2013 Kingfisher Te ofrecemos la oportunidad de fotografiar al Mart\u00edn Pescador en dos modalidades distintas, seg\u00fan la \u00e9poca del a\u00f1o. Un hide c\u00f3modo, efectivo y dise\u00f1ado para conseguir im\u00e1genes espectaculares de una de las aves m\u00e1s fascinantes de nuestros r\u00edos. \ud83d\udfe2 Sesi\u00f3n est\u00e1ndar \u2013 Posado Disponible en verano: junio, julio [...]","protected":false},"author":1,"featured_media":1973,"parent":0,"menu_order":0,"comment_status":"closed","ping_status":"closed","template":"","meta":{"_crdt_document":"","footnotes":""},"class_list":["post-189","page","type-page","status-publish","has-post-thumbnail","hentry"],"yoast_head":"<!-- This site is optimized with the Yoast SEO plugin v27.5 - https:\/\/yoast.com\/product\/yoast-seo-wordpress\/ -->\n<title>Hide Mart\u00edn pescador hide fotograf\u00eda Mart\u00edn pescador, kingfisher (Alcedo atthis) % Hide Mart\u00edn pescador<\/title>\n<meta name=\"description\" content=\"Hide Mart\u00edn pescador, Alcedo atthis, kingfisher, en Espa\u00f1a. Disponible todo el a\u00f1o. Fotografia de aves. Hides del tietar\" \/>\n<meta name=\"robots\" content=\"index, follow, max-snippet:-1, max-image-preview:large, max-video-preview:-1\" \/>\n<link rel=\"canonical\" href=\"https:\/\/hidesdeltietar.com\/en\/martin\/\" \/>\n<meta property=\"og:locale\" content=\"en_GB\" \/>\n<meta property=\"og:type\" content=\"article\" \/>\n<meta property=\"og:title\" content=\"Hide Mart\u00edn pescador hide fotograf\u00eda Mart\u00edn pescador, kingfisher (Alcedo atthis) % Hide Mart\u00edn pescador\" \/>\n<meta property=\"og:description\" content=\"Hide Mart\u00edn pescador, Alcedo atthis, kingfisher, en Espa\u00f1a. Disponible todo el a\u00f1o. Fotografia de aves. Hides del tietar\" \/>\n<meta property=\"og:url\" content=\"https:\/\/hidesdeltietar.com\/en\/martin\/\" \/>\n<meta property=\"og:site_name\" content=\"Hides del Ti\u00e9tar\" \/>\n<meta property=\"article:modified_time\" content=\"2025-12-26T09:40:48+00:00\" \/>\n<meta property=\"og:image\" content=\"https:\/\/hidesdeltietar.com\/wp-content\/uploads\/2022\/02\/FER7905-copiawab.jpg\" \/>\n\t<meta property=\"og:image:width\" content=\"1428\" \/>\n\t<meta property=\"og:image:height\" content=\"1428\" \/>\n\t<meta property=\"og:image:type\" content=\"image\/jpeg\" \/>\n<meta name=\"twitter:card\" content=\"summary_large_image\" \/>\n<meta name=\"twitter:label1\" content=\"Estimated reading time\" \/>\n\t<meta name=\"twitter:data1\" content=\"2 minutes\" \/>\n<script type=\"application\/ld+json\" class=\"yoast-schema-graph\">{\"@context\":\"https:\\\/\\\/schema.org\",\"@graph\":[{\"@type\":\"WebPage\",\"@id\":\"https:\\\/\\\/hidesdeltietar.com\\\/martin\\\/\",\"url\":\"https:\\\/\\\/hidesdeltietar.com\\\/martin\\\/\",\"name\":\"Hide Mart\u00edn pescador hide fotograf\u00eda Mart\u00edn pescador, kingfisher (Alcedo atthis) % Hide Mart\u00edn pescador\",\"isPartOf\":{\"@id\":\"https:\\\/\\\/hidesdeltietar.com\\\/#website\"},\"primaryImageOfPage\":{\"@id\":\"https:\\\/\\\/hidesdeltietar.com\\\/martin\\\/#primaryimage\"},\"image\":{\"@id\":\"https:\\\/\\\/hidesdeltietar.com\\\/martin\\\/#primaryimage\"},\"thumbnailUrl\":\"https:\\\/\\\/hidesdeltietar.com\\\/wp-content\\\/uploads\\\/2022\\\/02\\\/FER7905-copiawab.jpg\",\"datePublished\":\"2017-12-06T07:55:10+00:00\",\"dateModified\":\"2025-12-26T09:40:48+00:00\",\"description\":\"Hide Mart\u00edn pescador, Alcedo atthis, kingfisher, en Espa\u00f1a. Disponible todo el a\u00f1o. Fotografia de aves. Hides del tietar\",\"breadcrumb\":{\"@id\":\"https:\\\/\\\/hidesdeltietar.com\\\/martin\\\/#breadcrumb\"},\"inLanguage\":\"en-GB\",\"potentialAction\":[{\"@type\":\"ReadAction\",\"target\":[\"https:\\\/\\\/hidesdeltietar.com\\\/martin\\\/\"]}]},{\"@type\":\"ImageObject\",\"inLanguage\":\"en-GB\",\"@id\":\"https:\\\/\\\/hidesdeltietar.com\\\/martin\\\/#primaryimage\",\"url\":\"https:\\\/\\\/hidesdeltietar.com\\\/wp-content\\\/uploads\\\/2022\\\/02\\\/FER7905-copiawab.jpg\",\"contentUrl\":\"https:\\\/\\\/hidesdeltietar.com\\\/wp-content\\\/uploads\\\/2022\\\/02\\\/FER7905-copiawab.jpg\",\"width\":1428,\"height\":1428},{\"@type\":\"BreadcrumbList\",\"@id\":\"https:\\\/\\\/hidesdeltietar.com\\\/martin\\\/#breadcrumb\",\"itemListElement\":[{\"@type\":\"ListItem\",\"position\":1,\"name\":\"Portada\",\"item\":\"https:\\\/\\\/hidesdeltietar.com\\\/\"},{\"@type\":\"ListItem\",\"position\":2,\"name\":\"Hide Mart\u00edn pescador\"}]},{\"@type\":\"WebSite\",\"@id\":\"https:\\\/\\\/hidesdeltietar.com\\\/#website\",\"url\":\"https:\\\/\\\/hidesdeltietar.com\\\/\",\"name\":\"Hides del Ti\u00e9tar\",\"description\":\"Hides fotograficos, fotografia de Fauna en Espa\u00f1a\",\"publisher\":{\"@id\":\"https:\\\/\\\/hidesdeltietar.com\\\/#\\\/schema\\\/person\\\/255bb2e69140f1ea0b5afd8ce546b35f\"},\"potentialAction\":[{\"@type\":\"SearchAction\",\"target\":{\"@type\":\"EntryPoint\",\"urlTemplate\":\"https:\\\/\\\/hidesdeltietar.com\\\/?s={search_term_string}\"},\"query-input\":{\"@type\":\"PropertyValueSpecification\",\"valueRequired\":true,\"valueName\":\"search_term_string\"}}],\"inLanguage\":\"en-GB\"},{\"@type\":[\"Person\",\"Organization\"],\"@id\":\"https:\\\/\\\/hidesdeltietar.com\\\/#\\\/schema\\\/person\\\/255bb2e69140f1ea0b5afd8ce546b35f\",\"name\":\"fsanchex\",\"image\":{\"@type\":\"ImageObject\",\"inLanguage\":\"en-GB\",\"@id\":\"https:\\\/\\\/hidesdeltietar.com\\\/wp-content\\\/uploads\\\/2017\\\/12\\\/Logo.png\",\"url\":\"https:\\\/\\\/hidesdeltietar.com\\\/wp-content\\\/uploads\\\/2017\\\/12\\\/Logo.png\",\"contentUrl\":\"https:\\\/\\\/hidesdeltietar.com\\\/wp-content\\\/uploads\\\/2017\\\/12\\\/Logo.png\",\"width\":3000,\"height\":2000,\"caption\":\"fsanchex\"},\"logo\":{\"@id\":\"https:\\\/\\\/hidesdeltietar.com\\\/wp-content\\\/uploads\\\/2017\\\/12\\\/Logo.png\"}}]}<\/script>\n<!-- \/ Yoast SEO plugin. -->","yoast_head_json":{"title":"Hide Mart\u00edn pescador hide fotograf\u00eda Mart\u00edn pescador, kingfisher (Alcedo atthis) % Hide Mart\u00edn pescador","description":"Hide Mart\u00edn pescador, Alcedo atthis, kingfisher, en Espa\u00f1a. Disponible todo el a\u00f1o. Fotografia de aves. Hides del tietar","robots":{"index":"index","follow":"follow","max-snippet":"max-snippet:-1","max-image-preview":"max-image-preview:large","max-video-preview":"max-video-preview:-1"},"canonical":"https:\/\/hidesdeltietar.com\/en\/martin\/","og_locale":"en_GB","og_type":"article","og_title":"Hide Mart\u00edn pescador hide fotograf\u00eda Mart\u00edn pescador, kingfisher (Alcedo atthis) % Hide Mart\u00edn pescador","og_description":"Hide Mart\u00edn pescador, Alcedo atthis, kingfisher, en Espa\u00f1a. Disponible todo el a\u00f1o. Fotografia de aves. Hides del tietar","og_url":"https:\/\/hidesdeltietar.com\/en\/martin\/","og_site_name":"Hides del Ti\u00e9tar","article_modified_time":"2025-12-26T09:40:48+00:00","og_image":[{"width":1428,"height":1428,"url":"https:\/\/hidesdeltietar.com\/wp-content\/uploads\/2022\/02\/FER7905-copiawab.jpg","type":"image\/jpeg"}],"twitter_card":"summary_large_image","twitter_misc":{"Estimated reading time":"2 minutes"},"schema":{"@context":"https:\/\/schema.org","@graph":[{"@type":"WebPage","@id":"https:\/\/hidesdeltietar.com\/martin\/","url":"https:\/\/hidesdeltietar.com\/martin\/","name":"Hide Mart\u00edn pescador hide fotograf\u00eda Mart\u00edn pescador, kingfisher (Alcedo atthis) % Hide Mart\u00edn pescador","isPartOf":{"@id":"https:\/\/hidesdeltietar.com\/#website"},"primaryImageOfPage":{"@id":"https:\/\/hidesdeltietar.com\/martin\/#primaryimage"},"image":{"@id":"https:\/\/hidesdeltietar.com\/martin\/#primaryimage"},"thumbnailUrl":"https:\/\/hidesdeltietar.com\/wp-content\/uploads\/2022\/02\/FER7905-copiawab.jpg","datePublished":"2017-12-06T07:55:10+00:00","dateModified":"2025-12-26T09:40:48+00:00","description":"Hide Mart\u00edn pescador, Alcedo atthis, kingfisher, en Espa\u00f1a. Disponible todo el a\u00f1o. Fotografia de aves. Hides del tietar","breadcrumb":{"@id":"https:\/\/hidesdeltietar.com\/martin\/#breadcrumb"},"inLanguage":"en-GB","potentialAction":[{"@type":"ReadAction","target":["https:\/\/hidesdeltietar.com\/martin\/"]}]},{"@type":"ImageObject","inLanguage":"en-GB","@id":"https:\/\/hidesdeltietar.com\/martin\/#primaryimage","url":"https:\/\/hidesdeltietar.com\/wp-content\/uploads\/2022\/02\/FER7905-copiawab.jpg","contentUrl":"https:\/\/hidesdeltietar.com\/wp-content\/uploads\/2022\/02\/FER7905-copiawab.jpg","width":1428,"height":1428},{"@type":"BreadcrumbList","@id":"https:\/\/hidesdeltietar.com\/martin\/#breadcrumb","itemListElement":[{"@type":"ListItem","position":1,"name":"Portada","item":"https:\/\/hidesdeltietar.com\/"},{"@type":"ListItem","position":2,"name":"Hide Mart\u00edn pescador"}]},{"@type":"WebSite","@id":"https:\/\/hidesdeltietar.com\/#website","url":"https:\/\/hidesdeltietar.com\/","name":"Hides del Ti\u00e9tar","description":"Hides fotograficos, fotografia de Fauna en Espa\u00f1a","publisher":{"@id":"https:\/\/hidesdeltietar.com\/#\/schema\/person\/255bb2e69140f1ea0b5afd8ce546b35f"},"potentialAction":[{"@type":"SearchAction","target":{"@type":"EntryPoint","urlTemplate":"https:\/\/hidesdeltietar.com\/?s={search_term_string}"},"query-input":{"@type":"PropertyValueSpecification","valueRequired":true,"valueName":"search_term_string"}}],"inLanguage":"en-GB"},{"@type":["Person","Organization"],"@id":"https:\/\/hidesdeltietar.com\/#\/schema\/person\/255bb2e69140f1ea0b5afd8ce546b35f","name":"fsanchex","image":{"@type":"ImageObject","inLanguage":"en-GB","@id":"https:\/\/hidesdeltietar.com\/wp-content\/uploads\/2017\/12\/Logo.png","url":"https:\/\/hidesdeltietar.com\/wp-content\/uploads\/2017\/12\/Logo.png","contentUrl":"https:\/\/hidesdeltietar.com\/wp-content\/uploads\/2017\/12\/Logo.png","width":3000,"height":2000,"caption":"fsanchex"},"logo":{"@id":"https:\/\/hidesdeltietar.com\/wp-content\/uploads\/2017\/12\/Logo.png"}}]}},"_links":{"self":[{"href":"https:\/\/hidesdeltietar.com\/en\/wp-json\/wp\/v2\/pages\/189","targetHints":{"allow":["GET"]}}],"collection":[{"href":"https:\/\/hidesdeltietar.com\/en\/wp-json\/wp\/v2\/pages"}],"about":[{"href":"https:\/\/hidesdeltietar.com\/en\/wp-json\/wp\/v2\/types\/page"}],"author":[{"embeddable":true,"href":"https:\/\/hidesdeltietar.com\/en\/wp-json\/wp\/v2\/users\/1"}],"replies":[{"embeddable":true,"href":"https:\/\/hidesdeltietar.com\/en\/wp-json\/wp\/v2\/comments?post=189"}],"version-history":[{"count":91,"href":"https:\/\/hidesdeltietar.com\/en\/wp-json\/wp\/v2\/pages\/189\/revisions"}],"predecessor-version":[{"id":3033,"href":"https:\/\/hidesdeltietar.com\/en\/wp-json\/wp\/v2\/pages\/189\/revisions\/3033"}],"wp:featuredmedia":[{"embeddable":true,"href":"https:\/\/hidesdeltietar.com\/en\/wp-json\/wp\/v2\/media\/1973"}],"wp:attachment":[{"href":"https:\/\/hidesdeltietar.com\/en\/wp-json\/wp\/v2\/media?parent=189"}],"curies":[{"name":"wp","href":"https:\/\/api.w.org\/{rel}","templated":true}]}}