{"id":1753,"date":"2021-08-02T23:44:31","date_gmt":"2021-08-02T23:44:31","guid":{"rendered":"https:\/\/hidesdeltietar.com\/?page_id=1753"},"modified":"2025-12-26T09:42:00","modified_gmt":"2025-12-26T09:42:00","slug":"1753-2","status":"publish","type":"page","link":"https:\/\/hidesdeltietar.com\/en\/1753-2\/","title":{"rendered":"Hide juvenile imperial"},"content":{"rendered":"<section class=\"wpb_row bg-fixed\"><div class=\"container\"><div class=\"rows\"><div class=\"wpb_column vc_column_container one columns2\" ><div class=\"ak_column-inner\"><div class=\"wpb_wrapper\">\n\t<div class=\"wpb_text_column wpb_content_element\" >\n\t\t<div class=\"wpb_wrapper\">\n\t\t\t<h1>Hide juvenile Imperial eagle<\/h1>\n<p>&nbsp;<\/p>\n<h4><strong>Available <\/strong><\/h4>\n<p>Todos los a\u00f1os la pareja de Imperiales lleva a los pollos para\u00a0 que se alimente en el hide, antes de emprender su viaje de dispersi\u00f3n,<\/p>\n<p>Tambi\u00e9n se fotografian a los adultos<\/p>\n<p>&nbsp;<\/p>\n<ul>\n<li>Hide for two people<\/li>\n<li>With glass spy<\/li>\n<li>Optical recommended 400, 500, 600mm<\/li>\n<li>transfer to the hide in a 4\u00d74.<\/li>\n<\/ul>\n<p>&nbsp;<\/p>\n<p><strong>Price:<\/strong> a person <strong>140\u20ac.<\/strong> Two people <strong>120\u20ac<\/strong> each one.<\/p>\n\n\t\t<\/div>\n\t<\/div>\n\n<div class=\"vc_grid-container-wrapper vc_clearfix vc_grid-animation-fadeIn\">\n\t<div class=\"vc_grid-container vc_clearfix wpb_content_element vc_media_grid\" data-initial-loading-animation=\"fadeIn\" data-vc-grid-settings=\"{&quot;page_id&quot;:1753,&quot;style&quot;:&quot;all&quot;,&quot;action&quot;:&quot;vc_get_vc_grid_data&quot;,&quot;shortcode_id&quot;:&quot;1766742093453-0ea35fd7-af84-7&quot;,&quot;tag&quot;:&quot;vc_media_grid&quot;}\" data-vc-request=\"https:\/\/hidesdeltietar.com\/wp-admin\/admin-ajax.php\" data-vc-post-id=\"1753\" data-vc-public-nonce=\"eeb0d6fa30\">\n\t\t\n\t<\/div>\n<\/div>\n\t<div class=\"wpb_video_widget wpb_content_element vc_clearfix   vc_video-aspect-ratio-169 vc_video-el-width-100 vc_video-align-left\" >\n\t\t<div class=\"wpb_wrapper\">\n\t\t\t<h2 class=\"wpb_heading wpb_video_heading\">Straw<\/h2>\n\t\t\t<div class=\"wpb_video_wrapper\"><iframe loading=\"lazy\" title=\"Hide juvenile imperial\" width=\"500\" height=\"281\" src=\"https:\/\/www.youtube.com\/embed\/WrxiYjE-Yhk?feature=oembed\" frameborder=\"0\" allow=\"accelerometer; autoplay; clipboard-write; encrypted-media; gyroscope; picture-in-picture; web-share\" allowfullscreen><\/iframe><\/div>\n\t\t<\/div>\n\t<\/div>\n<\/div><\/div><\/div><\/div><\/div><\/section><section class=\"wpb_row bg-fixed\"><div class=\"container\"><div class=\"rows\"><div class=\"wpb_column vc_column_container one columns2\" ><div class=\"ak_column-inner\"><div class=\"wpb_wrapper\"><\/div><\/div><\/div><\/div><\/div><\/section>","protected":false},"excerpt":{"rendered":"Hide de Pajizos (Pollos de Imperial) &nbsp; Disponible Todos los a\u00f1os la pareja de Imperiales lleva a los pollos para\u00a0 que se alimente en el hide, antes de emprender su viaje de dispersi\u00f3n, Tambi\u00e9n se fotografian a los adultos &nbsp; Hide para dos personas Con cristal esp\u00eda \u00d3ptica recomendada 400, 500, 600mm traslado hasta el [...]","protected":false},"author":1,"featured_media":1754,"parent":0,"menu_order":0,"comment_status":"closed","ping_status":"closed","template":"page-templates\/template-fullwidth.php","meta":{"_crdt_document":"","footnotes":""},"class_list":["post-1753","page","type-page","status-publish","has-post-thumbnail","hentry"],"yoast_head":"<!-- This site is optimized with the Yoast SEO plugin v27.5 - https:\/\/yoast.com\/product\/yoast-seo-wordpress\/ -->\n<title>Hide de Pajizos -hides fotograf\u00eda<\/title>\n<meta name=\"description\" content=\"Hides fotograf\u00eda aves\" \/>\n<meta name=\"robots\" content=\"index, follow, max-snippet:-1, max-image-preview:large, max-video-preview:-1\" \/>\n<link rel=\"canonical\" href=\"https:\/\/hidesdeltietar.com\/en\/1753-2\/\" \/>\n<meta property=\"og:locale\" content=\"en_GB\" \/>\n<meta property=\"og:type\" content=\"article\" \/>\n<meta property=\"og:title\" content=\"Hide de Pajizos -hides fotograf\u00eda\" \/>\n<meta property=\"og:description\" content=\"Hides fotograf\u00eda aves\" \/>\n<meta property=\"og:url\" content=\"https:\/\/hidesdeltietar.com\/en\/1753-2\/\" \/>\n<meta property=\"og:site_name\" content=\"Hides del Ti\u00e9tar\" \/>\n<meta property=\"article:modified_time\" content=\"2025-12-26T09:42:00+00:00\" \/>\n<meta property=\"og:image\" content=\"https:\/\/hidesdeltietar.com\/wp-content\/uploads\/2021\/08\/FER4331-copia.jpg\" \/>\n\t<meta property=\"og:image:width\" content=\"1200\" \/>\n\t<meta property=\"og:image:height\" content=\"801\" \/>\n\t<meta property=\"og:image:type\" content=\"image\/jpeg\" \/>\n<meta name=\"twitter:card\" content=\"summary_large_image\" \/>\n<meta name=\"twitter:label1\" content=\"Estimated reading time\" \/>\n\t<meta name=\"twitter:data1\" content=\"1 minute\" \/>\n<script type=\"application\/ld+json\" class=\"yoast-schema-graph\">{\"@context\":\"https:\\\/\\\/schema.org\",\"@graph\":[{\"@type\":\"WebPage\",\"@id\":\"https:\\\/\\\/hidesdeltietar.com\\\/1753-2\\\/\",\"url\":\"https:\\\/\\\/hidesdeltietar.com\\\/1753-2\\\/\",\"name\":\"Hide de Pajizos -hides fotograf\u00eda\",\"isPartOf\":{\"@id\":\"https:\\\/\\\/hidesdeltietar.com\\\/#website\"},\"primaryImageOfPage\":{\"@id\":\"https:\\\/\\\/hidesdeltietar.com\\\/1753-2\\\/#primaryimage\"},\"image\":{\"@id\":\"https:\\\/\\\/hidesdeltietar.com\\\/1753-2\\\/#primaryimage\"},\"thumbnailUrl\":\"https:\\\/\\\/hidesdeltietar.com\\\/wp-content\\\/uploads\\\/2021\\\/08\\\/FER4331-copia.jpg\",\"datePublished\":\"2021-08-02T23:44:31+00:00\",\"dateModified\":\"2025-12-26T09:42:00+00:00\",\"description\":\"Hides fotograf\u00eda aves\",\"breadcrumb\":{\"@id\":\"https:\\\/\\\/hidesdeltietar.com\\\/1753-2\\\/#breadcrumb\"},\"inLanguage\":\"en-GB\",\"potentialAction\":[{\"@type\":\"ReadAction\",\"target\":[\"https:\\\/\\\/hidesdeltietar.com\\\/1753-2\\\/\"]}]},{\"@type\":\"ImageObject\",\"inLanguage\":\"en-GB\",\"@id\":\"https:\\\/\\\/hidesdeltietar.com\\\/1753-2\\\/#primaryimage\",\"url\":\"https:\\\/\\\/hidesdeltietar.com\\\/wp-content\\\/uploads\\\/2021\\\/08\\\/FER4331-copia.jpg\",\"contentUrl\":\"https:\\\/\\\/hidesdeltietar.com\\\/wp-content\\\/uploads\\\/2021\\\/08\\\/FER4331-copia.jpg\",\"width\":1200,\"height\":801,\"caption\":\"Pajizo, pollos de Imperial\"},{\"@type\":\"BreadcrumbList\",\"@id\":\"https:\\\/\\\/hidesdeltietar.com\\\/1753-2\\\/#breadcrumb\",\"itemListElement\":[{\"@type\":\"ListItem\",\"position\":1,\"name\":\"Portada\",\"item\":\"https:\\\/\\\/hidesdeltietar.com\\\/\"},{\"@type\":\"ListItem\",\"position\":2,\"name\":\"Hide de Pajizos\"}]},{\"@type\":\"WebSite\",\"@id\":\"https:\\\/\\\/hidesdeltietar.com\\\/#website\",\"url\":\"https:\\\/\\\/hidesdeltietar.com\\\/\",\"name\":\"Hides del Ti\u00e9tar\",\"description\":\"Hides fotograficos, fotografia de Fauna en Espa\u00f1a\",\"publisher\":{\"@id\":\"https:\\\/\\\/hidesdeltietar.com\\\/#\\\/schema\\\/person\\\/255bb2e69140f1ea0b5afd8ce546b35f\"},\"potentialAction\":[{\"@type\":\"SearchAction\",\"target\":{\"@type\":\"EntryPoint\",\"urlTemplate\":\"https:\\\/\\\/hidesdeltietar.com\\\/?s={search_term_string}\"},\"query-input\":{\"@type\":\"PropertyValueSpecification\",\"valueRequired\":true,\"valueName\":\"search_term_string\"}}],\"inLanguage\":\"en-GB\"},{\"@type\":[\"Person\",\"Organization\"],\"@id\":\"https:\\\/\\\/hidesdeltietar.com\\\/#\\\/schema\\\/person\\\/255bb2e69140f1ea0b5afd8ce546b35f\",\"name\":\"fsanchex\",\"image\":{\"@type\":\"ImageObject\",\"inLanguage\":\"en-GB\",\"@id\":\"https:\\\/\\\/hidesdeltietar.com\\\/wp-content\\\/uploads\\\/2017\\\/12\\\/Logo.png\",\"url\":\"https:\\\/\\\/hidesdeltietar.com\\\/wp-content\\\/uploads\\\/2017\\\/12\\\/Logo.png\",\"contentUrl\":\"https:\\\/\\\/hidesdeltietar.com\\\/wp-content\\\/uploads\\\/2017\\\/12\\\/Logo.png\",\"width\":3000,\"height\":2000,\"caption\":\"fsanchex\"},\"logo\":{\"@id\":\"https:\\\/\\\/hidesdeltietar.com\\\/wp-content\\\/uploads\\\/2017\\\/12\\\/Logo.png\"}}]}<\/script>\n<!-- \/ Yoast SEO plugin. -->","yoast_head_json":{"title":"Hide de Pajizos -hides fotograf\u00eda","description":"Hides fotograf\u00eda aves","robots":{"index":"index","follow":"follow","max-snippet":"max-snippet:-1","max-image-preview":"max-image-preview:large","max-video-preview":"max-video-preview:-1"},"canonical":"https:\/\/hidesdeltietar.com\/en\/1753-2\/","og_locale":"en_GB","og_type":"article","og_title":"Hide de Pajizos -hides fotograf\u00eda","og_description":"Hides fotograf\u00eda aves","og_url":"https:\/\/hidesdeltietar.com\/en\/1753-2\/","og_site_name":"Hides del Ti\u00e9tar","article_modified_time":"2025-12-26T09:42:00+00:00","og_image":[{"width":1200,"height":801,"url":"https:\/\/hidesdeltietar.com\/wp-content\/uploads\/2021\/08\/FER4331-copia.jpg","type":"image\/jpeg"}],"twitter_card":"summary_large_image","twitter_misc":{"Estimated reading time":"1 minute"},"schema":{"@context":"https:\/\/schema.org","@graph":[{"@type":"WebPage","@id":"https:\/\/hidesdeltietar.com\/1753-2\/","url":"https:\/\/hidesdeltietar.com\/1753-2\/","name":"Hide de Pajizos -hides fotograf\u00eda","isPartOf":{"@id":"https:\/\/hidesdeltietar.com\/#website"},"primaryImageOfPage":{"@id":"https:\/\/hidesdeltietar.com\/1753-2\/#primaryimage"},"image":{"@id":"https:\/\/hidesdeltietar.com\/1753-2\/#primaryimage"},"thumbnailUrl":"https:\/\/hidesdeltietar.com\/wp-content\/uploads\/2021\/08\/FER4331-copia.jpg","datePublished":"2021-08-02T23:44:31+00:00","dateModified":"2025-12-26T09:42:00+00:00","description":"Hides fotograf\u00eda aves","breadcrumb":{"@id":"https:\/\/hidesdeltietar.com\/1753-2\/#breadcrumb"},"inLanguage":"en-GB","potentialAction":[{"@type":"ReadAction","target":["https:\/\/hidesdeltietar.com\/1753-2\/"]}]},{"@type":"ImageObject","inLanguage":"en-GB","@id":"https:\/\/hidesdeltietar.com\/1753-2\/#primaryimage","url":"https:\/\/hidesdeltietar.com\/wp-content\/uploads\/2021\/08\/FER4331-copia.jpg","contentUrl":"https:\/\/hidesdeltietar.com\/wp-content\/uploads\/2021\/08\/FER4331-copia.jpg","width":1200,"height":801,"caption":"Pajizo, pollos de Imperial"},{"@type":"BreadcrumbList","@id":"https:\/\/hidesdeltietar.com\/1753-2\/#breadcrumb","itemListElement":[{"@type":"ListItem","position":1,"name":"Portada","item":"https:\/\/hidesdeltietar.com\/"},{"@type":"ListItem","position":2,"name":"Hide de Pajizos"}]},{"@type":"WebSite","@id":"https:\/\/hidesdeltietar.com\/#website","url":"https:\/\/hidesdeltietar.com\/","name":"Hides del Ti\u00e9tar","description":"Hides fotograficos, fotografia de Fauna en Espa\u00f1a","publisher":{"@id":"https:\/\/hidesdeltietar.com\/#\/schema\/person\/255bb2e69140f1ea0b5afd8ce546b35f"},"potentialAction":[{"@type":"SearchAction","target":{"@type":"EntryPoint","urlTemplate":"https:\/\/hidesdeltietar.com\/?s={search_term_string}"},"query-input":{"@type":"PropertyValueSpecification","valueRequired":true,"valueName":"search_term_string"}}],"inLanguage":"en-GB"},{"@type":["Person","Organization"],"@id":"https:\/\/hidesdeltietar.com\/#\/schema\/person\/255bb2e69140f1ea0b5afd8ce546b35f","name":"fsanchex","image":{"@type":"ImageObject","inLanguage":"en-GB","@id":"https:\/\/hidesdeltietar.com\/wp-content\/uploads\/2017\/12\/Logo.png","url":"https:\/\/hidesdeltietar.com\/wp-content\/uploads\/2017\/12\/Logo.png","contentUrl":"https:\/\/hidesdeltietar.com\/wp-content\/uploads\/2017\/12\/Logo.png","width":3000,"height":2000,"caption":"fsanchex"},"logo":{"@id":"https:\/\/hidesdeltietar.com\/wp-content\/uploads\/2017\/12\/Logo.png"}}]}},"_links":{"self":[{"href":"https:\/\/hidesdeltietar.com\/en\/wp-json\/wp\/v2\/pages\/1753","targetHints":{"allow":["GET"]}}],"collection":[{"href":"https:\/\/hidesdeltietar.com\/en\/wp-json\/wp\/v2\/pages"}],"about":[{"href":"https:\/\/hidesdeltietar.com\/en\/wp-json\/wp\/v2\/types\/page"}],"author":[{"embeddable":true,"href":"https:\/\/hidesdeltietar.com\/en\/wp-json\/wp\/v2\/users\/1"}],"replies":[{"embeddable":true,"href":"https:\/\/hidesdeltietar.com\/en\/wp-json\/wp\/v2\/comments?post=1753"}],"version-history":[{"count":14,"href":"https:\/\/hidesdeltietar.com\/en\/wp-json\/wp\/v2\/pages\/1753\/revisions"}],"predecessor-version":[{"id":3034,"href":"https:\/\/hidesdeltietar.com\/en\/wp-json\/wp\/v2\/pages\/1753\/revisions\/3034"}],"wp:featuredmedia":[{"embeddable":true,"href":"https:\/\/hidesdeltietar.com\/en\/wp-json\/wp\/v2\/media\/1754"}],"wp:attachment":[{"href":"https:\/\/hidesdeltietar.com\/en\/wp-json\/wp\/v2\/media?parent=1753"}],"curies":[{"name":"wp","href":"https:\/\/api.w.org\/{rel}","templated":true}]}}