{"id":1376,"date":"2020-09-15T06:28:25","date_gmt":"2020-09-15T06:28:25","guid":{"rendered":"https:\/\/hidesdeltietar.com\/?page_id=1376"},"modified":"2023-06-07T15:20:30","modified_gmt":"2023-06-07T15:20:30","slug":"taller-nocturnas-consuegra","status":"publish","type":"page","link":"https:\/\/hidesdeltietar.com\/en\/taller-nocturnas-consuegra\/","title":{"rendered":"Photography workshop night"},"content":{"rendered":"<p class=\"wp-block-paragraph\">Workshop of night photography.  <\/p>\n\n\n\n<figure class=\"wp-block-image size-large\"><img loading=\"lazy\" decoding=\"async\" width=\"1000\" height=\"668\" src=\"https:\/\/hidesdeltietar.com\/wp-content\/uploads\/2020\/09\/FER9293-copia-1000x668.jpg\" alt=\"\" class=\"wp-image-1377\" srcset=\"https:\/\/hidesdeltietar.com\/wp-content\/uploads\/2020\/09\/FER9293-copia-1000x668.jpg 1000w, https:\/\/hidesdeltietar.com\/wp-content\/uploads\/2020\/09\/FER9293-copia-300x200.jpg 300w, https:\/\/hidesdeltietar.com\/wp-content\/uploads\/2020\/09\/FER9293-copia-150x100.jpg 150w\" sizes=\"auto, (max-width: 1000px) 100vw, 1000px\" \/><figcaption class=\"wp-element-caption\">indmill milky way<\/figcaption><\/figure>\n\n\n\n<p class=\"wp-block-paragraph\"><\/p>\n\n\n\n<p class=\"wp-block-paragraph\">In the workshop you will learn everything you need to make night pictures of milky way and circumpolar, whether as processing in Lightroom and Photoshop.<\/p>\n\n\n\n<p class=\"wp-block-paragraph\">We will also take pictures of the sunset and the blue hour.<\/p>\n\n\n\n<p class=\"wp-block-paragraph\">The workshop has a duration of a late-night for making the images and a morning to learn to be processed. <\/p>\n\n\n\n<p class=\"wp-block-paragraph\">Some photos:<\/p>\n\n\n\n<figure class=\"wp-block-image size-large\"><img loading=\"lazy\" decoding=\"async\" width=\"1000\" height=\"668\" src=\"https:\/\/hidesdeltietar.com\/wp-content\/uploads\/2020\/09\/FER9601-HDR-copia-1000x668.jpg\" alt=\"\" class=\"wp-image-1378\" srcset=\"https:\/\/hidesdeltietar.com\/wp-content\/uploads\/2020\/09\/FER9601-HDR-copia-1000x668.jpg 1000w, https:\/\/hidesdeltietar.com\/wp-content\/uploads\/2020\/09\/FER9601-HDR-copia-300x200.jpg 300w, https:\/\/hidesdeltietar.com\/wp-content\/uploads\/2020\/09\/FER9601-HDR-copia-150x100.jpg 150w\" sizes=\"auto, (max-width: 1000px) 100vw, 1000px\" \/><figcaption class=\"wp-element-caption\">windmill quixote spain<\/figcaption><\/figure>\n\n\n\n<figure class=\"wp-block-image size-large\"><img loading=\"lazy\" decoding=\"async\" width=\"1000\" height=\"668\" src=\"https:\/\/hidesdeltietar.com\/wp-content\/uploads\/2020\/09\/FER9232-copia-1000x668.jpg\" alt=\"\" class=\"wp-image-1379\" srcset=\"https:\/\/hidesdeltietar.com\/wp-content\/uploads\/2020\/09\/FER9232-copia-1000x668.jpg 1000w, https:\/\/hidesdeltietar.com\/wp-content\/uploads\/2020\/09\/FER9232-copia-300x200.jpg 300w, https:\/\/hidesdeltietar.com\/wp-content\/uploads\/2020\/09\/FER9232-copia-150x100.jpg 150w, https:\/\/hidesdeltietar.com\/wp-content\/uploads\/2020\/09\/FER9232-copia-768x512.jpg 768w, https:\/\/hidesdeltietar.com\/wp-content\/uploads\/2020\/09\/FER9232-copia.jpg 1200w\" sizes=\"auto, (max-width: 1000px) 100vw, 1000px\" \/><\/figure>\n\n\n\n<figure class=\"wp-block-image size-large\"><img loading=\"lazy\" decoding=\"async\" width=\"1000\" height=\"668\" src=\"https:\/\/hidesdeltietar.com\/wp-content\/uploads\/2020\/09\/FER9293-copia-1000x668.jpg\" alt=\"\" class=\"wp-image-1377\" srcset=\"https:\/\/hidesdeltietar.com\/wp-content\/uploads\/2020\/09\/FER9293-copia-1000x668.jpg 1000w, https:\/\/hidesdeltietar.com\/wp-content\/uploads\/2020\/09\/FER9293-copia-300x200.jpg 300w, https:\/\/hidesdeltietar.com\/wp-content\/uploads\/2020\/09\/FER9293-copia-150x100.jpg 150w\" sizes=\"auto, (max-width: 1000px) 100vw, 1000px\" \/><figcaption class=\"wp-element-caption\">Windmill milky way<\/figcaption><\/figure>\n\n\n\n<figure class=\"wp-block-image size-large\"><img loading=\"lazy\" decoding=\"async\" width=\"1000\" height=\"668\" src=\"https:\/\/hidesdeltietar.com\/wp-content\/uploads\/2020\/09\/FER9598-copia-1000x668.jpg\" alt=\"\" class=\"wp-image-1380\" srcset=\"https:\/\/hidesdeltietar.com\/wp-content\/uploads\/2020\/09\/FER9598-copia-1000x668.jpg 1000w, https:\/\/hidesdeltietar.com\/wp-content\/uploads\/2020\/09\/FER9598-copia-300x200.jpg 300w, https:\/\/hidesdeltietar.com\/wp-content\/uploads\/2020\/09\/FER9598-copia-150x100.jpg 150w, https:\/\/hidesdeltietar.com\/wp-content\/uploads\/2020\/09\/FER9598-copia-768x512.jpg 768w, https:\/\/hidesdeltietar.com\/wp-content\/uploads\/2020\/09\/FER9598-copia.jpg 1200w\" sizes=\"auto, (max-width: 1000px) 100vw, 1000px\" \/><\/figure>","protected":false},"excerpt":{"rendered":"<p>Taller de fotograf\u00eda nocturna Taller en el que aprender\u00e1 todo lo necesario para realizar fotograf\u00edas nocturnas de v\u00eda l\u00e1ctea y circumpolares, a si como su procesado en Lightroom y Photoshop. Tambi\u00e9n haremos fotograf\u00edas del atardecer y de la hora azul. El taller tiene una duraci\u00f3n de una tarde-noche para la toma de las im\u00e1genes y [&hellip;]<\/p>\n","protected":false},"author":1,"featured_media":0,"parent":0,"menu_order":0,"comment_status":"closed","ping_status":"closed","template":"","meta":{"_crdt_document":"","footnotes":""},"class_list":["post-1376","page","type-page","status-publish","hentry"],"yoast_head":"<!-- This site is optimized with the Yoast SEO plugin v27.5 - https:\/\/yoast.com\/product\/yoast-seo-wordpress\/ -->\n<title>Taller de fotograf\u00eda nocturnas -hides fotograf\u00eda<\/title>\n<meta name=\"description\" content=\"Hides fotograf\u00eda aves\" \/>\n<meta name=\"robots\" content=\"index, follow, max-snippet:-1, max-image-preview:large, max-video-preview:-1\" \/>\n<link rel=\"canonical\" href=\"https:\/\/hidesdeltietar.com\/en\/taller-nocturnas-consuegra\/\" \/>\n<meta property=\"og:locale\" content=\"en_GB\" \/>\n<meta property=\"og:type\" content=\"article\" \/>\n<meta property=\"og:title\" content=\"Taller de fotograf\u00eda nocturnas -hides fotograf\u00eda\" \/>\n<meta property=\"og:description\" content=\"Hides fotograf\u00eda aves\" \/>\n<meta property=\"og:url\" content=\"https:\/\/hidesdeltietar.com\/en\/taller-nocturnas-consuegra\/\" \/>\n<meta property=\"og:site_name\" content=\"Hides del Ti\u00e9tar\" \/>\n<meta property=\"article:modified_time\" content=\"2023-06-07T15:20:30+00:00\" \/>\n<meta property=\"og:image\" content=\"https:\/\/hidesdeltietar.com\/wp-content\/uploads\/2020\/09\/FER9293-copia-1000x668.jpg\" \/>\n<meta name=\"twitter:card\" content=\"summary_large_image\" \/>\n<meta name=\"twitter:label1\" content=\"Estimated reading time\" \/>\n\t<meta name=\"twitter:data1\" content=\"2 minutes\" \/>\n<script type=\"application\/ld+json\" class=\"yoast-schema-graph\">{\"@context\":\"https:\\\/\\\/schema.org\",\"@graph\":[{\"@type\":\"WebPage\",\"@id\":\"https:\\\/\\\/hidesdeltietar.com\\\/en\\\/taller-nocturnas-consuegra\\\/\",\"url\":\"https:\\\/\\\/hidesdeltietar.com\\\/en\\\/taller-nocturnas-consuegra\\\/\",\"name\":\"Taller de fotograf\u00eda nocturnas -hides fotograf\u00eda\",\"isPartOf\":{\"@id\":\"https:\\\/\\\/hidesdeltietar.com\\\/#website\"},\"primaryImageOfPage\":{\"@id\":\"https:\\\/\\\/hidesdeltietar.com\\\/en\\\/taller-nocturnas-consuegra\\\/#primaryimage\"},\"image\":{\"@id\":\"https:\\\/\\\/hidesdeltietar.com\\\/en\\\/taller-nocturnas-consuegra\\\/#primaryimage\"},\"thumbnailUrl\":\"https:\\\/\\\/hidesdeltietar.com\\\/wp-content\\\/uploads\\\/2020\\\/09\\\/FER9293-copia-1000x668.jpg\",\"datePublished\":\"2020-09-15T06:28:25+00:00\",\"dateModified\":\"2023-06-07T15:20:30+00:00\",\"description\":\"Hides fotograf\u00eda aves\",\"breadcrumb\":{\"@id\":\"https:\\\/\\\/hidesdeltietar.com\\\/en\\\/taller-nocturnas-consuegra\\\/#breadcrumb\"},\"inLanguage\":\"en-GB\",\"potentialAction\":[{\"@type\":\"ReadAction\",\"target\":[\"https:\\\/\\\/hidesdeltietar.com\\\/en\\\/taller-nocturnas-consuegra\\\/\"]}]},{\"@type\":\"ImageObject\",\"inLanguage\":\"en-GB\",\"@id\":\"https:\\\/\\\/hidesdeltietar.com\\\/en\\\/taller-nocturnas-consuegra\\\/#primaryimage\",\"url\":\"https:\\\/\\\/hidesdeltietar.com\\\/wp-content\\\/uploads\\\/2020\\\/09\\\/FER9293-copia-1000x668.jpg\",\"contentUrl\":\"https:\\\/\\\/hidesdeltietar.com\\\/wp-content\\\/uploads\\\/2020\\\/09\\\/FER9293-copia-1000x668.jpg\"},{\"@type\":\"BreadcrumbList\",\"@id\":\"https:\\\/\\\/hidesdeltietar.com\\\/en\\\/taller-nocturnas-consuegra\\\/#breadcrumb\",\"itemListElement\":[{\"@type\":\"ListItem\",\"position\":1,\"name\":\"Portada\",\"item\":\"https:\\\/\\\/hidesdeltietar.com\\\/\"},{\"@type\":\"ListItem\",\"position\":2,\"name\":\"Taller de fotograf\u00eda nocturnas\"}]},{\"@type\":\"WebSite\",\"@id\":\"https:\\\/\\\/hidesdeltietar.com\\\/#website\",\"url\":\"https:\\\/\\\/hidesdeltietar.com\\\/\",\"name\":\"Hides del Ti\u00e9tar\",\"description\":\"Hides fotograficos, fotografia de Fauna en Espa\u00f1a\",\"publisher\":{\"@id\":\"https:\\\/\\\/hidesdeltietar.com\\\/#\\\/schema\\\/person\\\/255bb2e69140f1ea0b5afd8ce546b35f\"},\"potentialAction\":[{\"@type\":\"SearchAction\",\"target\":{\"@type\":\"EntryPoint\",\"urlTemplate\":\"https:\\\/\\\/hidesdeltietar.com\\\/?s={search_term_string}\"},\"query-input\":{\"@type\":\"PropertyValueSpecification\",\"valueRequired\":true,\"valueName\":\"search_term_string\"}}],\"inLanguage\":\"en-GB\"},{\"@type\":[\"Person\",\"Organization\"],\"@id\":\"https:\\\/\\\/hidesdeltietar.com\\\/#\\\/schema\\\/person\\\/255bb2e69140f1ea0b5afd8ce546b35f\",\"name\":\"fsanchex\",\"image\":{\"@type\":\"ImageObject\",\"inLanguage\":\"en-GB\",\"@id\":\"https:\\\/\\\/hidesdeltietar.com\\\/wp-content\\\/uploads\\\/2017\\\/12\\\/Logo.png\",\"url\":\"https:\\\/\\\/hidesdeltietar.com\\\/wp-content\\\/uploads\\\/2017\\\/12\\\/Logo.png\",\"contentUrl\":\"https:\\\/\\\/hidesdeltietar.com\\\/wp-content\\\/uploads\\\/2017\\\/12\\\/Logo.png\",\"width\":3000,\"height\":2000,\"caption\":\"fsanchex\"},\"logo\":{\"@id\":\"https:\\\/\\\/hidesdeltietar.com\\\/wp-content\\\/uploads\\\/2017\\\/12\\\/Logo.png\"}}]}<\/script>\n<!-- \/ Yoast SEO plugin. -->","yoast_head_json":{"title":"Taller de fotograf\u00eda nocturnas -hides fotograf\u00eda","description":"Hides fotograf\u00eda aves","robots":{"index":"index","follow":"follow","max-snippet":"max-snippet:-1","max-image-preview":"max-image-preview:large","max-video-preview":"max-video-preview:-1"},"canonical":"https:\/\/hidesdeltietar.com\/en\/taller-nocturnas-consuegra\/","og_locale":"en_GB","og_type":"article","og_title":"Taller de fotograf\u00eda nocturnas -hides fotograf\u00eda","og_description":"Hides fotograf\u00eda aves","og_url":"https:\/\/hidesdeltietar.com\/en\/taller-nocturnas-consuegra\/","og_site_name":"Hides del Ti\u00e9tar","article_modified_time":"2023-06-07T15:20:30+00:00","og_image":[{"url":"https:\/\/hidesdeltietar.com\/wp-content\/uploads\/2020\/09\/FER9293-copia-1000x668.jpg","type":"","width":"","height":""}],"twitter_card":"summary_large_image","twitter_misc":{"Estimated reading time":"2 minutes"},"schema":{"@context":"https:\/\/schema.org","@graph":[{"@type":"WebPage","@id":"https:\/\/hidesdeltietar.com\/en\/taller-nocturnas-consuegra\/","url":"https:\/\/hidesdeltietar.com\/en\/taller-nocturnas-consuegra\/","name":"Taller de fotograf\u00eda nocturnas -hides fotograf\u00eda","isPartOf":{"@id":"https:\/\/hidesdeltietar.com\/#website"},"primaryImageOfPage":{"@id":"https:\/\/hidesdeltietar.com\/en\/taller-nocturnas-consuegra\/#primaryimage"},"image":{"@id":"https:\/\/hidesdeltietar.com\/en\/taller-nocturnas-consuegra\/#primaryimage"},"thumbnailUrl":"https:\/\/hidesdeltietar.com\/wp-content\/uploads\/2020\/09\/FER9293-copia-1000x668.jpg","datePublished":"2020-09-15T06:28:25+00:00","dateModified":"2023-06-07T15:20:30+00:00","description":"Hides fotograf\u00eda aves","breadcrumb":{"@id":"https:\/\/hidesdeltietar.com\/en\/taller-nocturnas-consuegra\/#breadcrumb"},"inLanguage":"en-GB","potentialAction":[{"@type":"ReadAction","target":["https:\/\/hidesdeltietar.com\/en\/taller-nocturnas-consuegra\/"]}]},{"@type":"ImageObject","inLanguage":"en-GB","@id":"https:\/\/hidesdeltietar.com\/en\/taller-nocturnas-consuegra\/#primaryimage","url":"https:\/\/hidesdeltietar.com\/wp-content\/uploads\/2020\/09\/FER9293-copia-1000x668.jpg","contentUrl":"https:\/\/hidesdeltietar.com\/wp-content\/uploads\/2020\/09\/FER9293-copia-1000x668.jpg"},{"@type":"BreadcrumbList","@id":"https:\/\/hidesdeltietar.com\/en\/taller-nocturnas-consuegra\/#breadcrumb","itemListElement":[{"@type":"ListItem","position":1,"name":"Portada","item":"https:\/\/hidesdeltietar.com\/"},{"@type":"ListItem","position":2,"name":"Taller de fotograf\u00eda nocturnas"}]},{"@type":"WebSite","@id":"https:\/\/hidesdeltietar.com\/#website","url":"https:\/\/hidesdeltietar.com\/","name":"Hides del Ti\u00e9tar","description":"Hides fotograficos, fotografia de Fauna en Espa\u00f1a","publisher":{"@id":"https:\/\/hidesdeltietar.com\/#\/schema\/person\/255bb2e69140f1ea0b5afd8ce546b35f"},"potentialAction":[{"@type":"SearchAction","target":{"@type":"EntryPoint","urlTemplate":"https:\/\/hidesdeltietar.com\/?s={search_term_string}"},"query-input":{"@type":"PropertyValueSpecification","valueRequired":true,"valueName":"search_term_string"}}],"inLanguage":"en-GB"},{"@type":["Person","Organization"],"@id":"https:\/\/hidesdeltietar.com\/#\/schema\/person\/255bb2e69140f1ea0b5afd8ce546b35f","name":"fsanchex","image":{"@type":"ImageObject","inLanguage":"en-GB","@id":"https:\/\/hidesdeltietar.com\/wp-content\/uploads\/2017\/12\/Logo.png","url":"https:\/\/hidesdeltietar.com\/wp-content\/uploads\/2017\/12\/Logo.png","contentUrl":"https:\/\/hidesdeltietar.com\/wp-content\/uploads\/2017\/12\/Logo.png","width":3000,"height":2000,"caption":"fsanchex"},"logo":{"@id":"https:\/\/hidesdeltietar.com\/wp-content\/uploads\/2017\/12\/Logo.png"}}]}},"_links":{"self":[{"href":"https:\/\/hidesdeltietar.com\/en\/wp-json\/wp\/v2\/pages\/1376","targetHints":{"allow":["GET"]}}],"collection":[{"href":"https:\/\/hidesdeltietar.com\/en\/wp-json\/wp\/v2\/pages"}],"about":[{"href":"https:\/\/hidesdeltietar.com\/en\/wp-json\/wp\/v2\/types\/page"}],"author":[{"embeddable":true,"href":"https:\/\/hidesdeltietar.com\/en\/wp-json\/wp\/v2\/users\/1"}],"replies":[{"embeddable":true,"href":"https:\/\/hidesdeltietar.com\/en\/wp-json\/wp\/v2\/comments?post=1376"}],"version-history":[{"count":8,"href":"https:\/\/hidesdeltietar.com\/en\/wp-json\/wp\/v2\/pages\/1376\/revisions"}],"predecessor-version":[{"id":2485,"href":"https:\/\/hidesdeltietar.com\/en\/wp-json\/wp\/v2\/pages\/1376\/revisions\/2485"}],"wp:attachment":[{"href":"https:\/\/hidesdeltietar.com\/en\/wp-json\/wp\/v2\/media?parent=1376"}],"curies":[{"name":"wp","href":"https:\/\/api.w.org\/{rel}","templated":true}]}}