{"id":1367,"date":"2020-09-15T05:21:29","date_gmt":"2020-09-15T05:21:29","guid":{"rendered":"https:\/\/hidesdeltietar.com\/?page_id=1367"},"modified":"2023-06-01T19:55:56","modified_gmt":"2023-06-01T19:55:56","slug":"taller-de-fotografia-de-alta-velocidad-con-mario-cea","status":"publish","type":"page","link":"https:\/\/hidesdeltietar.com\/en\/taller-de-fotografia-de-alta-velocidad-con-mario-cea\/","title":{"rendered":"Workshop on high-speed photography with Mario Cea"},"content":{"rendered":"<p class=\"wp-block-paragraph\"><\/p>\n\n\n\n<figure class=\"wp-block-gallery has-nested-images columns-default is-cropped wp-block-gallery-1 is-layout-flex wp-block-gallery-is-layout-flex\">\n<figure class=\"wp-block-image size-full\"><a href=\"https:\/\/hidesdeltietar.com\/en\/taller-de-fotografia-de-alta-velocidad-con-mario-cea\/\"><img loading=\"lazy\" decoding=\"async\" width=\"1200\" height=\"1068\" data-id=\"2424\" src=\"https:\/\/hidesdeltietar.com\/wp-content\/uploads\/2023\/05\/310534161_163712239662920_6759169967734357721_n-copia.jpg\" alt=\"\" class=\"wp-image-2424\" srcset=\"https:\/\/hidesdeltietar.com\/wp-content\/uploads\/2023\/05\/310534161_163712239662920_6759169967734357721_n-copia.jpg 1200w, https:\/\/hidesdeltietar.com\/wp-content\/uploads\/2023\/05\/310534161_163712239662920_6759169967734357721_n-copia-768x683.jpg 768w\" sizes=\"auto, (max-width: 1200px) 100vw, 1200px\" \/><\/a><\/figure>\n<\/figure>\n\n\n\n<hr class=\"wp-block-separator has-css-opacity\"\/>\n\n\n\n<hr class=\"wp-block-separator has-css-opacity\"\/>\n\n\n\n<p class=\"wp-block-paragraph\"><\/p>\n\n\n\n<p class=\"wp-block-paragraph\"><\/p>\n\n\n\n<p class=\"wp-block-paragraph\"><\/p>\n\n\n\n<p class=\"wp-block-paragraph\">The goal of this workshop is to learn all the secrets of the fantastic technique of high<br>speed that allows us to stop any movement for fast and with which<br>we will be able to get unique images.<\/p>\n\n\n\n<p class=\"wp-block-paragraph\"><br><strong>PHOTOGRAPHY OF HIGH-SPEED, LIGHTING ARTIFICIAL<\/strong><\/p>\n\n\n\n<p class=\"wp-block-paragraph\"><br>The workshop will be divided in two parts, a <strong>theoretical and the other practical<\/strong>.<br>In the theoretical part you will learn everything you need to be able to perform this discipline<br>the best possible way.<\/p>\n\n\n\n<p class=\"wp-block-paragraph\"><br>\uf0b7 Computer configuration and basic parameters<br>\uf0b7 Know and we will see all of the essentials.<br>\uf0b7 The use of flash.<br>\uf0b7 Different schemes of light.<br>\uf0b7 Scenarios.<\/p>\n\n\n\n<p class=\"wp-block-paragraph\"><br>The practical part was carried out with birds of prey in controlled conditions handled by<br>expert staff. Can we get images of the spectacular flights of these birds.<\/p>\n\n\n\n<p class=\"wp-block-paragraph\"><br>\uf0b7 Installation of equipment, high speed<br>\uf0b7 Cast of birds of prey to freeze their flights<\/p>\n\n\n\n<p class=\"wp-block-paragraph\">The workshop will be held in <strong>Navarredonda de Gredos<\/strong>. In the hotel Doodles. An hour and a half from Madrid. <\/p>\n\n\n\n<p class=\"wp-block-paragraph\"><\/p>\n\n\n\n<p class=\"wp-block-paragraph\"><\/p>\n\n\n\n<p class=\"wp-block-paragraph\">Photos taken during the practical workshop:<\/p>\n\n\n\n<figure class=\"wp-block-image size-large\"><img loading=\"lazy\" decoding=\"async\" width=\"1000\" height=\"668\" src=\"https:\/\/hidesdeltietar.com\/wp-content\/uploads\/2020\/09\/O6B9641-1000x668.jpg\" alt=\"\" class=\"wp-image-1393\" srcset=\"https:\/\/hidesdeltietar.com\/wp-content\/uploads\/2020\/09\/O6B9641-1000x668.jpg 1000w, https:\/\/hidesdeltietar.com\/wp-content\/uploads\/2020\/09\/O6B9641-300x200.jpg 300w, https:\/\/hidesdeltietar.com\/wp-content\/uploads\/2020\/09\/O6B9641-150x100.jpg 150w, https:\/\/hidesdeltietar.com\/wp-content\/uploads\/2020\/09\/O6B9641-768x512.jpg 768w\" sizes=\"auto, (max-width: 1000px) 100vw, 1000px\" \/><\/figure>\n\n\n\n<figure class=\"wp-block-image size-large\"><img loading=\"lazy\" decoding=\"async\" width=\"1000\" height=\"668\" src=\"https:\/\/hidesdeltietar.com\/wp-content\/uploads\/2020\/09\/O6B9554-1000x668.jpg\" alt=\"\" class=\"wp-image-1394\" srcset=\"https:\/\/hidesdeltietar.com\/wp-content\/uploads\/2020\/09\/O6B9554-1000x668.jpg 1000w, https:\/\/hidesdeltietar.com\/wp-content\/uploads\/2020\/09\/O6B9554-300x200.jpg 300w, https:\/\/hidesdeltietar.com\/wp-content\/uploads\/2020\/09\/O6B9554-150x100.jpg 150w, https:\/\/hidesdeltietar.com\/wp-content\/uploads\/2020\/09\/O6B9554-768x512.jpg 768w\" sizes=\"auto, (max-width: 1000px) 100vw, 1000px\" \/><\/figure>\n\n\n\n<hr class=\"wp-block-separator has-css-opacity\"\/>\n\n\n\n<p class=\"wp-block-paragraph\">Pictures of Mario:<\/p>\n\n\n\n<div class=\"wp-block-group\"><div class=\"wp-block-group__inner-container is-layout-flow wp-block-group-is-layout-flow\">\n<figure class=\"wp-block-image size-large\"><img loading=\"lazy\" decoding=\"async\" width=\"1000\" height=\"668\" src=\"https:\/\/hidesdeltietar.com\/wp-content\/uploads\/2020\/09\/28795370_1798237416887309_3525091191261495296_o-1-1000x668.jpg\" alt=\"\" class=\"wp-image-1361\" srcset=\"https:\/\/hidesdeltietar.com\/wp-content\/uploads\/2020\/09\/28795370_1798237416887309_3525091191261495296_o-1-1000x668.jpg 1000w, https:\/\/hidesdeltietar.com\/wp-content\/uploads\/2020\/09\/28795370_1798237416887309_3525091191261495296_o-1-300x200.jpg 300w, https:\/\/hidesdeltietar.com\/wp-content\/uploads\/2020\/09\/28795370_1798237416887309_3525091191261495296_o-1-150x100.jpg 150w\" sizes=\"auto, (max-width: 1000px) 100vw, 1000px\" \/><\/figure>\n<\/div><\/div>\n\n\n\n<figure class=\"wp-block-image size-large\"><img loading=\"lazy\" decoding=\"async\" width=\"1000\" height=\"668\" src=\"https:\/\/hidesdeltietar.com\/wp-content\/uploads\/2020\/09\/118603908_3030045273785324_9027906622976680188_o-1000x668.jpg\" alt=\"\" class=\"wp-image-1360\" srcset=\"https:\/\/hidesdeltietar.com\/wp-content\/uploads\/2020\/09\/118603908_3030045273785324_9027906622976680188_o-1000x668.jpg 1000w, https:\/\/hidesdeltietar.com\/wp-content\/uploads\/2020\/09\/118603908_3030045273785324_9027906622976680188_o-300x200.jpg 300w, https:\/\/hidesdeltietar.com\/wp-content\/uploads\/2020\/09\/118603908_3030045273785324_9027906622976680188_o-150x100.jpg 150w\" sizes=\"auto, (max-width: 1000px) 100vw, 1000px\" \/><\/figure>\n\n\n\n<figure class=\"wp-block-image size-large\"><img loading=\"lazy\" decoding=\"async\" width=\"1000\" height=\"668\" src=\"https:\/\/hidesdeltietar.com\/wp-content\/uploads\/2020\/09\/2560_3000-1000x668.jpg\" alt=\"\" class=\"wp-image-1374\" srcset=\"https:\/\/hidesdeltietar.com\/wp-content\/uploads\/2020\/09\/2560_3000-1000x668.jpg 1000w, https:\/\/hidesdeltietar.com\/wp-content\/uploads\/2020\/09\/2560_3000-300x200.jpg 300w, https:\/\/hidesdeltietar.com\/wp-content\/uploads\/2020\/09\/2560_3000-150x100.jpg 150w\" sizes=\"auto, (max-width: 1000px) 100vw, 1000px\" \/><\/figure>\n\n\n\n<p class=\"wp-block-paragraph\"><\/p>","protected":false},"excerpt":{"rendered":"<p>El objetivo de este taller es aprender todos los secretos de la fant\u00e1stica t\u00e9cnica de altavelocidad que nos permite detener cualquier movimiento por r\u00e1pido que sea y con la queseremos capaces de conseguir im\u00e1genes \u00fanicas. FOTOGRAFIA DE ALTA VELOCIDAD CON ILUMINACION ARTIFICIAL El taller se dividir\u00e1 en dos partes, una te\u00f3rica y otra pr\u00e1ctica.En la [&hellip;]<\/p>\n","protected":false},"author":1,"featured_media":0,"parent":0,"menu_order":0,"comment_status":"closed","ping_status":"closed","template":"","meta":{"_crdt_document":"","footnotes":""},"class_list":["post-1367","page","type-page","status-publish","hentry"],"yoast_head":"<!-- This site is optimized with the Yoast SEO plugin v27.4 - https:\/\/yoast.com\/product\/yoast-seo-wordpress\/ -->\n<title>Taller de fotograf\u00eda de alta velocidad con Mario Cea -hides fotograf\u00eda<\/title>\n<meta name=\"description\" content=\"Hides fotograf\u00eda aves\" \/>\n<meta name=\"robots\" content=\"index, follow, max-snippet:-1, max-image-preview:large, max-video-preview:-1\" \/>\n<link rel=\"canonical\" href=\"https:\/\/hidesdeltietar.com\/en\/taller-de-fotografia-de-alta-velocidad-con-mario-cea\/\" \/>\n<meta property=\"og:locale\" content=\"en_GB\" \/>\n<meta property=\"og:type\" content=\"article\" \/>\n<meta property=\"og:title\" content=\"Taller de fotograf\u00eda de alta velocidad con Mario Cea -hides fotograf\u00eda\" \/>\n<meta property=\"og:description\" content=\"Hides fotograf\u00eda aves\" \/>\n<meta property=\"og:url\" content=\"https:\/\/hidesdeltietar.com\/en\/taller-de-fotografia-de-alta-velocidad-con-mario-cea\/\" \/>\n<meta property=\"og:site_name\" content=\"Hides del Ti\u00e9tar\" \/>\n<meta property=\"article:modified_time\" content=\"2023-06-01T19:55:56+00:00\" \/>\n<meta property=\"og:image\" content=\"https:\/\/hidesdeltietar.com\/wp-content\/uploads\/2023\/05\/310534161_163712239662920_6759169967734357721_n-copia.jpg\" \/>\n<meta name=\"twitter:card\" content=\"summary_large_image\" \/>\n<meta name=\"twitter:label1\" content=\"Estimated reading time\" \/>\n\t<meta name=\"twitter:data1\" content=\"1 minute\" \/>\n<script type=\"application\/ld+json\" class=\"yoast-schema-graph\">{\"@context\":\"https:\\\/\\\/schema.org\",\"@graph\":[{\"@type\":\"WebPage\",\"@id\":\"https:\\\/\\\/hidesdeltietar.com\\\/taller-de-fotografia-de-alta-velocidad-con-mario-cea\\\/\",\"url\":\"https:\\\/\\\/hidesdeltietar.com\\\/taller-de-fotografia-de-alta-velocidad-con-mario-cea\\\/\",\"name\":\"Taller de fotograf\u00eda de alta velocidad con Mario Cea -hides fotograf\u00eda\",\"isPartOf\":{\"@id\":\"https:\\\/\\\/hidesdeltietar.com\\\/#website\"},\"primaryImageOfPage\":{\"@id\":\"https:\\\/\\\/hidesdeltietar.com\\\/taller-de-fotografia-de-alta-velocidad-con-mario-cea\\\/#primaryimage\"},\"image\":{\"@id\":\"https:\\\/\\\/hidesdeltietar.com\\\/taller-de-fotografia-de-alta-velocidad-con-mario-cea\\\/#primaryimage\"},\"thumbnailUrl\":\"https:\\\/\\\/hidesdeltietar.com\\\/wp-content\\\/uploads\\\/2023\\\/05\\\/310534161_163712239662920_6759169967734357721_n-copia.jpg\",\"datePublished\":\"2020-09-15T05:21:29+00:00\",\"dateModified\":\"2023-06-01T19:55:56+00:00\",\"description\":\"Hides fotograf\u00eda aves\",\"breadcrumb\":{\"@id\":\"https:\\\/\\\/hidesdeltietar.com\\\/taller-de-fotografia-de-alta-velocidad-con-mario-cea\\\/#breadcrumb\"},\"inLanguage\":\"en-GB\",\"potentialAction\":[{\"@type\":\"ReadAction\",\"target\":[\"https:\\\/\\\/hidesdeltietar.com\\\/taller-de-fotografia-de-alta-velocidad-con-mario-cea\\\/\"]}]},{\"@type\":\"ImageObject\",\"inLanguage\":\"en-GB\",\"@id\":\"https:\\\/\\\/hidesdeltietar.com\\\/taller-de-fotografia-de-alta-velocidad-con-mario-cea\\\/#primaryimage\",\"url\":\"https:\\\/\\\/hidesdeltietar.com\\\/wp-content\\\/uploads\\\/2023\\\/05\\\/310534161_163712239662920_6759169967734357721_n-copia.jpg\",\"contentUrl\":\"https:\\\/\\\/hidesdeltietar.com\\\/wp-content\\\/uploads\\\/2023\\\/05\\\/310534161_163712239662920_6759169967734357721_n-copia.jpg\"},{\"@type\":\"BreadcrumbList\",\"@id\":\"https:\\\/\\\/hidesdeltietar.com\\\/taller-de-fotografia-de-alta-velocidad-con-mario-cea\\\/#breadcrumb\",\"itemListElement\":[{\"@type\":\"ListItem\",\"position\":1,\"name\":\"Portada\",\"item\":\"https:\\\/\\\/hidesdeltietar.com\\\/\"},{\"@type\":\"ListItem\",\"position\":2,\"name\":\"Taller de fotograf\u00eda de alta velocidad con Mario Cea\"}]},{\"@type\":\"WebSite\",\"@id\":\"https:\\\/\\\/hidesdeltietar.com\\\/#website\",\"url\":\"https:\\\/\\\/hidesdeltietar.com\\\/\",\"name\":\"Hides del Ti\u00e9tar\",\"description\":\"Hides fotograficos, fotografia de Fauna en Espa\u00f1a\",\"publisher\":{\"@id\":\"https:\\\/\\\/hidesdeltietar.com\\\/#\\\/schema\\\/person\\\/255bb2e69140f1ea0b5afd8ce546b35f\"},\"potentialAction\":[{\"@type\":\"SearchAction\",\"target\":{\"@type\":\"EntryPoint\",\"urlTemplate\":\"https:\\\/\\\/hidesdeltietar.com\\\/?s={search_term_string}\"},\"query-input\":{\"@type\":\"PropertyValueSpecification\",\"valueRequired\":true,\"valueName\":\"search_term_string\"}}],\"inLanguage\":\"en-GB\"},{\"@type\":[\"Person\",\"Organization\"],\"@id\":\"https:\\\/\\\/hidesdeltietar.com\\\/#\\\/schema\\\/person\\\/255bb2e69140f1ea0b5afd8ce546b35f\",\"name\":\"fsanchex\",\"image\":{\"@type\":\"ImageObject\",\"inLanguage\":\"en-GB\",\"@id\":\"https:\\\/\\\/hidesdeltietar.com\\\/wp-content\\\/uploads\\\/2017\\\/12\\\/Logo.png\",\"url\":\"https:\\\/\\\/hidesdeltietar.com\\\/wp-content\\\/uploads\\\/2017\\\/12\\\/Logo.png\",\"contentUrl\":\"https:\\\/\\\/hidesdeltietar.com\\\/wp-content\\\/uploads\\\/2017\\\/12\\\/Logo.png\",\"width\":3000,\"height\":2000,\"caption\":\"fsanchex\"},\"logo\":{\"@id\":\"https:\\\/\\\/hidesdeltietar.com\\\/wp-content\\\/uploads\\\/2017\\\/12\\\/Logo.png\"}}]}<\/script>\n<!-- \/ Yoast SEO plugin. -->","yoast_head_json":{"title":"Taller de fotograf\u00eda de alta velocidad con Mario Cea -hides fotograf\u00eda","description":"Hides fotograf\u00eda aves","robots":{"index":"index","follow":"follow","max-snippet":"max-snippet:-1","max-image-preview":"max-image-preview:large","max-video-preview":"max-video-preview:-1"},"canonical":"https:\/\/hidesdeltietar.com\/en\/taller-de-fotografia-de-alta-velocidad-con-mario-cea\/","og_locale":"en_GB","og_type":"article","og_title":"Taller de fotograf\u00eda de alta velocidad con Mario Cea -hides fotograf\u00eda","og_description":"Hides fotograf\u00eda aves","og_url":"https:\/\/hidesdeltietar.com\/en\/taller-de-fotografia-de-alta-velocidad-con-mario-cea\/","og_site_name":"Hides del Ti\u00e9tar","article_modified_time":"2023-06-01T19:55:56+00:00","og_image":[{"url":"https:\/\/hidesdeltietar.com\/wp-content\/uploads\/2023\/05\/310534161_163712239662920_6759169967734357721_n-copia.jpg","type":"","width":"","height":""}],"twitter_card":"summary_large_image","twitter_misc":{"Estimated reading time":"1 minute"},"schema":{"@context":"https:\/\/schema.org","@graph":[{"@type":"WebPage","@id":"https:\/\/hidesdeltietar.com\/taller-de-fotografia-de-alta-velocidad-con-mario-cea\/","url":"https:\/\/hidesdeltietar.com\/taller-de-fotografia-de-alta-velocidad-con-mario-cea\/","name":"Taller de fotograf\u00eda de alta velocidad con Mario Cea -hides fotograf\u00eda","isPartOf":{"@id":"https:\/\/hidesdeltietar.com\/#website"},"primaryImageOfPage":{"@id":"https:\/\/hidesdeltietar.com\/taller-de-fotografia-de-alta-velocidad-con-mario-cea\/#primaryimage"},"image":{"@id":"https:\/\/hidesdeltietar.com\/taller-de-fotografia-de-alta-velocidad-con-mario-cea\/#primaryimage"},"thumbnailUrl":"https:\/\/hidesdeltietar.com\/wp-content\/uploads\/2023\/05\/310534161_163712239662920_6759169967734357721_n-copia.jpg","datePublished":"2020-09-15T05:21:29+00:00","dateModified":"2023-06-01T19:55:56+00:00","description":"Hides fotograf\u00eda aves","breadcrumb":{"@id":"https:\/\/hidesdeltietar.com\/taller-de-fotografia-de-alta-velocidad-con-mario-cea\/#breadcrumb"},"inLanguage":"en-GB","potentialAction":[{"@type":"ReadAction","target":["https:\/\/hidesdeltietar.com\/taller-de-fotografia-de-alta-velocidad-con-mario-cea\/"]}]},{"@type":"ImageObject","inLanguage":"en-GB","@id":"https:\/\/hidesdeltietar.com\/taller-de-fotografia-de-alta-velocidad-con-mario-cea\/#primaryimage","url":"https:\/\/hidesdeltietar.com\/wp-content\/uploads\/2023\/05\/310534161_163712239662920_6759169967734357721_n-copia.jpg","contentUrl":"https:\/\/hidesdeltietar.com\/wp-content\/uploads\/2023\/05\/310534161_163712239662920_6759169967734357721_n-copia.jpg"},{"@type":"BreadcrumbList","@id":"https:\/\/hidesdeltietar.com\/taller-de-fotografia-de-alta-velocidad-con-mario-cea\/#breadcrumb","itemListElement":[{"@type":"ListItem","position":1,"name":"Portada","item":"https:\/\/hidesdeltietar.com\/"},{"@type":"ListItem","position":2,"name":"Taller de fotograf\u00eda de alta velocidad con Mario Cea"}]},{"@type":"WebSite","@id":"https:\/\/hidesdeltietar.com\/#website","url":"https:\/\/hidesdeltietar.com\/","name":"Hides del Ti\u00e9tar","description":"Hides fotograficos, fotografia de Fauna en Espa\u00f1a","publisher":{"@id":"https:\/\/hidesdeltietar.com\/#\/schema\/person\/255bb2e69140f1ea0b5afd8ce546b35f"},"potentialAction":[{"@type":"SearchAction","target":{"@type":"EntryPoint","urlTemplate":"https:\/\/hidesdeltietar.com\/?s={search_term_string}"},"query-input":{"@type":"PropertyValueSpecification","valueRequired":true,"valueName":"search_term_string"}}],"inLanguage":"en-GB"},{"@type":["Person","Organization"],"@id":"https:\/\/hidesdeltietar.com\/#\/schema\/person\/255bb2e69140f1ea0b5afd8ce546b35f","name":"fsanchex","image":{"@type":"ImageObject","inLanguage":"en-GB","@id":"https:\/\/hidesdeltietar.com\/wp-content\/uploads\/2017\/12\/Logo.png","url":"https:\/\/hidesdeltietar.com\/wp-content\/uploads\/2017\/12\/Logo.png","contentUrl":"https:\/\/hidesdeltietar.com\/wp-content\/uploads\/2017\/12\/Logo.png","width":3000,"height":2000,"caption":"fsanchex"},"logo":{"@id":"https:\/\/hidesdeltietar.com\/wp-content\/uploads\/2017\/12\/Logo.png"}}]}},"_links":{"self":[{"href":"https:\/\/hidesdeltietar.com\/en\/wp-json\/wp\/v2\/pages\/1367","targetHints":{"allow":["GET"]}}],"collection":[{"href":"https:\/\/hidesdeltietar.com\/en\/wp-json\/wp\/v2\/pages"}],"about":[{"href":"https:\/\/hidesdeltietar.com\/en\/wp-json\/wp\/v2\/types\/page"}],"author":[{"embeddable":true,"href":"https:\/\/hidesdeltietar.com\/en\/wp-json\/wp\/v2\/users\/1"}],"replies":[{"embeddable":true,"href":"https:\/\/hidesdeltietar.com\/en\/wp-json\/wp\/v2\/comments?post=1367"}],"version-history":[{"count":19,"href":"https:\/\/hidesdeltietar.com\/en\/wp-json\/wp\/v2\/pages\/1367\/revisions"}],"predecessor-version":[{"id":2471,"href":"https:\/\/hidesdeltietar.com\/en\/wp-json\/wp\/v2\/pages\/1367\/revisions\/2471"}],"wp:attachment":[{"href":"https:\/\/hidesdeltietar.com\/en\/wp-json\/wp\/v2\/media?parent=1367"}],"curies":[{"name":"wp","href":"https:\/\/api.w.org\/{rel}","templated":true}]}}