{"id":1240,"date":"2020-07-30T21:56:11","date_gmt":"2020-07-30T21:56:11","guid":{"rendered":"https:\/\/hidesdeltietar.com\/?page_id=1240"},"modified":"2025-10-04T04:44:13","modified_gmt":"2025-10-04T04:44:13","slug":"hide-bebedero","status":"publish","type":"page","link":"https:\/\/hidesdeltietar.com\/en\/hide-bebedero\/","title":{"rendered":"Hide Drinker"},"content":{"rendered":"<section class=\"wpb_row bg-fixed\"><div class=\"container\"><div class=\"rows\"><div class=\"wpb_column vc_column_container one columns2\" ><div class=\"ak_column-inner\"><div class=\"wpb_wrapper\">\n\t<div class=\"wpb_text_column wpb_content_element\" >\n\t\t<div class=\"wpb_wrapper\">\n\t\t\t<h1 data-start=\"74\" data-end=\"92\"><strong>Hide Drinker<\/strong><\/h1>\n<p data-start=\"94\" data-end=\"380\">El <strong data-start=\"97\" data-end=\"114\">Hide Drinker<\/strong> es un escondite fotogr\u00e1fico dise\u00f1ado para disfrutar de la fotograf\u00eda de aves paseriformes en un entorno natural y cuidado. Contamos con <strong data-start=\"251\" data-end=\"290\">dos hides en diferentes ubicaciones<\/strong>, lo que permite aprovechar la mejor luz, tanto por la <strong data-start=\"345\" data-end=\"355\">ma\u00f1ana<\/strong> como por la <strong data-start=\"368\" data-end=\"377\">tarde<\/strong>.<\/p>\n<p data-start=\"382\" data-end=\"574\">En verano el bebedero atrae a numerosas especies que acuden a refrescarse, mientras que en invierno tambi\u00e9n funciona como comedero, ofreciendo as\u00ed una experiencia diferente en cada estaci\u00f3n.<\/p>\n<p data-start=\"576\" data-end=\"726\">Ambos hides cuentan con <strong data-start=\"600\" data-end=\"617\">cristal esp\u00eda<\/strong>, que asegura m\u00e1xima discreci\u00f3n, evita ruidos y permite obtener im\u00e1genes naturales sin molestar a la fauna.<\/p>\n<h3 data-start=\"728\" data-end=\"786\">Especies que se han fotografiado en el Hide Bebedero<\/h3>\n<p data-start=\"787\" data-end=\"1320\">Alcaud\u00f3n com\u00fan, carbonero, colirrojo real, curruca cabecinegra, curruca capirotada, curruca carrasque\u00f1a, curruca zarcera, escribano montesino, escribano sote\u00f1o, escribano triguero, estornino, gorri\u00f3n com\u00fan, herrerillo com\u00fan, jilguero, lavandera cascade\u00f1a, mirlo com\u00fan, mito, mosquitero com\u00fan, mosquitero musical, paloma torcaz, papamoscas cerrojillo, papamoscas gris, pardillo com\u00fan, petirrojo, pico picapinos, picogordo, pinz\u00f3n vulgar, rabilargo, ruise\u00f1or com\u00fan, ser\u00edn verdecillo, t\u00f3rtola turca, verder\u00f3n com\u00fan, zarcero pol\u00edglota.<\/p>\n<p data-start=\"1322\" data-end=\"1432\"><em data-start=\"1322\" data-end=\"1430\">(Algunas especies solo aparecen en determinadas \u00e9pocas del a\u00f1o. Ninguna especie est\u00e1 garantizada al 100%.)<\/em><\/p>\n<h3 data-start=\"1434\" data-end=\"1460\">Informaci\u00f3n pr\u00e1ctica<\/h3>\n<ul data-start=\"1461\" data-end=\"1788\">\n<li data-start=\"1461\" data-end=\"1506\">\n<p data-start=\"1463\" data-end=\"1506\"><strong data-start=\"1463\" data-end=\"1476\">Capacidad<\/strong>: m\u00e1ximo 2 personas por hide<\/p>\n<\/li>\n<li data-start=\"1507\" data-end=\"1654\">\n<p data-start=\"1509\" data-end=\"1524\"><strong data-start=\"1509\" data-end=\"1521\">Horarios<\/strong>:<\/p>\n<ul data-start=\"1527\" data-end=\"1654\">\n<li data-start=\"1527\" data-end=\"1596\">\n<p data-start=\"1529\" data-end=\"1596\"><strong data-start=\"1529\" data-end=\"1539\">Ma\u00f1ana<\/strong>: desde el amanecer hasta media ma\u00f1ana (aprox. 12:00 h)<\/p>\n<\/li>\n<li data-start=\"1599\" data-end=\"1654\">\n<p data-start=\"1601\" data-end=\"1654\"><strong data-start=\"1601\" data-end=\"1610\">Tarde<\/strong>: desde media tarde hasta la puesta de sol<\/p>\n<\/li>\n<\/ul>\n<\/li>\n<li data-start=\"1655\" data-end=\"1710\">\n<p data-start=\"1657\" data-end=\"1710\"><strong data-start=\"1657\" data-end=\"1683\">Objetivos recomendados<\/strong>: 400 mm, 500 mm y 600 mm<\/p>\n<\/li>\n<li data-start=\"1711\" data-end=\"1788\">\n<p data-start=\"1713\" data-end=\"1726\"><strong data-start=\"1713\" data-end=\"1723\">Price<\/strong>:<\/p>\n<ul data-start=\"1729\" data-end=\"1788\">\n<li data-start=\"1729\" data-end=\"1752\">\n<p data-start=\"1731\" data-end=\"1752\">1 persona: <strong data-start=\"1742\" data-end=\"1750\">75 \u20ac<\/strong><\/p>\n<\/li>\n<li data-start=\"1755\" data-end=\"1788\">\n<p data-start=\"1757\" data-end=\"1788\">2 personas: <strong data-start=\"1769\" data-end=\"1786\">65 \u20ac cada una<\/strong><\/p>\n<\/li>\n<\/ul>\n<\/li>\n<\/ul>\n<p>&nbsp;<\/p>\n<p><a href=\"https:\/\/hidesdeltietar.com\/en\/contacto\/\">Contact<\/a><\/p>\n\n\t\t<\/div>\n\t<\/div>\n<div class=\"vc_btn3-container vc_btn3-inline vc_do_btn\" ><a class=\"vc_general vc_btn3 vc_btn3-size-md vc_btn3-shape-rounded vc_btn3-style-modern vc_btn3-icon-left vc_btn3-color-primary\" href=\"https:\/\/t.me\/joinchat\/zO_RCG35JaY1YmM8\" title=\"\"><i class=\"vc_btn3-icon fab fa-telegram\"><\/i> For more information follow our group of TELEGRAM<\/a><\/div><div class=\"vc_btn3-container vc_btn3-inline vc_do_btn\" ><a class=\"vc_general vc_btn3 vc_btn3-size-md vc_btn3-shape-rounded vc_btn3-style-modern vc_btn3-icon-left vc_btn3-color-juicy-pink\" href=\"https:\/\/www.instagram.com\/hidesdeltietar\/?hl=es\" title=\"Siguenos en INTAGRAM\" target=\"_blank\"><i class=\"vc_btn3-icon fa fa-brands fa-instagram\"><\/i> Instagram<\/a><\/div><\/div><\/div><\/div><\/div><\/div><\/section><section class=\"wpb_row bg-fixed\"><div class=\"container\"><div class=\"rows\"><div class=\"wpb_column vc_column_container one columns2\" ><div class=\"ak_column-inner\"><div class=\"wpb_wrapper\">\n<div class=\"vc_grid-container-wrapper vc_clearfix vc_grid-animation-fadeIn\">\n\t<div class=\"vc_grid-container vc_clearfix wpb_content_element vc_media_grid\" data-initial-loading-animation=\"fadeIn\" data-vc-grid-settings=\"{&quot;page_id&quot;:1240,&quot;style&quot;:&quot;all&quot;,&quot;action&quot;:&quot;vc_get_vc_grid_data&quot;,&quot;shortcode_id&quot;:&quot;1759553007387-9615da55-811d-5&quot;,&quot;tag&quot;:&quot;vc_media_grid&quot;}\" data-vc-request=\"https:\/\/hidesdeltietar.com\/wp-admin\/admin-ajax.php\" data-vc-post-id=\"1240\" data-vc-public-nonce=\"dc025423f9\">\n\t\t\n\t<\/div>\n<\/div><\/div><\/div><\/div><\/div><\/div><\/section>","protected":false},"excerpt":{"rendered":"Hide Bebedero El Hide Bebedero es un escondite fotogr\u00e1fico dise\u00f1ado para disfrutar de la fotograf\u00eda de aves paseriformes en un entorno natural y cuidado. Contamos con dos hides en diferentes ubicaciones, lo que permite aprovechar la mejor luz, tanto por la ma\u00f1ana como por la tarde. En verano el bebedero atrae a numerosas especies que [...]","protected":false},"author":1,"featured_media":2496,"parent":0,"menu_order":0,"comment_status":"closed","ping_status":"closed","template":"page-templates\/template-fullwidth.php","meta":{"_crdt_document":"","footnotes":""},"class_list":["post-1240","page","type-page","status-publish","has-post-thumbnail","hentry"],"yoast_head":"<!-- This site is optimized with the Yoast SEO plugin v27.3 - https:\/\/yoast.com\/product\/yoast-seo-wordpress\/ -->\n<title>Hide Bebedero -hides fotograf\u00eda<\/title>\n<meta name=\"description\" content=\"Hides fotograf\u00eda aves\" \/>\n<meta name=\"robots\" content=\"index, follow, max-snippet:-1, max-image-preview:large, max-video-preview:-1\" \/>\n<link rel=\"canonical\" href=\"https:\/\/hidesdeltietar.com\/en\/hide-bebedero\/\" \/>\n<meta property=\"og:locale\" content=\"en_GB\" \/>\n<meta property=\"og:type\" content=\"article\" \/>\n<meta property=\"og:title\" content=\"Hide Bebedero -hides fotograf\u00eda\" \/>\n<meta property=\"og:description\" content=\"Hides fotograf\u00eda aves\" \/>\n<meta property=\"og:url\" content=\"https:\/\/hidesdeltietar.com\/en\/hide-bebedero\/\" \/>\n<meta property=\"og:site_name\" content=\"Hides del Ti\u00e9tar\" \/>\n<meta property=\"article:modified_time\" content=\"2025-10-04T04:44:13+00:00\" \/>\n<meta property=\"og:image\" content=\"https:\/\/hidesdeltietar.com\/wp-content\/uploads\/2023\/06\/FER0110-Mejorado-NR.jpg\" \/>\n\t<meta property=\"og:image:width\" content=\"1200\" \/>\n\t<meta property=\"og:image:height\" content=\"1797\" \/>\n\t<meta property=\"og:image:type\" content=\"image\/jpeg\" \/>\n<meta name=\"twitter:card\" content=\"summary_large_image\" \/>\n<meta name=\"twitter:label1\" content=\"Estimated reading time\" \/>\n\t<meta name=\"twitter:data1\" content=\"3 minutes\" \/>\n<script type=\"application\/ld+json\" class=\"yoast-schema-graph\">{\"@context\":\"https:\\\/\\\/schema.org\",\"@graph\":[{\"@type\":\"WebPage\",\"@id\":\"https:\\\/\\\/hidesdeltietar.com\\\/hide-bebedero\\\/\",\"url\":\"https:\\\/\\\/hidesdeltietar.com\\\/hide-bebedero\\\/\",\"name\":\"Hide Bebedero -hides fotograf\u00eda\",\"isPartOf\":{\"@id\":\"https:\\\/\\\/hidesdeltietar.com\\\/#website\"},\"primaryImageOfPage\":{\"@id\":\"https:\\\/\\\/hidesdeltietar.com\\\/hide-bebedero\\\/#primaryimage\"},\"image\":{\"@id\":\"https:\\\/\\\/hidesdeltietar.com\\\/hide-bebedero\\\/#primaryimage\"},\"thumbnailUrl\":\"https:\\\/\\\/hidesdeltietar.com\\\/wp-content\\\/uploads\\\/2023\\\/06\\\/FER0110-Mejorado-NR.jpg\",\"datePublished\":\"2020-07-30T21:56:11+00:00\",\"dateModified\":\"2025-10-04T04:44:13+00:00\",\"description\":\"Hides fotograf\u00eda aves\",\"breadcrumb\":{\"@id\":\"https:\\\/\\\/hidesdeltietar.com\\\/hide-bebedero\\\/#breadcrumb\"},\"inLanguage\":\"en-GB\",\"potentialAction\":[{\"@type\":\"ReadAction\",\"target\":[\"https:\\\/\\\/hidesdeltietar.com\\\/hide-bebedero\\\/\"]}]},{\"@type\":\"ImageObject\",\"inLanguage\":\"en-GB\",\"@id\":\"https:\\\/\\\/hidesdeltietar.com\\\/hide-bebedero\\\/#primaryimage\",\"url\":\"https:\\\/\\\/hidesdeltietar.com\\\/wp-content\\\/uploads\\\/2023\\\/06\\\/FER0110-Mejorado-NR.jpg\",\"contentUrl\":\"https:\\\/\\\/hidesdeltietar.com\\\/wp-content\\\/uploads\\\/2023\\\/06\\\/FER0110-Mejorado-NR.jpg\",\"width\":1200,\"height\":1797,\"caption\":\"Orop\u00e9ndola, Oriolus oriolus Hides del Ti\u00e9tar\"},{\"@type\":\"BreadcrumbList\",\"@id\":\"https:\\\/\\\/hidesdeltietar.com\\\/hide-bebedero\\\/#breadcrumb\",\"itemListElement\":[{\"@type\":\"ListItem\",\"position\":1,\"name\":\"Portada\",\"item\":\"https:\\\/\\\/hidesdeltietar.com\\\/\"},{\"@type\":\"ListItem\",\"position\":2,\"name\":\"Hide Bebedero\"}]},{\"@type\":\"WebSite\",\"@id\":\"https:\\\/\\\/hidesdeltietar.com\\\/#website\",\"url\":\"https:\\\/\\\/hidesdeltietar.com\\\/\",\"name\":\"Hides del Ti\u00e9tar\",\"description\":\"Hides fotograficos, fotografia de Fauna en Espa\u00f1a\",\"publisher\":{\"@id\":\"https:\\\/\\\/hidesdeltietar.com\\\/#\\\/schema\\\/person\\\/255bb2e69140f1ea0b5afd8ce546b35f\"},\"potentialAction\":[{\"@type\":\"SearchAction\",\"target\":{\"@type\":\"EntryPoint\",\"urlTemplate\":\"https:\\\/\\\/hidesdeltietar.com\\\/?s={search_term_string}\"},\"query-input\":{\"@type\":\"PropertyValueSpecification\",\"valueRequired\":true,\"valueName\":\"search_term_string\"}}],\"inLanguage\":\"en-GB\"},{\"@type\":[\"Person\",\"Organization\"],\"@id\":\"https:\\\/\\\/hidesdeltietar.com\\\/#\\\/schema\\\/person\\\/255bb2e69140f1ea0b5afd8ce546b35f\",\"name\":\"fsanchex\",\"image\":{\"@type\":\"ImageObject\",\"inLanguage\":\"en-GB\",\"@id\":\"https:\\\/\\\/hidesdeltietar.com\\\/wp-content\\\/uploads\\\/2017\\\/12\\\/Logo.png\",\"url\":\"https:\\\/\\\/hidesdeltietar.com\\\/wp-content\\\/uploads\\\/2017\\\/12\\\/Logo.png\",\"contentUrl\":\"https:\\\/\\\/hidesdeltietar.com\\\/wp-content\\\/uploads\\\/2017\\\/12\\\/Logo.png\",\"width\":3000,\"height\":2000,\"caption\":\"fsanchex\"},\"logo\":{\"@id\":\"https:\\\/\\\/hidesdeltietar.com\\\/wp-content\\\/uploads\\\/2017\\\/12\\\/Logo.png\"}}]}<\/script>\n<!-- \/ Yoast SEO plugin. -->","yoast_head_json":{"title":"Hide Bebedero -hides fotograf\u00eda","description":"Hides fotograf\u00eda aves","robots":{"index":"index","follow":"follow","max-snippet":"max-snippet:-1","max-image-preview":"max-image-preview:large","max-video-preview":"max-video-preview:-1"},"canonical":"https:\/\/hidesdeltietar.com\/en\/hide-bebedero\/","og_locale":"en_GB","og_type":"article","og_title":"Hide Bebedero -hides fotograf\u00eda","og_description":"Hides fotograf\u00eda aves","og_url":"https:\/\/hidesdeltietar.com\/en\/hide-bebedero\/","og_site_name":"Hides del Ti\u00e9tar","article_modified_time":"2025-10-04T04:44:13+00:00","og_image":[{"width":1200,"height":1797,"url":"https:\/\/hidesdeltietar.com\/wp-content\/uploads\/2023\/06\/FER0110-Mejorado-NR.jpg","type":"image\/jpeg"}],"twitter_card":"summary_large_image","twitter_misc":{"Estimated reading time":"3 minutes"},"schema":{"@context":"https:\/\/schema.org","@graph":[{"@type":"WebPage","@id":"https:\/\/hidesdeltietar.com\/hide-bebedero\/","url":"https:\/\/hidesdeltietar.com\/hide-bebedero\/","name":"Hide Bebedero -hides fotograf\u00eda","isPartOf":{"@id":"https:\/\/hidesdeltietar.com\/#website"},"primaryImageOfPage":{"@id":"https:\/\/hidesdeltietar.com\/hide-bebedero\/#primaryimage"},"image":{"@id":"https:\/\/hidesdeltietar.com\/hide-bebedero\/#primaryimage"},"thumbnailUrl":"https:\/\/hidesdeltietar.com\/wp-content\/uploads\/2023\/06\/FER0110-Mejorado-NR.jpg","datePublished":"2020-07-30T21:56:11+00:00","dateModified":"2025-10-04T04:44:13+00:00","description":"Hides fotograf\u00eda aves","breadcrumb":{"@id":"https:\/\/hidesdeltietar.com\/hide-bebedero\/#breadcrumb"},"inLanguage":"en-GB","potentialAction":[{"@type":"ReadAction","target":["https:\/\/hidesdeltietar.com\/hide-bebedero\/"]}]},{"@type":"ImageObject","inLanguage":"en-GB","@id":"https:\/\/hidesdeltietar.com\/hide-bebedero\/#primaryimage","url":"https:\/\/hidesdeltietar.com\/wp-content\/uploads\/2023\/06\/FER0110-Mejorado-NR.jpg","contentUrl":"https:\/\/hidesdeltietar.com\/wp-content\/uploads\/2023\/06\/FER0110-Mejorado-NR.jpg","width":1200,"height":1797,"caption":"Orop\u00e9ndola, Oriolus oriolus Hides del Ti\u00e9tar"},{"@type":"BreadcrumbList","@id":"https:\/\/hidesdeltietar.com\/hide-bebedero\/#breadcrumb","itemListElement":[{"@type":"ListItem","position":1,"name":"Portada","item":"https:\/\/hidesdeltietar.com\/"},{"@type":"ListItem","position":2,"name":"Hide Bebedero"}]},{"@type":"WebSite","@id":"https:\/\/hidesdeltietar.com\/#website","url":"https:\/\/hidesdeltietar.com\/","name":"Hides del Ti\u00e9tar","description":"Hides fotograficos, fotografia de Fauna en Espa\u00f1a","publisher":{"@id":"https:\/\/hidesdeltietar.com\/#\/schema\/person\/255bb2e69140f1ea0b5afd8ce546b35f"},"potentialAction":[{"@type":"SearchAction","target":{"@type":"EntryPoint","urlTemplate":"https:\/\/hidesdeltietar.com\/?s={search_term_string}"},"query-input":{"@type":"PropertyValueSpecification","valueRequired":true,"valueName":"search_term_string"}}],"inLanguage":"en-GB"},{"@type":["Person","Organization"],"@id":"https:\/\/hidesdeltietar.com\/#\/schema\/person\/255bb2e69140f1ea0b5afd8ce546b35f","name":"fsanchex","image":{"@type":"ImageObject","inLanguage":"en-GB","@id":"https:\/\/hidesdeltietar.com\/wp-content\/uploads\/2017\/12\/Logo.png","url":"https:\/\/hidesdeltietar.com\/wp-content\/uploads\/2017\/12\/Logo.png","contentUrl":"https:\/\/hidesdeltietar.com\/wp-content\/uploads\/2017\/12\/Logo.png","width":3000,"height":2000,"caption":"fsanchex"},"logo":{"@id":"https:\/\/hidesdeltietar.com\/wp-content\/uploads\/2017\/12\/Logo.png"}}]}},"_links":{"self":[{"href":"https:\/\/hidesdeltietar.com\/en\/wp-json\/wp\/v2\/pages\/1240","targetHints":{"allow":["GET"]}}],"collection":[{"href":"https:\/\/hidesdeltietar.com\/en\/wp-json\/wp\/v2\/pages"}],"about":[{"href":"https:\/\/hidesdeltietar.com\/en\/wp-json\/wp\/v2\/types\/page"}],"author":[{"embeddable":true,"href":"https:\/\/hidesdeltietar.com\/en\/wp-json\/wp\/v2\/users\/1"}],"replies":[{"embeddable":true,"href":"https:\/\/hidesdeltietar.com\/en\/wp-json\/wp\/v2\/comments?post=1240"}],"version-history":[{"count":17,"href":"https:\/\/hidesdeltietar.com\/en\/wp-json\/wp\/v2\/pages\/1240\/revisions"}],"predecessor-version":[{"id":2959,"href":"https:\/\/hidesdeltietar.com\/en\/wp-json\/wp\/v2\/pages\/1240\/revisions\/2959"}],"wp:featuredmedia":[{"embeddable":true,"href":"https:\/\/hidesdeltietar.com\/en\/wp-json\/wp\/v2\/media\/2496"}],"wp:attachment":[{"href":"https:\/\/hidesdeltietar.com\/en\/wp-json\/wp\/v2\/media?parent=1240"}],"curies":[{"name":"wp","href":"https:\/\/api.w.org\/{rel}","templated":true}]}}