{"id":1176,"date":"2020-06-23T11:47:53","date_gmt":"2020-06-23T11:47:53","guid":{"rendered":"https:\/\/hidesdeltietar.com\/?page_id=1176"},"modified":"2026-01-10T10:24:04","modified_gmt":"2026-01-10T10:24:04","slug":"hide-de-lechuza-comun","status":"publish","type":"page","link":"https:\/\/hidesdeltietar.com\/en\/hide-de-lechuza-comun\/","title":{"rendered":"Hide Barn owl"},"content":{"rendered":"<section class=\"wpb_row bg-fixed\"><div class=\"container\"><div class=\"rows\"><div class=\"wpb_column vc_column_container one columns2\" ><div class=\"ak_column-inner\"><div class=\"wpb_wrapper\"><div class=\"vc_empty_space\"   style=\"height: 100px\"><span class=\"vc_empty_space_inner\"><\/span><\/div>\n\t<div  class=\"wpb_single_image wpb_content_element vc_align_center wpb_content_element\">\n\t\t\n\t\t<figure class=\"wpb_wrapper vc_figure\">\n\t\t\t<div class=\"vc_single_image-wrapper   vc_box_border_grey\"><img decoding=\"async\" class=\"vc_single_image-img\" src=\"https:\/\/hidesdeltietar.com\/wp-content\/uploads\/2020\/10\/salto2-800x600.jpg\" width=\"800\" height=\"600\" alt=\"salto2\" title=\"salto2\" loading=\"lazy\" \/><\/div>\n\t\t<\/figure>\n\t<\/div>\n\n\t<div class=\"wpb_text_column wpb_content_element\" >\n\t\t<div class=\"wpb_wrapper\">\n\t\t\t<h1><\/h1>\n<h1><\/h1>\n<h1 data-start=\"120\" data-end=\"157\">Hide Lechuza Com\u00fan \u2013 Tyto Alba<\/h1>\n<p data-start=\"159\" data-end=\"478\">Descubre una experiencia \u00fanica en Espa\u00f1a: fotografiar a la <strong data-start=\"218\" data-end=\"235\">Lechuza Com\u00fan<\/strong> en su h\u00e1bitat natural con iluminaci\u00f3n profesional. Este <strong>hide<\/strong> <strong data-start=\"292\" data-end=\"360\">nocturno es posiblemente el \u00fanico de Lechuza de toda Espa\u00f1a<\/strong>, ofreciendo una oportunidad exclusiva para capturar im\u00e1genes impresionantes y naturales de esta especie majestuosa.<\/p>\n<p data-start=\"480\" data-end=\"761\">La sesi\u00f3n se realiza <strong data-start=\"501\" data-end=\"579\">desde una hora antes de la puesta de sol hasta que la lechuza haya entrado<\/strong>, con una <strong data-start=\"589\" data-end=\"623\">duraci\u00f3n aproximada de 2 horas<\/strong>. No es necesario pasar toda la noche; solo necesitas disfrutar de cada momento y cada fotograf\u00eda mientras la lechuza se acerca al hide.<\/p>\n<h3 data-start=\"763\" data-end=\"793\">Caracter\u00edsticas del hide<\/h3>\n<ul data-start=\"794\" data-end=\"1222\">\n<li data-start=\"794\" data-end=\"833\">\n<p data-start=\"796\" data-end=\"833\"><strong data-start=\"796\" data-end=\"809\">Capacidad<\/strong>: 1 persona por sesi\u00f3n<\/p>\n<\/li>\n<li data-start=\"834\" data-end=\"876\">\n<p data-start=\"836\" data-end=\"876\"><strong data-start=\"836\" data-end=\"862\">Objetivos recomendados<\/strong>: 400\u2013500 mm<\/p>\n<\/li>\n<li data-start=\"877\" data-end=\"995\">\n<p data-start=\"879\" data-end=\"995\"><strong data-start=\"879\" data-end=\"899\">Equipo necesario<\/strong>: c\u00e1mara y tr\u00edpode (todo el resto, iluminaci\u00f3n continua y flashes, lo proporcionamos nosotros)<\/p>\n<\/li>\n<li data-start=\"996\" data-end=\"1094\">\n<p data-start=\"998\" data-end=\"1094\"><strong data-start=\"998\" data-end=\"1025\">Iluminaci\u00f3n profesional<\/strong>: luz continua para enfocar y flashes para iluminar cada fotograf\u00eda<\/p>\n<\/li>\n<li data-start=\"1095\" data-end=\"1222\">\n<p data-start=\"1097\" data-end=\"1222\"><strong data-start=\"1097\" data-end=\"1112\">Condiciones<\/strong>: vestimenta de color oscuro, silencio absoluto, m\u00f3vil en silencio y fotograf\u00edas <strong data-start=\"1193\" data-end=\"1206\">una a una<\/strong>, no en r\u00e1faga<\/p>\n<\/li>\n<\/ul>\n<h3 data-start=\"1224\" data-end=\"1251\">Incluido en la sesi\u00f3n<\/h3>\n<ul data-start=\"1252\" data-end=\"1395\">\n<li data-start=\"1252\" data-end=\"1293\">\n<p data-start=\"1254\" data-end=\"1293\">Placement and configuration of the equipment<\/p>\n<\/li>\n<li data-start=\"1294\" data-end=\"1349\">\n<p data-start=\"1296\" data-end=\"1349\">Equipos de iluminaci\u00f3n: flashes, trigger, LED, etc.<\/p>\n<\/li>\n<li data-start=\"1350\" data-end=\"1369\">\n<p data-start=\"1352\" data-end=\"1369\">Traslado en 4\u00d74<\/p>\n<\/li>\n<li data-start=\"1370\" data-end=\"1395\">\n<p data-start=\"1372\" data-end=\"1395\">Technical advice<\/p>\n<\/li>\n<\/ul>\n<h3 data-start=\"1397\" data-end=\"1409\">Price<\/h3>\n<ul data-start=\"1410\" data-end=\"1455\">\n<li data-start=\"1410\" data-end=\"1455\">\n<p data-start=\"1412\" data-end=\"1455\"><strong data-start=\"1412\" data-end=\"1421\">140 \u20ac<\/strong> por persona (sesi\u00f3n individual)<\/p>\n<\/li>\n<\/ul>\n<p>La sesi\u00f3n se puede repetir de forma gratuita en un plazo de dos meses<strong> si la Lechuza no entra<\/strong>; pasado ese plazo, cualquier nueva sesi\u00f3n se cobrar\u00e1 al precio normal.<\/p>\n<p data-start=\"1457\" data-end=\"1742\">Vive la emoci\u00f3n de capturar a la lechuza en plena acci\u00f3n y disfruta de una experiencia exclusiva que combina naturaleza, fotograf\u00eda y magia nocturna. Esta sesi\u00f3n tambi\u00e9n puede combinarse con otros hides, como <strong data-start=\"1666\" data-end=\"1719\">Meloncillos, Mochuelo, Bebedero o Mart\u00edn pescador<\/strong>, seg\u00fan la temporada.<\/p>\n<p>&nbsp;<\/p>\n<p><a href=\"https:\/\/hidesdeltietar.com\/en\/contacto\/\">Reserva tu plaza, Contacta aqui\u00a0<\/a><\/p>\n\n\t\t<\/div>\n\t<\/div>\n<\/div><\/div><\/div><div class=\"wpb_column vc_column_container one columns2\" ><div class=\"ak_column-inner\"><div class=\"wpb_wrapper\">\n\t<div  class=\"wpb_single_image wpb_content_element vc_align_center wpb_content_element\">\n\t\t\n\t\t<figure class=\"wpb_wrapper vc_figure\">\n\t\t\t<div class=\"vc_single_image-wrapper   vc_box_border_grey\"><img decoding=\"async\" class=\"vc_single_image-img\" src=\"https:\/\/hidesdeltietar.com\/wp-content\/uploads\/2025\/11\/Z638552-800x600.jpg\" width=\"800\" height=\"600\" alt=\"lechuza com\u00fan con estela\" title=\"_lechuza con estela\" loading=\"lazy\" \/><\/div>\n\t\t<\/figure>\n\t<\/div>\n<\/div><\/div><\/div><\/div><\/div><\/section><section class=\"wpb_row bg-fixed\"><div class=\"container\"><div class=\"rows\"><div class=\"wpb_column vc_column_container one columns2\" ><div class=\"ak_column-inner\"><div class=\"wpb_wrapper\">\n\t<div class=\"wpb_text_column wpb_content_element\" >\n\t\t<div class=\"wpb_wrapper\">\n\t\t\t<h3 data-start=\"223\" data-end=\"274\">Fotograf\u00eda con estelas en el hide de lechuzas<\/h3>\n<p>&nbsp;<\/p>\n<p>&nbsp;<\/p>\n<p>&nbsp;<\/p>\n<p data-start=\"276\" data-end=\"593\">Adem\u00e1s de las sesiones habituales en las que realizamos fotograf\u00edas de lechuzas con flashes y luz continua \u2014lo que permite enfocar y congelar al sujeto con precisi\u00f3n\u2014, existe tambi\u00e9n la posibilidad de realizar una <strong data-start=\"490\" data-end=\"516\">fotograf\u00eda con estelas<\/strong>, una t\u00e9cnica avanzada que ofrece un resultado visual espectacular y \u00fanico.<\/p>\n<p data-start=\"595\" data-end=\"1002\">Este tipo de imagen <strong data-start=\"615\" data-end=\"665\">requiere una preparaci\u00f3n t\u00e9cnica muy cuidadosa<\/strong>. No se trata solo de colocar una barrera y esperar el momento: para conseguir una estela correctamente definida es necesario <strong data-start=\"791\" data-end=\"838\">utilizar una barrera con m\u00faltiples sensores<\/strong>, adem\u00e1s de combinar <strong data-start=\"859\" data-end=\"875\">luz continua<\/strong> (que genera la estela del movimiento) con <strong data-start=\"918\" data-end=\"943\">flashes sincronizados<\/strong> que congelan la lechuza en el punto exacto de la acci\u00f3n.<\/p>\n<p data-start=\"1004\" data-end=\"1403\">Por su complejidad, estas sesiones necesitan la presencia de <strong data-start=\"1065\" data-end=\"1115\">una persona con amplios conocimientos t\u00e9cnicos<\/strong> en este tipo de fotograf\u00eda. Es fundamental conocer c\u00f3mo ajustar la c\u00e1mara, sincronizar los flashes, configurar la barrera y entender las condiciones \u00f3ptimas para que todo funcione con precisi\u00f3n. Sin esa experiencia y coordinaci\u00f3n, la fotograf\u00eda con estela simplemente no ser\u00eda posible.<\/p>\n<p data-start=\"1405\" data-end=\"1576\">Dado el nivel t\u00e9cnico, el equipo especializado y la preparaci\u00f3n que requiere, este tipo de sesi\u00f3n <strong data-start=\"1503\" data-end=\"1531\">tiene un coste adicional<\/strong> respecto a las fotograf\u00edas convencionales.<\/p>\n<p data-start=\"1578\" data-end=\"1805\">Si est\u00e1s interesado en realizar una <strong data-start=\"1614\" data-end=\"1650\">fotograf\u00eda con estela de lechuza<\/strong> en el hide, <a href=\"https:\/\/hidesdeltietar.com\/en\/contacto\/\"><strong data-start=\"1663\" data-end=\"1683\">contacta conmigo<\/strong><\/a>. Te explicar\u00e9 todos los detalles del proceso, las condiciones necesarias y el presupuesto personalizado para tu sesi\u00f3n.<\/p>\n\n\t\t<\/div>\n\t<\/div>\n<\/div><\/div><\/div><\/div><\/div><\/section><section class=\"wpb_row bg-fixed\"><div class=\"container\"><div class=\"rows\"><div class=\"wpb_column vc_column_container one columns2\" ><div class=\"ak_column-inner\"><div class=\"wpb_wrapper\">\n<div class=\"vc_grid-container-wrapper vc_clearfix vc_grid-animation-fadeIn\">\n\t<div class=\"vc_grid-container vc_clearfix wpb_content_element vc_media_grid\" data-initial-loading-animation=\"fadeIn\" data-vc-grid-settings=\"{&quot;page_id&quot;:1176,&quot;style&quot;:&quot;all&quot;,&quot;action&quot;:&quot;vc_get_vc_grid_data&quot;,&quot;shortcode_id&quot;:&quot;1768040595362-3b6d5a5b-7670-10&quot;,&quot;tag&quot;:&quot;vc_media_grid&quot;}\" data-vc-request=\"https:\/\/hidesdeltietar.com\/wp-admin\/admin-ajax.php\" data-vc-post-id=\"1176\" data-vc-public-nonce=\"dc025423f9\">\n\t\t\n\t<\/div>\n<\/div>\n\t<div class=\"wpb_video_widget wpb_content_element vc_clearfix   vc_video-aspect-ratio-169 vc_video-el-width-100 vc_video-align-left\" >\n\t\t<div class=\"wpb_wrapper\">\n\t\t\t\n\t\t\t<div class=\"wpb_video_wrapper\"><iframe loading=\"lazy\" title=\"Owl , Hide owl\" width=\"500\" height=\"281\" src=\"https:\/\/www.youtube.com\/embed\/QbXFa7io6i8?feature=oembed\" frameborder=\"0\" allow=\"accelerometer; autoplay; clipboard-write; encrypted-media; gyroscope; picture-in-picture; web-share\" allowfullscreen><\/iframe><\/div>\n\t\t<\/div>\n\t<\/div>\n<div class=\"vc_btn3-container vc_btn3-inline vc_do_btn\" ><a class=\"vc_general vc_btn3 vc_btn3-size-md vc_btn3-shape-rounded vc_btn3-style-modern vc_btn3-icon-left vc_btn3-color-primary\" href=\"https:\/\/t.me\/joinchat\/zO_RCG35JaY1YmM8\" title=\"\"><i class=\"vc_btn3-icon fab fa-telegram\"><\/i> For more information follow our group of TELEGRAM<\/a><\/div><\/div><\/div><\/div><\/div><\/div><\/section>","protected":false},"excerpt":{"rendered":"Hide Lechuza Com\u00fan \u2013 Tyto Alba Descubre una experiencia \u00fanica en Espa\u00f1a: fotografiar a la Lechuza Com\u00fan en su h\u00e1bitat natural con iluminaci\u00f3n profesional. Este hide nocturno es posiblemente el \u00fanico de Lechuza de toda Espa\u00f1a, ofreciendo una oportunidad exclusiva para capturar im\u00e1genes impresionantes y naturales de esta especie majestuosa. La sesi\u00f3n se realiza desde [...]","protected":false},"author":1,"featured_media":0,"parent":0,"menu_order":0,"comment_status":"closed","ping_status":"closed","template":"page-templates\/template-canvas-page.php","meta":{"_crdt_document":"","footnotes":""},"class_list":["post-1176","page","type-page","status-publish","hentry"],"yoast_head":"<!-- This site is optimized with the Yoast SEO plugin v27.3 - https:\/\/yoast.com\/product\/yoast-seo-wordpress\/ -->\n<title>Hide de Lechuza com\u00fan -hides fotograf\u00eda<\/title>\n<meta name=\"description\" content=\"Hides fotograf\u00eda aves\" \/>\n<meta name=\"robots\" content=\"index, follow, max-snippet:-1, max-image-preview:large, max-video-preview:-1\" \/>\n<link rel=\"canonical\" href=\"https:\/\/hidesdeltietar.com\/en\/hide-de-lechuza-comun\/\" \/>\n<meta property=\"og:locale\" content=\"en_GB\" \/>\n<meta property=\"og:type\" content=\"article\" \/>\n<meta property=\"og:title\" content=\"Hide de Lechuza com\u00fan -hides fotograf\u00eda\" \/>\n<meta property=\"og:description\" content=\"Hides fotograf\u00eda aves\" \/>\n<meta property=\"og:url\" content=\"https:\/\/hidesdeltietar.com\/en\/hide-de-lechuza-comun\/\" \/>\n<meta property=\"og:site_name\" content=\"Hides del Ti\u00e9tar\" \/>\n<meta property=\"article:modified_time\" content=\"2026-01-10T10:24:04+00:00\" \/>\n<meta property=\"og:image\" content=\"https:\/\/hidesdeltietar.com\/wp-content\/uploads\/2017\/12\/FER5824-copia.jpg\" \/>\n\t<meta property=\"og:image:width\" content=\"800\" \/>\n\t<meta property=\"og:image:height\" content=\"534\" \/>\n\t<meta property=\"og:image:type\" content=\"image\/jpeg\" \/>\n<meta name=\"twitter:card\" content=\"summary_large_image\" \/>\n<meta name=\"twitter:label1\" content=\"Estimated reading time\" \/>\n\t<meta name=\"twitter:data1\" content=\"5 minutes\" \/>\n<script type=\"application\/ld+json\" class=\"yoast-schema-graph\">{\"@context\":\"https:\\\/\\\/schema.org\",\"@graph\":[{\"@type\":\"WebPage\",\"@id\":\"https:\\\/\\\/hidesdeltietar.com\\\/hide-de-lechuza-comun\\\/\",\"url\":\"https:\\\/\\\/hidesdeltietar.com\\\/hide-de-lechuza-comun\\\/\",\"name\":\"Hide de Lechuza com\u00fan -hides fotograf\u00eda\",\"isPartOf\":{\"@id\":\"https:\\\/\\\/hidesdeltietar.com\\\/#website\"},\"datePublished\":\"2020-06-23T11:47:53+00:00\",\"dateModified\":\"2026-01-10T10:24:04+00:00\",\"description\":\"Hides fotograf\u00eda aves\",\"breadcrumb\":{\"@id\":\"https:\\\/\\\/hidesdeltietar.com\\\/hide-de-lechuza-comun\\\/#breadcrumb\"},\"inLanguage\":\"en-GB\",\"potentialAction\":[{\"@type\":\"ReadAction\",\"target\":[\"https:\\\/\\\/hidesdeltietar.com\\\/hide-de-lechuza-comun\\\/\"]}]},{\"@type\":\"BreadcrumbList\",\"@id\":\"https:\\\/\\\/hidesdeltietar.com\\\/hide-de-lechuza-comun\\\/#breadcrumb\",\"itemListElement\":[{\"@type\":\"ListItem\",\"position\":1,\"name\":\"Portada\",\"item\":\"https:\\\/\\\/hidesdeltietar.com\\\/\"},{\"@type\":\"ListItem\",\"position\":2,\"name\":\"Hide de Lechuza com\u00fan\"}]},{\"@type\":\"WebSite\",\"@id\":\"https:\\\/\\\/hidesdeltietar.com\\\/#website\",\"url\":\"https:\\\/\\\/hidesdeltietar.com\\\/\",\"name\":\"Hides del Ti\u00e9tar\",\"description\":\"Hides fotograficos, fotografia de Fauna en Espa\u00f1a\",\"publisher\":{\"@id\":\"https:\\\/\\\/hidesdeltietar.com\\\/#\\\/schema\\\/person\\\/255bb2e69140f1ea0b5afd8ce546b35f\"},\"potentialAction\":[{\"@type\":\"SearchAction\",\"target\":{\"@type\":\"EntryPoint\",\"urlTemplate\":\"https:\\\/\\\/hidesdeltietar.com\\\/?s={search_term_string}\"},\"query-input\":{\"@type\":\"PropertyValueSpecification\",\"valueRequired\":true,\"valueName\":\"search_term_string\"}}],\"inLanguage\":\"en-GB\"},{\"@type\":[\"Person\",\"Organization\"],\"@id\":\"https:\\\/\\\/hidesdeltietar.com\\\/#\\\/schema\\\/person\\\/255bb2e69140f1ea0b5afd8ce546b35f\",\"name\":\"fsanchex\",\"image\":{\"@type\":\"ImageObject\",\"inLanguage\":\"en-GB\",\"@id\":\"https:\\\/\\\/hidesdeltietar.com\\\/wp-content\\\/uploads\\\/2017\\\/12\\\/Logo.png\",\"url\":\"https:\\\/\\\/hidesdeltietar.com\\\/wp-content\\\/uploads\\\/2017\\\/12\\\/Logo.png\",\"contentUrl\":\"https:\\\/\\\/hidesdeltietar.com\\\/wp-content\\\/uploads\\\/2017\\\/12\\\/Logo.png\",\"width\":3000,\"height\":2000,\"caption\":\"fsanchex\"},\"logo\":{\"@id\":\"https:\\\/\\\/hidesdeltietar.com\\\/wp-content\\\/uploads\\\/2017\\\/12\\\/Logo.png\"}}]}<\/script>\n<!-- \/ Yoast SEO plugin. -->","yoast_head_json":{"title":"Hide de Lechuza com\u00fan -hides fotograf\u00eda","description":"Hides fotograf\u00eda aves","robots":{"index":"index","follow":"follow","max-snippet":"max-snippet:-1","max-image-preview":"max-image-preview:large","max-video-preview":"max-video-preview:-1"},"canonical":"https:\/\/hidesdeltietar.com\/en\/hide-de-lechuza-comun\/","og_locale":"en_GB","og_type":"article","og_title":"Hide de Lechuza com\u00fan -hides fotograf\u00eda","og_description":"Hides fotograf\u00eda aves","og_url":"https:\/\/hidesdeltietar.com\/en\/hide-de-lechuza-comun\/","og_site_name":"Hides del Ti\u00e9tar","article_modified_time":"2026-01-10T10:24:04+00:00","og_image":[{"width":800,"height":534,"url":"https:\/\/hidesdeltietar.com\/wp-content\/uploads\/2017\/12\/FER5824-copia.jpg","type":"image\/jpeg"}],"twitter_card":"summary_large_image","twitter_misc":{"Estimated reading time":"5 minutes"},"schema":{"@context":"https:\/\/schema.org","@graph":[{"@type":"WebPage","@id":"https:\/\/hidesdeltietar.com\/hide-de-lechuza-comun\/","url":"https:\/\/hidesdeltietar.com\/hide-de-lechuza-comun\/","name":"Hide de Lechuza com\u00fan -hides fotograf\u00eda","isPartOf":{"@id":"https:\/\/hidesdeltietar.com\/#website"},"datePublished":"2020-06-23T11:47:53+00:00","dateModified":"2026-01-10T10:24:04+00:00","description":"Hides fotograf\u00eda aves","breadcrumb":{"@id":"https:\/\/hidesdeltietar.com\/hide-de-lechuza-comun\/#breadcrumb"},"inLanguage":"en-GB","potentialAction":[{"@type":"ReadAction","target":["https:\/\/hidesdeltietar.com\/hide-de-lechuza-comun\/"]}]},{"@type":"BreadcrumbList","@id":"https:\/\/hidesdeltietar.com\/hide-de-lechuza-comun\/#breadcrumb","itemListElement":[{"@type":"ListItem","position":1,"name":"Portada","item":"https:\/\/hidesdeltietar.com\/"},{"@type":"ListItem","position":2,"name":"Hide de Lechuza com\u00fan"}]},{"@type":"WebSite","@id":"https:\/\/hidesdeltietar.com\/#website","url":"https:\/\/hidesdeltietar.com\/","name":"Hides del Ti\u00e9tar","description":"Hides fotograficos, fotografia de Fauna en Espa\u00f1a","publisher":{"@id":"https:\/\/hidesdeltietar.com\/#\/schema\/person\/255bb2e69140f1ea0b5afd8ce546b35f"},"potentialAction":[{"@type":"SearchAction","target":{"@type":"EntryPoint","urlTemplate":"https:\/\/hidesdeltietar.com\/?s={search_term_string}"},"query-input":{"@type":"PropertyValueSpecification","valueRequired":true,"valueName":"search_term_string"}}],"inLanguage":"en-GB"},{"@type":["Person","Organization"],"@id":"https:\/\/hidesdeltietar.com\/#\/schema\/person\/255bb2e69140f1ea0b5afd8ce546b35f","name":"fsanchex","image":{"@type":"ImageObject","inLanguage":"en-GB","@id":"https:\/\/hidesdeltietar.com\/wp-content\/uploads\/2017\/12\/Logo.png","url":"https:\/\/hidesdeltietar.com\/wp-content\/uploads\/2017\/12\/Logo.png","contentUrl":"https:\/\/hidesdeltietar.com\/wp-content\/uploads\/2017\/12\/Logo.png","width":3000,"height":2000,"caption":"fsanchex"},"logo":{"@id":"https:\/\/hidesdeltietar.com\/wp-content\/uploads\/2017\/12\/Logo.png"}}]}},"_links":{"self":[{"href":"https:\/\/hidesdeltietar.com\/en\/wp-json\/wp\/v2\/pages\/1176","targetHints":{"allow":["GET"]}}],"collection":[{"href":"https:\/\/hidesdeltietar.com\/en\/wp-json\/wp\/v2\/pages"}],"about":[{"href":"https:\/\/hidesdeltietar.com\/en\/wp-json\/wp\/v2\/types\/page"}],"author":[{"embeddable":true,"href":"https:\/\/hidesdeltietar.com\/en\/wp-json\/wp\/v2\/users\/1"}],"replies":[{"embeddable":true,"href":"https:\/\/hidesdeltietar.com\/en\/wp-json\/wp\/v2\/comments?post=1176"}],"version-history":[{"count":57,"href":"https:\/\/hidesdeltietar.com\/en\/wp-json\/wp\/v2\/pages\/1176\/revisions"}],"predecessor-version":[{"id":3049,"href":"https:\/\/hidesdeltietar.com\/en\/wp-json\/wp\/v2\/pages\/1176\/revisions\/3049"}],"wp:attachment":[{"href":"https:\/\/hidesdeltietar.com\/en\/wp-json\/wp\/v2\/media?parent=1176"}],"curies":[{"name":"wp","href":"https:\/\/api.w.org\/{rel}","templated":true}]}}